{"id":18425,"date":"2025-07-25T10:48:05","date_gmt":"2025-07-25T10:48:05","guid":{"rendered":"https:\/\/boreait.com\/hr\/?post_type=product&#038;p=18425"},"modified":"2025-07-25T10:48:24","modified_gmt":"2025-07-25T10:48:24","slug":"originalni-intel-dual-core-i5-3320m2-6ghz-socket-g2-cpu-sr0mx-04w4137","status":"publish","type":"product","link":"https:\/\/boreait.com\/hr\/product\/originalni-intel-dual-core-i5-3320m2-6ghz-socket-g2-cpu-sr0mx-04w4137\/","title":{"rendered":"Originalni Intel Dual-Core i5-3320M@2.6GHz Socket G2 CPU &#8211; SR0MX 04W4137"},"content":{"rendered":"<p>Pobolj\u0161ajte procesorsku snagu svog ra\u010dunala s originalnim Intel Dual-Core i5-3320M SR0MX\u00a0 2,6 GHz Socket G2 CPU-om. Ovaj procesor visokih performansi dizajniran je za pru\u017eanje impresivne ra\u010dunalne snage i pobolj\u0161anih performansi za razli\u010dite primjene.<\/p>\n<p>Originalni Intel Dual-Core i5-3320M ima dvije jezgre, \u0161to omogu\u0107uje u\u010dinkovit multitasking i glatki rad vi\u0161e aplikacija istovremeno. Uz osnovnu frekvenciju od 2,6 GHz, pru\u017ea \u010dvrstu osnovu za svakodnevne zadatke i osigurava brz odziv.<\/p>\n<p>Opremljen tehnologijom Intel Turbo Boost, procesor mo\u017ee dinami\u010dki pove\u0107ati svoju frekvenciju do 3,3 GHz kada je potrebno vi\u0161e energije. To procesoru omogu\u0107uje iznimnu izvedbu za zahtjevne aplikacije kao \u0161to su multimedijsko ure\u0111ivanje, igranje i produktivni zadaci.<\/p>\n<p>Instaliranje originalnog Intel Dual-Core i5-3320M@2.6GHz Socket G2 CPU-a u va\u0161e ra\u010dunalo je jednostavan postupak. Jednostavno zamijenite svoj postoje\u0107i CPU ovim novim, osiguravaju\u0107i ispravno povezivanje i poravnanje. To je isplativo rje\u0161enje koje vam omogu\u0107uje nadogradnju procesorske snage va\u0161eg ra\u010dunala bez potrebe za potpunom zamjenom sustava.<\/p>\n<p>Nadogradite performanse svog ra\u010dunala danas s Genuine Intel Dual-Core i5-3320M@2.6GHz Socket G2 CPU. Do\u017eivite pobolj\u0161anu ra\u010dunalnu snagu, nesmetan multitasking i pobolj\u0161ane performanse za razli\u010dite aplikacije. Kupujte s nama sada i u\u017eivajte u prednostima pouzdanog CPU-a visokih performansi.<\/p>\n","protected":false},"excerpt":{"rendered":"<p>Nadogradite procesorsku snagu svog ra\u010dunala s Genuine Intel Dual-Core i5-3320M@2.6GHz Socket G2 CPU. Ovaj procesor visokih performansi ima dvije jezgre i radi na osnovnoj frekvenciji od 2,6 GHz. Sa svojom Turbo Boost tehnologijom mo\u017ee dose\u0107i maksimalnu frekvenciju do 3,3 GHz, pru\u017eaju\u0107i nesmetan multitasking i pobolj\u0161ane performanse za razli\u010dite aplikacije. Nadogradite svoj CPU i do\u017eivite pobolj\u0161anu ra\u010dunalnu snagu. Kupujte sada i pobolj\u0161ajte performanse svog ra\u010dunala.<\/p>\n","protected":false},"featured_media":18455,"template":"","meta":[],"product_brand":[],"product_cat":[74],"product_tag":[],"class_list":{"0":"post-18425","1":"product","2":"type-product","3":"status-publish","4":"has-post-thumbnail","6":"product_cat-processors-cpu","8":"first","9":"instock","10":"taxable","11":"shipping-taxable","12":"purchasable","13":"product-type-simple"},"_links":{"self":[{"href":"https:\/\/boreait.com\/hr\/wp-json\/wp\/v2\/product\/18425","targetHints":{"allow":["GET"]}}],"collection":[{"href":"https:\/\/boreait.com\/hr\/wp-json\/wp\/v2\/product"}],"about":[{"href":"https:\/\/boreait.com\/hr\/wp-json\/wp\/v2\/types\/product"}],"wp:featuredmedia":[{"embeddable":true,"href":"https:\/\/boreait.com\/hr\/wp-json\/wp\/v2\/media\/18455"}],"wp:attachment":[{"href":"https:\/\/boreait.com\/hr\/wp-json\/wp\/v2\/media?parent=18425"}],"wp:term":[{"taxonomy":"product_brand","embeddable":true,"href":"https:\/\/boreait.com\/hr\/wp-json\/wp\/v2\/product_brand?post=18425"},{"taxonomy":"product_cat","embeddable":true,"href":"https:\/\/boreait.com\/hr\/wp-json\/wp\/v2\/product_cat?post=18425"},{"taxonomy":"product_tag","embeddable":true,"href":"https:\/\/boreait.com\/hr\/wp-json\/wp\/v2\/product_tag?post=18425"}],"curies":[{"name":"wp","href":"https:\/\/api.w.org\/{rel}","templated":true}]}}