{"id":18412,"date":"2025-07-25T10:47:43","date_gmt":"2025-07-25T10:47:43","guid":{"rendered":"https:\/\/boreait.com\/hr\/?post_type=product&#038;p=18412"},"modified":"2026-01-07T08:17:47","modified_gmt":"2026-01-07T08:17:47","slug":"hp-zbook-15-usb-ploca-s-kabelom-ls-9243p","status":"publish","type":"product","link":"https:\/\/boreait.com\/hr\/product\/hp-zbook-15-usb-ploca-s-kabelom-ls-9243p\/","title":{"rendered":"HP ZBook 15 USB plo\u010da s kabelom LS-9243P"},"content":{"rendered":"<p>Vratite funkcionalnost USB priklju\u010daka na prijenosnom ra\u010dunalu HP ZBook 15 s LS-9243P USB plo\u010dom. Ova originalna USB plo\u010da dizajnirana je da zamijeni originalnu plo\u010du i osigura pouzdanu povezanost za USB priklju\u010dke va\u0161eg prijenosnog ra\u010dunala.<\/p>\n<p>S vremenom se USB plo\u010de mogu istro\u0161iti ili o\u0161tetiti, \u0161to rezultira nepouzdanim ili nefunkcionalnim USB priklju\u010dcima. Zamjenom USB plo\u010de s LS-9243P USB plo\u010dom, mo\u017eete vratiti pogodnost USB povezivanja na va\u0161em HP ZBook 15.<\/p>\n<p>USB plo\u010da LS-9243P dolazi izravno iz HP-a, osiguravaju\u0107i kompatibilnost, pouzdanost i optimalne performanse za va\u0161e ZBook 15 prijenosno ra\u010dunalo. Dolazi s kabelom za jednostavno postavljanje i spajanje.<\/p>\n<p>Instalacija LS-9243P USB plo\u010de je jednostavan postupak. Jednostavno uklonite staru USB plo\u010du i kabel i zamijenite ih novima, osiguravaju\u0107i pravilno poravnanje i sigurno pri\u010dvr\u0161\u0107ivanje. To je isplativo rje\u0161enje koje vam omogu\u0107uje vra\u0107anje funkcionalnosti USB priklju\u010daka prijenosnog ra\u010dunala bez potrebe za potpunom zamjenom sustava.<\/p>\n<p>Povratite prakti\u010dnost USB povezivanja na HP ZBook 15 s LS-9243P USB plo\u010dom. U\u017eivajte u besprijekornom prijenosu podataka i pouzdanim perifernim vezama. Kupujte s nama sada i iskusite prednosti originalnih HP-ovih zamjenskih dijelova.<\/p>\n","protected":false},"excerpt":{"rendered":"<p>Zamijenite USB plo\u010du s kabelom u svom prijenosnom ra\u010dunalu HP ZBook 15 s LS-9243P USB plo\u010dom. Ova originalna USB plo\u010da osigurava pouzdanu povezanost i funkcionalnost za USB priklju\u010dke va\u0161eg prijenosnog ra\u010dunala. Vratite prakti\u010dnost USB povezivanja na HP ZBook 15. Kupujte sada i u\u017eivajte u besprijekornom prijenosu podataka i perifernim vezama.<\/p>\n","protected":false},"featured_media":18454,"template":"","meta":[],"product_brand":[],"product_cat":[62],"product_tag":[60],"class_list":{"0":"post-18412","1":"product","2":"type-product","3":"status-publish","4":"has-post-thumbnail","6":"product_cat-motherboards-board-parts","7":"product_tag-hp","9":"first","10":"instock","11":"taxable","12":"shipping-taxable","13":"purchasable","14":"product-type-simple"},"_links":{"self":[{"href":"https:\/\/boreait.com\/hr\/wp-json\/wp\/v2\/product\/18412","targetHints":{"allow":["GET"]}}],"collection":[{"href":"https:\/\/boreait.com\/hr\/wp-json\/wp\/v2\/product"}],"about":[{"href":"https:\/\/boreait.com\/hr\/wp-json\/wp\/v2\/types\/product"}],"wp:featuredmedia":[{"embeddable":true,"href":"https:\/\/boreait.com\/hr\/wp-json\/wp\/v2\/media\/18454"}],"wp:attachment":[{"href":"https:\/\/boreait.com\/hr\/wp-json\/wp\/v2\/media?parent=18412"}],"wp:term":[{"taxonomy":"product_brand","embeddable":true,"href":"https:\/\/boreait.com\/hr\/wp-json\/wp\/v2\/product_brand?post=18412"},{"taxonomy":"product_cat","embeddable":true,"href":"https:\/\/boreait.com\/hr\/wp-json\/wp\/v2\/product_cat?post=18412"},{"taxonomy":"product_tag","embeddable":true,"href":"https:\/\/boreait.com\/hr\/wp-json\/wp\/v2\/product_tag?post=18412"}],"curies":[{"name":"wp","href":"https:\/\/api.w.org\/{rel}","templated":true}]}}