{"id":18371,"date":"2025-07-25T10:47:18","date_gmt":"2025-07-25T10:47:18","guid":{"rendered":"https:\/\/boreait.com\/hr\/?post_type=product&#038;p=18371"},"modified":"2026-01-07T08:43:26","modified_gmt":"2026-01-07T08:43:26","slug":"zvucnik-za-prijenosno-racunalo-za-dell-m4800-0hp1gv-0fpjvn-pk23000lx00-ugradeni-zvucnik","status":"publish","type":"product","link":"https:\/\/boreait.com\/hr\/product\/zvucnik-za-prijenosno-racunalo-za-dell-m4800-0hp1gv-0fpjvn-pk23000lx00-ugradeni-zvucnik\/","title":{"rendered":"Zvu\u010dnik za prijenosno ra\u010dunalo za Dell M4800 0HP1GV 0FPJVN PK23000LX00 Ugra\u0111eni zvu\u010dnik"},"content":{"rendered":"<p>Izvucite maksimum iz svog multimedijskog sadr\u017eaja sa zvu\u010dnikom za prijenosno ra\u010dunalo za Dell M4800 0HP1GV 0FPJVN PK23000LX00 ugra\u0111eni zvu\u010dnik. Napravljeni po mjeri za prijenosna ra\u010dunala Dell M4800, ovi zvu\u010dnici nude izvrsnu kvalitetu zvuka i impresivno audio iskustvo.<\/p>\n<p>Bilo da strujite glazbu, gledate videozapise ili ste u konferencijskom pozivu, ovi zvu\u010dnici obe\u0107avaju jasan i o\u0161tar zvuk. Dizajnirani su s najve\u0107om precizno\u0161\u0107u kako bi se osigurala kompatibilnost s prijenosnim ra\u010dunalom Dell M4800, \u010dime se omogu\u0107uje besprijekorna integracija u va\u0161 ure\u0111aj bez napora.<\/p>\n<p>Zvu\u010dnici imaju brojeve dijelova 0HP1GV i 0FPJVN, \u0161to jam\u010di da odgovaraju va\u0161em ure\u0111aju. Izgra\u0111eni su s visokokvalitetnim zvu\u010dnim pogonom, PK23000LX00, koji osigurava iznimnu jasno\u0107u zvuka i duboko, bogato audio iskustvo. S uravnote\u017eenom kombinacijom basa i visokih tonova, cilj ovih zvu\u010dnika je pru\u017eiti sveobuhvatno audio iskustvo.<\/p>\n<p>Proizvedeni od vrhunskih komponenti, ovi su zvu\u010dnici dizajnirani da budu izdr\u017eljivi i dugotrajni. Oni tako\u0111er nude jednostavan postupak instalacije, \u0161to zna\u010di da mo\u017eete jednostavno zamijeniti svoje postoje\u0107e zvu\u010dnike bez potrebe za stru\u010dnom pomo\u0107i.<\/p>\n<p>Zvu\u010dnik za prijenosno ra\u010dunalo za Dell M4800 0HP1GV 0FPJVN PK23000LX00 ugra\u0111eni zvu\u010dnik o\u017eivljava zvuk va\u0161eg prijenosnog ra\u010dunala, pobolj\u0161avaju\u0107i va\u0161e cjelokupno multimedijsko iskustvo. Sada mo\u017eete u\u017eivati u svojoj omiljenoj glazbi, filmovima i igrama uz kvalitetu zvuka koja je jasna, o\u0161tra i impresivna.<\/p>\n<p>Prije kupnje savjetujemo da provjerite model prijenosnog ra\u010dunala i katalo\u0161ki broj zvu\u010dnika kako biste osigurali kompatibilnost. Na\u0161a korisni\u010dka podr\u0161ka vam je spremna pomo\u0107i sa svim upitima ili poja\u0161njenjima. Svi na\u0161i dijelovi za prijenosna ra\u010dunala isporu\u010duju se odmah diljem Europe, pru\u017eaju\u0107i vam najkvalitetnije dijelove za prijenosna ra\u010dunala na va\u0161em pragu kada ih trebate.<\/p>\n<p>Unaprijedite audio igru svog prijenosnog ra\u010dunala sa zvu\u010dnikom za prijenosno ra\u010dunalo za ugra\u0111eni zvu\u010dnik Dell M4800 0HP1GV 0FPJVN PK23000LX00 &#8211; gdje kvaliteta susre\u0107e performanse.<\/p>\n","protected":false},"excerpt":{"rendered":"<p>Do\u017eivite jasan i impresivan zvuk sa zvu\u010dnikom za prijenosno ra\u010dunalo za Dell M4800 0HP1GV 0FPJVN PK23000LX00. Ovi ugra\u0111eni zvu\u010dnici dizajnirani su posebno za prijenosna ra\u010dunala Dell M4800 kako bi pru\u017eili vrhunsku kvalitetu zvuka.<\/p>\n","protected":false},"featured_media":18436,"template":"","meta":[],"product_brand":[],"product_cat":[53],"product_tag":[52,60],"class_list":{"0":"post-18371","1":"product","2":"type-product","3":"status-publish","4":"has-post-thumbnail","6":"product_cat-laptop-speakers","7":"product_tag-dell","8":"product_tag-hp","10":"first","11":"instock","12":"taxable","13":"shipping-taxable","14":"purchasable","15":"product-type-simple"},"_links":{"self":[{"href":"https:\/\/boreait.com\/hr\/wp-json\/wp\/v2\/product\/18371","targetHints":{"allow":["GET"]}}],"collection":[{"href":"https:\/\/boreait.com\/hr\/wp-json\/wp\/v2\/product"}],"about":[{"href":"https:\/\/boreait.com\/hr\/wp-json\/wp\/v2\/types\/product"}],"wp:featuredmedia":[{"embeddable":true,"href":"https:\/\/boreait.com\/hr\/wp-json\/wp\/v2\/media\/18436"}],"wp:attachment":[{"href":"https:\/\/boreait.com\/hr\/wp-json\/wp\/v2\/media?parent=18371"}],"wp:term":[{"taxonomy":"product_brand","embeddable":true,"href":"https:\/\/boreait.com\/hr\/wp-json\/wp\/v2\/product_brand?post=18371"},{"taxonomy":"product_cat","embeddable":true,"href":"https:\/\/boreait.com\/hr\/wp-json\/wp\/v2\/product_cat?post=18371"},{"taxonomy":"product_tag","embeddable":true,"href":"https:\/\/boreait.com\/hr\/wp-json\/wp\/v2\/product_tag?post=18371"}],"curies":[{"name":"wp","href":"https:\/\/api.w.org\/{rel}","templated":true}]}}