{"id":18358,"date":"2025-07-25T10:47:17","date_gmt":"2025-07-25T10:47:17","guid":{"rendered":"https:\/\/boreait.com\/hr\/?post_type=product&#038;p=18358"},"modified":"2025-07-25T10:47:35","modified_gmt":"2025-07-25T10:47:35","slug":"originalni-hp-elitebook-840-850-740-750-745-755-g1-g2-tvrdi-disk-hdd-ssd-caddy-vijci-ukljuceni","status":"publish","type":"product","link":"https:\/\/boreait.com\/hr\/product\/originalni-hp-elitebook-840-850-740-750-745-755-g1-g2-tvrdi-disk-hdd-ssd-caddy-vijci-ukljuceni\/","title":{"rendered":"Originalni HP EliteBook 840 850 740 750 745 755 G1 G2 tvrdi disk HDD SSD Caddy &#8211; vijci uklju\u010deni"},"content":{"rendered":"<p><strong>Isto kao na fotografiji! Vijci uklju\u010deni.<\/strong><\/p>\n<p>Uvedite svoje HP EliteBook prijenosno ra\u010dunalo u svijet pobolj\u0161anog kapaciteta za pohranu s novim originalnim HP EliteBook HDD\/SSD 2.5&#8243; dr\u017ea\u010dem za diskove. Ovaj nosa\u010d tvrdog diska posebno je dizajniran za modele HP EliteBook 840, 850, 740, 750, 745 i 755 G1 i G2, osiguravaju\u0107i savr\u0161eno pristajanje i besprijekoran rad.<\/p>\n<p>Nosa\u010d za disk je dizajniran za smje\u0161taj 2,5&#8243; tvrdih diskova (HDD) ili solid-state pogona (SSD). Bilo da ste profesionalac koji se bavi aplikacijama s velikim brojem podataka, student koji upravlja hrpom akademskih datoteka ili entuzijast u igricama koji treba vi\u0161e prostora za igrice, ovaj nosa\u010d za diske nudi fleksibilno rje\u0161enje za pove\u0107anje prostora za pohranu va\u0161eg prijenosnog ra\u010dunala.<\/p>\n<p>HP EliteBook HDD\/SSD nosa\u010d pouzdano je rje\u0161enje za nadogradnju za one s rastu\u0107im potrebama za pohranom. Nudi pogodnost dodatnog pogona za pohranu, omogu\u0107uju\u0107i vam da pove\u0107ate kapacitet pohrane va\u0161eg sustava bez potrebe za vanjskim pogonima koji \u010desto mogu biti glomazni i nezgodni.<\/p>\n<p>Proizveden od vrhunskih materijala, ovaj nosa\u010d je \u010dvrst i osigurava sigurno \u010duvanje va\u0161eg HDD-a ili SSD-a. \u010cvrsto osigurava va\u0161 disk, smanjuju\u0107i rizik od o\u0161te\u0107enja uslijed udara ili vibracija i osiguravaju\u0107i dugovje\u010dnost va\u0161ih podataka.<\/p>\n<p>Nosa\u010d je jednostavan za instalaciju, \u0161to vam omogu\u0107uje brzu zamjenu opti\u010dkog pogona prijenosnog ra\u010dunala s dodatnim pogonom za pohranu. Nisu potrebni specijalizirani alati niti stru\u010dna pomo\u0107 \u2013 mo\u017eete ga postaviti u roku od nekoliko minuta pomo\u0107u standardnog odvija\u010da.<\/p>\n<p>Novi originalni HP EliteBook HDD\/SSD 2.5&#8243; Disk Caddy ne radi se samo o pove\u0107anju pohrane va\u0161eg prijenosnog ra\u010dunala; radi se o pobolj\u0161anju sposobnosti va\u0161eg prijenosnog ra\u010dunala za rje\u0161avanje ve\u0107ih, zahtjevnijih zadataka bez kompromisa.<\/p>\n<p>Isporu\u010den diljem Europe, ovaj je proizvod lako dostupan kupcima koji \u017eele pove\u0107ati mogu\u0107nosti pohrane na svom HP EliteBooku. Nabavite svoj novi originalni HP EliteBook HDD\/SSD 2.5&#8243; Disk Caddy ve\u0107 danas i u\u017eivajte u prostranijem i u\u010dinkovitijem iskustvu ra\u010dunala.<\/p>\n","protected":false},"excerpt":{"rendered":"<p>Oslobodite kapacitet za pohranu va\u0161eg prijenosnog ra\u010dunala s novim originalnim HP EliteBook HDD\/SSD 2.5&#8243; Disk Caddy, dizajniranim posebno za HP EliteBook 840, 850, 740, 750, 745 i 755 G1 i G2 modele.<\/p>\n","protected":false},"featured_media":18391,"template":"","meta":[],"product_brand":[],"product_cat":[51],"product_tag":[60],"class_list":{"0":"post-18358","1":"product","2":"type-product","3":"status-publish","4":"has-post-thumbnail","6":"product_cat-laptop-housing","7":"product_tag-hp","9":"first","10":"instock","11":"taxable","12":"shipping-taxable","13":"purchasable","14":"product-type-simple"},"_links":{"self":[{"href":"https:\/\/boreait.com\/hr\/wp-json\/wp\/v2\/product\/18358","targetHints":{"allow":["GET"]}}],"collection":[{"href":"https:\/\/boreait.com\/hr\/wp-json\/wp\/v2\/product"}],"about":[{"href":"https:\/\/boreait.com\/hr\/wp-json\/wp\/v2\/types\/product"}],"wp:featuredmedia":[{"embeddable":true,"href":"https:\/\/boreait.com\/hr\/wp-json\/wp\/v2\/media\/18391"}],"wp:attachment":[{"href":"https:\/\/boreait.com\/hr\/wp-json\/wp\/v2\/media?parent=18358"}],"wp:term":[{"taxonomy":"product_brand","embeddable":true,"href":"https:\/\/boreait.com\/hr\/wp-json\/wp\/v2\/product_brand?post=18358"},{"taxonomy":"product_cat","embeddable":true,"href":"https:\/\/boreait.com\/hr\/wp-json\/wp\/v2\/product_cat?post=18358"},{"taxonomy":"product_tag","embeddable":true,"href":"https:\/\/boreait.com\/hr\/wp-json\/wp\/v2\/product_tag?post=18358"}],"curies":[{"name":"wp","href":"https:\/\/api.w.org\/{rel}","templated":true}]}}