{"id":18355,"date":"2025-07-25T10:47:17","date_gmt":"2025-07-25T10:47:17","guid":{"rendered":"https:\/\/boreait.com\/hr\/?post_type=product&#038;p=18355"},"modified":"2025-07-25T10:47:32","modified_gmt":"2025-07-25T10:47:32","slug":"intel-core-i5-3470-procesor-6m-predmemorije-do-360-ghz-sr0t8","status":"publish","type":"product","link":"https:\/\/boreait.com\/hr\/product\/intel-core-i5-3470-procesor-6m-predmemorije-do-360-ghz-sr0t8\/","title":{"rendered":"Intel\u00ae Core\u2122 i5-3470 procesor 6M predmemorije, do 3,60 GHz SR0T8"},"content":{"rendered":"<p>Uz predmemoriju od 6 MB, Intel\u00ae Core\u2122 i5-3470 SR0T8 procesor nudi munjevito brz pristup podacima, omogu\u0107uju\u0107i vam dohva\u0107anje i obradu informacija nevjerojatnom brzinom. Bez obzira obavljate li vi\u0161e zadataka izme\u0111u vi\u0161e aplikacija ili pokre\u0107ete programe koji zahtijevaju velike resurse, ovaj procesor osigurava glatki rad bez ugro\u017eavanja performansi.<\/p>\n<p>S osnovnim radnim taktom do 3,20 GHz, Intel\u00ae Core\u2122 i5-3470 procesor pru\u017ea brze i brze performanse, bez napora rje\u0161avaju\u0107i va\u0161e svakodnevne ra\u010dunalne zadatke. Trebate dodatni poticaj? Zahvaljuju\u0107i tehnologiji Intel\u00ae Turbo Boost, procesor mo\u017ee dinami\u010dki pove\u0107ati takt do 3,60 GHz, pru\u017eaju\u0107i iznimne performanse kada vam je najpotrebnije.<\/p>\n<p>Izgra\u0111en na Intelovoj naprednoj arhitekturi, ovaj procesor nudi pobolj\u0161anu energetsku u\u010dinkovitost, osiguravaju\u0107i optimalne performanse uz smanjenje potro\u0161nje energije. To zna\u010di da mo\u017eete u\u017eivati u prednostima brzog ra\u010dunalstva bez brige o pretjeranoj potro\u0161nji energije ili stvaranju topline.<\/p>\n<p>Procesor Intel\u00ae Core\u2122 i5-3470 vrlo je svestran i kompatibilan sa \u0161irokim rasponom ure\u0111aja i sustava. Bilo da gradite stolno ra\u010dunalo ili nadogra\u0111ujete svoje postoje\u0107e postavke, ovaj procesor pru\u017ea fleksibilnost koja vam je potrebna. Podr\u017eava razli\u010dite vrste uti\u010dnica i kompatibilan je s operativnim sustavima Windows i macOS, osiguravaju\u0107i besprijekornu integraciju u va\u0161e \u017eeljeno okru\u017eenje.<\/p>\n<p>Bez obzira jeste li profesionalac koji tra\u017ei pouzdane performanse za zahtjevne zadatke ili povremeni korisnik koji \u017eeli pobolj\u0161ati svoje ra\u010dunalno iskustvo, procesor Intel\u00ae Core\u2122 i5-3470 izvrstan je izbor. Do\u017eivite iznimnu brzinu, u\u010dinkovitost i odziv s ovim izvanrednim procesorom i podignite svoje ra\u010dunalne mogu\u0107nosti na vi\u0161u razinu.<\/p>\n","protected":false},"excerpt":{"rendered":"<p>Predstavljamo procesor Intel\u00ae Core\u2122 i5-3470, mo\u0107no ra\u010dunalno rje\u0161enje dizajnirano da podigne va\u0161u izvedbu i produktivnost na nove visine. Sa svojim impresivnim zna\u010dajkama i vrhunskom tehnologijom, ovaj procesor pru\u017ea besprijekorno i u\u010dinkovito ra\u010dunalno iskustvo.<\/p>\n","protected":false},"featured_media":18388,"template":"","meta":[],"product_brand":[],"product_cat":[74],"product_tag":[],"class_list":{"0":"post-18355","1":"product","2":"type-product","3":"status-publish","4":"has-post-thumbnail","6":"product_cat-processors-cpu","8":"first","9":"instock","10":"taxable","11":"shipping-taxable","12":"purchasable","13":"product-type-simple"},"_links":{"self":[{"href":"https:\/\/boreait.com\/hr\/wp-json\/wp\/v2\/product\/18355","targetHints":{"allow":["GET"]}}],"collection":[{"href":"https:\/\/boreait.com\/hr\/wp-json\/wp\/v2\/product"}],"about":[{"href":"https:\/\/boreait.com\/hr\/wp-json\/wp\/v2\/types\/product"}],"wp:featuredmedia":[{"embeddable":true,"href":"https:\/\/boreait.com\/hr\/wp-json\/wp\/v2\/media\/18388"}],"wp:attachment":[{"href":"https:\/\/boreait.com\/hr\/wp-json\/wp\/v2\/media?parent=18355"}],"wp:term":[{"taxonomy":"product_brand","embeddable":true,"href":"https:\/\/boreait.com\/hr\/wp-json\/wp\/v2\/product_brand?post=18355"},{"taxonomy":"product_cat","embeddable":true,"href":"https:\/\/boreait.com\/hr\/wp-json\/wp\/v2\/product_cat?post=18355"},{"taxonomy":"product_tag","embeddable":true,"href":"https:\/\/boreait.com\/hr\/wp-json\/wp\/v2\/product_tag?post=18355"}],"curies":[{"name":"wp","href":"https:\/\/api.w.org\/{rel}","templated":true}]}}