{"id":18354,"date":"2025-07-25T10:47:17","date_gmt":"2025-07-25T10:47:17","guid":{"rendered":"https:\/\/boreait.com\/hr\/?post_type=product&#038;p=18354"},"modified":"2026-01-14T07:34:00","modified_gmt":"2026-01-14T07:34:00","slug":"intel-core-i5-4460-sr1qk","status":"publish","type":"product","link":"https:\/\/boreait.com\/hr\/product\/intel-core-i5-4460-sr1qk\/","title":{"rendered":"Intel\u00ae Core\u2122 i5-4460 SR1QK"},"content":{"rendered":"<p>Opremljen zna\u010dajnim predmemorijskim kapacitetom od 6 MB, Core\u2122 i5-4460 SR1QK procesor osigurava munjevitu brzinu odziva i besprijekorne mogu\u0107nosti multitaskinga. Bez obzira na to koliko su va\u0161i zadaci zahtjevni, ovaj procesor ih mo\u017ee obaviti s lako\u0107om, pru\u017eaju\u0107i glatke i u\u010dinkovite performanse.<\/p>\n<p>Uz radni takt koji mo\u017ee dosegnuti do 3,40 GHz, procesor Core\u2122 i5-4460 nudi nevjerojatnu procesorsku snagu. Bilo da pokre\u0107ete aplikacije koje zahtijevaju velike resurse, ure\u0111ujete multimediju visoke razlu\u010divosti ili igrate najnovije igre, ovaj procesor pru\u017ea iznimnu brzinu i odziv, osiguravaju\u0107i besprijekorno iskustvo rada s ra\u010dunalom.<\/p>\n<p>Procesor Intel\u00ae Core\u2122 i5-4460 tako\u0111er se mo\u017ee pohvaliti naprednom tehnologijom Intel\u00ae Turbo Boost, koja dinami\u010dki pove\u0107ava brzinu takta kako bi odgovarala va\u0161em radnom optere\u0107enju. To zna\u010di da kada trebate dodatnu snagu, procesor automatski prilago\u0111ava svoju frekvenciju, pru\u017eaju\u0107i zna\u010dajno pove\u0107anje performansi bez ikakve ru\u010dne intervencije.<\/p>\n<p>Izgra\u0111en na Intelovoj vode\u0107oj arhitekturi, ovaj procesor pru\u017ea u\u010dinkovitu potro\u0161nju energije, osiguravaju\u0107i da mo\u017eete u\u017eivati u ra\u010dunalstvu visokih performansi bez \u017ertvovanja energetske u\u010dinkovitosti. Bilo da ste zabrinuti za okoli\u0161 ili jednostavno \u017eelite smanjiti svoje ra\u010dune za struju, procesor Core\u2122 i5-4460 izvrstan je izbor.<\/p>\n<p>Uz svoje iznimne performanse, ovaj procesor tako\u0111er je dizajniran za pru\u017eanje besprijekornog i impresivnog vizualnog iskustva. S integriranom Intel\u00ae HD grafikom, podr\u017eava zadivljuju\u0107e vizualne prikaze, \u017eive boje i glatko grafi\u010dko prikazivanje, omogu\u0107uju\u0107i vam da u\u017eivate u filmovima, igrama i multimedijskom sadr\u017eaju u detaljima koji oduzimaju dah.<\/p>\n<p>Nadogradite svoje ra\u010dunalno iskustvo s Intel\u00ae Core\u2122 i5-4460 procesorom. Sa svojim impresivnim performansama, u\u010dinkovitom potro\u0161njom energije i impresivnim grafi\u010dkim mogu\u0107nostima, ovaj procesor je savr\u0161en izbor za korisnike koji tra\u017ee pouzdano rje\u0161enje visokih performansi. Oslobodite svoj pravi potencijal i s pouzdanjem se uhvatite u ko\u0161tac s bilo kojim zadatkom pomo\u0107u ovog vrhunskog procesora.<\/p>\n","protected":false},"excerpt":{"rendered":"<p>Predstavljamo procesor Intel\u00ae Core\u2122 i5-4460, mo\u0107no ra\u010dunalno rje\u0161enje dizajnirano da podigne va\u0161u produktivnost i pobolj\u0161a va\u0161a digitalna iskustva. Sa svojom vrhunskom tehnologijom i impresivnim performansama, ovaj procesor je savr\u0161en i za rad i za igru.<\/p>\n<p>&nbsp;<\/p>\n","protected":false},"featured_media":18387,"template":"","meta":[],"product_brand":[],"product_cat":[74],"product_tag":[],"class_list":{"0":"post-18354","1":"product","2":"type-product","3":"status-publish","4":"has-post-thumbnail","6":"product_cat-processors-cpu","8":"first","9":"instock","10":"taxable","11":"shipping-taxable","12":"purchasable","13":"product-type-simple"},"_links":{"self":[{"href":"https:\/\/boreait.com\/hr\/wp-json\/wp\/v2\/product\/18354","targetHints":{"allow":["GET"]}}],"collection":[{"href":"https:\/\/boreait.com\/hr\/wp-json\/wp\/v2\/product"}],"about":[{"href":"https:\/\/boreait.com\/hr\/wp-json\/wp\/v2\/types\/product"}],"wp:featuredmedia":[{"embeddable":true,"href":"https:\/\/boreait.com\/hr\/wp-json\/wp\/v2\/media\/18387"}],"wp:attachment":[{"href":"https:\/\/boreait.com\/hr\/wp-json\/wp\/v2\/media?parent=18354"}],"wp:term":[{"taxonomy":"product_brand","embeddable":true,"href":"https:\/\/boreait.com\/hr\/wp-json\/wp\/v2\/product_brand?post=18354"},{"taxonomy":"product_cat","embeddable":true,"href":"https:\/\/boreait.com\/hr\/wp-json\/wp\/v2\/product_cat?post=18354"},{"taxonomy":"product_tag","embeddable":true,"href":"https:\/\/boreait.com\/hr\/wp-json\/wp\/v2\/product_tag?post=18354"}],"curies":[{"name":"wp","href":"https:\/\/api.w.org\/{rel}","templated":true}]}}