{"id":18351,"date":"2025-07-25T10:47:16","date_gmt":"2025-07-25T10:47:16","guid":{"rendered":"https:\/\/boreait.com\/hr\/?post_type=product&#038;p=18351"},"modified":"2025-07-25T10:47:27","modified_gmt":"2025-07-25T10:47:27","slug":"intel-core-i3-370m-procesor-3m-predmemorija-240-ghz-slbuk","status":"publish","type":"product","link":"https:\/\/boreait.com\/hr\/product\/intel-core-i3-370m-procesor-3m-predmemorija-240-ghz-slbuk\/","title":{"rendered":"Intel\u00ae Core\u2122 i3-370M procesor 3M predmemorija, 2,40 GHz SLBUK"},"content":{"rendered":"<p>Procesor SLBUK ima predmemoriju od 3 MB, koja slu\u017ei kao privremeni prostor za pohranu podataka kojima se \u010desto pristupa, \u0161to poma\u017ee u pobolj\u0161anju ukupnih performansi i odziva.<\/p>\n<p>I3-370M dio je Intelove Core\u2122 i3 serije, koja je poznata po tome \u0161to nudi ravnote\u017eu izme\u0111u performansi i energetske u\u010dinkovitosti. Sa svojim dvije jezgre, procesor mo\u017ee podnijeti multitasking i pokretati vi\u0161e aplikacija istovremeno, pru\u017eaju\u0107i glatko ra\u010dunalno iskustvo za svakodnevne zadatke kao \u0161to su pregledavanje weba, obrada teksta i reprodukcija multimedije.<\/p>\n<p>Procesor se temelji na mikroarhitekturi Nehalem i proizvodi se 32-nanometarskim procesom. Podr\u017eava tehnologiju Intel\u00ae Hyper-Threading, koja svakoj fizi\u010dkoj jezgri omogu\u0107uje rukovanje s dvije niti istovremeno, \u010dime se u\u010dinkovito udvostru\u010duje broj dostupnih niti za obradu. Ovo mo\u017ee pobolj\u0161ati performanse u vi\u0161enitnim aplikacijama.<\/p>\n<p>\u0160to se ti\u010de potro\u0161nje energije, i3-370M je dizajniran da bude energetski u\u010dinkovit, poma\u017eu\u0107i produ\u017eiti trajanje baterije u mobilnim ure\u0111ajima. Ima termalnu projektiranu snagu (TDP) od 35 vata, \u0161to ukazuje na njegovu potro\u0161nju energije i stvaranje topline u tipi\u010dnim radnim uvjetima.<\/p>\n<p>Sve u svemu, procesor Intel\u00ae Core\u2122 i3-370M nudi dobar balans izme\u0111u performansi, energetske u\u010dinkovitosti i mogu\u0107nosti obavljanja vi\u0161e zadataka za mobilne ra\u010dunalne ure\u0111aje, \u0161to ga \u010dini prikladnim za op\u0107u upotrebu i svakodnevne ra\u010dunalne zadatke.<\/p>\n","protected":false},"excerpt":{"rendered":"<p>Intel\u00ae Core\u2122 i3-370M procesor je dvojezgreni procesor dizajniran za kori\u0161tenje u prijenosnim ra\u010dunalima i mobilnim ra\u010dunalnim ure\u0111ajima. Ima radni takt od 2,40 GHz, \u0161to odre\u0111uje koliko brzo mo\u017ee izvr\u0161avati upute i izvr\u0161avati zadatke.<\/p>\n","protected":false},"featured_media":18384,"template":"","meta":[],"product_brand":[],"product_cat":[74],"product_tag":[],"class_list":{"0":"post-18351","1":"product","2":"type-product","3":"status-publish","4":"has-post-thumbnail","6":"product_cat-processors-cpu","8":"first","9":"instock","10":"taxable","11":"shipping-taxable","12":"purchasable","13":"product-type-simple"},"_links":{"self":[{"href":"https:\/\/boreait.com\/hr\/wp-json\/wp\/v2\/product\/18351","targetHints":{"allow":["GET"]}}],"collection":[{"href":"https:\/\/boreait.com\/hr\/wp-json\/wp\/v2\/product"}],"about":[{"href":"https:\/\/boreait.com\/hr\/wp-json\/wp\/v2\/types\/product"}],"wp:featuredmedia":[{"embeddable":true,"href":"https:\/\/boreait.com\/hr\/wp-json\/wp\/v2\/media\/18384"}],"wp:attachment":[{"href":"https:\/\/boreait.com\/hr\/wp-json\/wp\/v2\/media?parent=18351"}],"wp:term":[{"taxonomy":"product_brand","embeddable":true,"href":"https:\/\/boreait.com\/hr\/wp-json\/wp\/v2\/product_brand?post=18351"},{"taxonomy":"product_cat","embeddable":true,"href":"https:\/\/boreait.com\/hr\/wp-json\/wp\/v2\/product_cat?post=18351"},{"taxonomy":"product_tag","embeddable":true,"href":"https:\/\/boreait.com\/hr\/wp-json\/wp\/v2\/product_tag?post=18351"}],"curies":[{"name":"wp","href":"https:\/\/api.w.org\/{rel}","templated":true}]}}