{"id":18322,"date":"2025-07-25T10:46:56","date_gmt":"2025-07-25T10:46:56","guid":{"rendered":"https:\/\/boreait.com\/hr\/?post_type=product&#038;p=18322"},"modified":"2025-07-25T10:47:26","modified_gmt":"2025-07-25T10:47:26","slug":"intel-core2-duo-procesor-slauu-t8100-3m-predmemorije-210-ghz-800-mhz-fsb","status":"publish","type":"product","link":"https:\/\/boreait.com\/hr\/product\/intel-core2-duo-procesor-slauu-t8100-3m-predmemorije-210-ghz-800-mhz-fsb\/","title":{"rendered":"Intel\u00ae Core\u21222 Duo procesor SLAUU T8100 3M predmemorije, 2,10 GHz, 800 MHz FSB"},"content":{"rendered":"<p>Intel\u00ae Core\u21222 Duo procesor SLAUU T8100 nudi ravnote\u017eu snage i u\u010dinkovitosti, \u0161to ga \u010dini prikladnim za svakodnevne ra\u010dunalne zadatke i multimedijske aplikacije. Uz radni takt od 2,10 GHz i prednju sabirnicu (FSB) od 800 MHz, pru\u017ea glatke performanse i brz odziv.<\/p>\n<p>Opremljen s 3 MB L2 predmemorije, procesor u\u010dinkovito pohranjuje podatke kojima se \u010desto pristupa, smanjuju\u0107i vrijeme pristupa i pobolj\u0161avaju\u0107i ukupne performanse sustava. Predmemorija djeluje kao me\u0111uspremnik velike brzine memorije, omogu\u0107uju\u0107i procesoru brzo dohva\u0107anje i obradu podataka.<\/p>\n<p>T8100 koristi Intelovu mikroarhitekturu Core, koja pobolj\u0161ava performanse dok optimizira potro\u0161nju energije. To rezultira procesorom koji pru\u017ea izvrsne mogu\u0107nosti multitaskinga i energetsku u\u010dinkovitost.<\/p>\n<p>Procesor je dizajniran za podr\u0161ku \u0161irokom rasponu zadataka, uklju\u010duju\u0107i pregledavanje weba, uredsku produktivnost, reprodukciju multimedije i le\u017eerno igranje. Mo\u017ee se nositi sa zahtjevnim aplikacijama i pru\u017eiti glatko korisni\u010dko iskustvo.<\/p>\n<p>Osim toga, T8100 ima Intelovu Hyper-Threading tehnologiju, koja svakoj jezgri omogu\u0107uje rukovanje s dvije niti istovremeno. Ova tehnologija pobolj\u0161ava ukupnu izvedbu omogu\u0107uju\u0107i bolji multitasking i br\u017ee izvr\u0161avanje aplikacija s nitima.<\/p>\n<p>Intel\u00ae Core\u21222 Duo procesor T8100 kompatibilan je sa Socket P (tako\u0111er poznat kao Socket 478) i izgra\u0111en je na 65-nanometarskom proizvodnom procesu. Podr\u017eava 64-bitno ra\u010dunalstvo, \u0161to mu omogu\u0107uje da iskoristi prednosti modernih operativnih sustava i aplikacija.<\/p>\n<p>Sve u svemu, T8100 nudi kombinaciju performansi, energetske u\u010dinkovitosti i mogu\u0107nosti obavljanja vi\u0161e zadataka, \u0161to ga \u010dini prikladnim izborom za korisnike koji zahtijevaju ravnote\u017eu snage i mobilnosti u svojim ra\u010dunalnim ure\u0111ajima.<\/p>\n","protected":false},"excerpt":{"rendered":"<p>Intel\u00ae Core\u21222 Duo procesor T8100 je dvojezgreni procesor dizajniran za mobilne ure\u0111aje kao \u0161to su prijenosna i prijenosna ra\u010dunala. Izdao ga je Intel i dio je serije Core 2 Duo.<\/p>\n","protected":false},"featured_media":18383,"template":"","meta":[],"product_brand":[],"product_cat":[74],"product_tag":[],"class_list":{"0":"post-18322","1":"product","2":"type-product","3":"status-publish","4":"has-post-thumbnail","6":"product_cat-processors-cpu","8":"first","9":"instock","10":"taxable","11":"shipping-taxable","12":"purchasable","13":"product-type-simple"},"_links":{"self":[{"href":"https:\/\/boreait.com\/hr\/wp-json\/wp\/v2\/product\/18322","targetHints":{"allow":["GET"]}}],"collection":[{"href":"https:\/\/boreait.com\/hr\/wp-json\/wp\/v2\/product"}],"about":[{"href":"https:\/\/boreait.com\/hr\/wp-json\/wp\/v2\/types\/product"}],"wp:featuredmedia":[{"embeddable":true,"href":"https:\/\/boreait.com\/hr\/wp-json\/wp\/v2\/media\/18383"}],"wp:attachment":[{"href":"https:\/\/boreait.com\/hr\/wp-json\/wp\/v2\/media?parent=18322"}],"wp:term":[{"taxonomy":"product_brand","embeddable":true,"href":"https:\/\/boreait.com\/hr\/wp-json\/wp\/v2\/product_brand?post=18322"},{"taxonomy":"product_cat","embeddable":true,"href":"https:\/\/boreait.com\/hr\/wp-json\/wp\/v2\/product_cat?post=18322"},{"taxonomy":"product_tag","embeddable":true,"href":"https:\/\/boreait.com\/hr\/wp-json\/wp\/v2\/product_tag?post=18322"}],"curies":[{"name":"wp","href":"https:\/\/api.w.org\/{rel}","templated":true}]}}