{"id":18321,"date":"2025-07-25T10:46:56","date_gmt":"2025-07-25T10:46:56","guid":{"rendered":"https:\/\/boreait.com\/hr\/?post_type=product&#038;p=18321"},"modified":"2026-01-14T07:33:43","modified_gmt":"2026-01-14T07:33:43","slug":"hp-zbook-15-15-6-originalna-ploca-usb-prikljucka-za-prijenosno-racunalo-s-kabelom-ls-9243p-er","status":"publish","type":"product","link":"https:\/\/boreait.com\/hr\/product\/hp-zbook-15-15-6-originalna-ploca-usb-prikljucka-za-prijenosno-racunalo-s-kabelom-ls-9243p-er\/","title":{"rendered":"HP ZBook 15 15.6&#8243; originalna plo\u010da USB priklju\u010dka za prijenosno ra\u010dunalo s kabelom LS-9243P ER*"},"content":{"rendered":"<p>Ova plo\u010da s USB priklju\u010dkom s kabelom odgovorna je za pru\u017eanje mogu\u0107nosti povezivanja s prijenosnim ra\u010dunalom, omogu\u0107uju\u0107i vam povezivanje raznih USB ure\u0111aja kao \u0161to su vanjski tvrdi diskovi, tipkovnice, mi\u0161evi i drugi periferni ure\u0111aji. To je bitna komponenta koja vam omogu\u0107uje pro\u0161irenje funkcionalnosti va\u0161eg prijenosnog ra\u010dunala i jednostavan prijenos podataka izme\u0111u ure\u0111aja.<\/p>\n<p>Plo\u010da je originalni HP proizvod koji osigurava kompatibilnost i visokokvalitetne performanse. Dizajniran je tako da se savr\u0161eno uklapa u unutarnju strukturu prijenosnog ra\u010dunala i dolazi s kabelom za jednostavnu instalaciju. Broj modela LS-9243P ER* ozna\u010dava njegovu specifi\u010dnu kompatibilnost s HP ZBook 15 15,6&#8243; prijenosnim ra\u010dunalom.<\/p>\n<p>Bilo da trebate zamijeniti o\u0161te\u0107enu plo\u010du s USB priklju\u010dkom ili nadograditi mogu\u0107nosti povezivanja prijenosnog ra\u010dunala, HP ZBook 15 15,6&#8243; originalna plo\u010da s USB priklju\u010dkom za prijenosno ra\u010dunalo s kabelom LS-9243P ER* pouzdan je i kompatibilan izbor.<\/p>\n","protected":false},"excerpt":{"rendered":"<p>HP ZBook 15 15,6&#8243; originalna plo\u010da USB priklju\u010dka za prijenosno ra\u010dunalo s kabelom LS-9243P ER* zamjenski je dio posebno dizajniran za model prijenosnog ra\u010dunala HP ZBook 15.<\/p>\n","protected":false},"featured_media":18382,"template":"","meta":[],"product_brand":[],"product_cat":[62],"product_tag":[60],"class_list":{"0":"post-18321","1":"product","2":"type-product","3":"status-publish","4":"has-post-thumbnail","6":"product_cat-motherboards-board-parts","7":"product_tag-hp","9":"first","10":"instock","11":"taxable","12":"shipping-taxable","13":"purchasable","14":"product-type-simple"},"_links":{"self":[{"href":"https:\/\/boreait.com\/hr\/wp-json\/wp\/v2\/product\/18321","targetHints":{"allow":["GET"]}}],"collection":[{"href":"https:\/\/boreait.com\/hr\/wp-json\/wp\/v2\/product"}],"about":[{"href":"https:\/\/boreait.com\/hr\/wp-json\/wp\/v2\/types\/product"}],"wp:featuredmedia":[{"embeddable":true,"href":"https:\/\/boreait.com\/hr\/wp-json\/wp\/v2\/media\/18382"}],"wp:attachment":[{"href":"https:\/\/boreait.com\/hr\/wp-json\/wp\/v2\/media?parent=18321"}],"wp:term":[{"taxonomy":"product_brand","embeddable":true,"href":"https:\/\/boreait.com\/hr\/wp-json\/wp\/v2\/product_brand?post=18321"},{"taxonomy":"product_cat","embeddable":true,"href":"https:\/\/boreait.com\/hr\/wp-json\/wp\/v2\/product_cat?post=18321"},{"taxonomy":"product_tag","embeddable":true,"href":"https:\/\/boreait.com\/hr\/wp-json\/wp\/v2\/product_tag?post=18321"}],"curies":[{"name":"wp","href":"https:\/\/api.w.org\/{rel}","templated":true}]}}