{"id":18319,"date":"2025-07-25T10:46:56","date_gmt":"2025-07-25T10:46:56","guid":{"rendered":"https:\/\/boreait.com\/hr\/?post_type=product&#038;p=18319"},"modified":"2026-01-14T07:33:08","modified_gmt":"2026-01-14T07:33:08","slug":"originalni-hp-zbook-15-g2-citac-audio-sd-kartica-usb-port-ploca-vbl20-ls-9245p","status":"publish","type":"product","link":"https:\/\/boreait.com\/hr\/product\/originalni-hp-zbook-15-g2-citac-audio-sd-kartica-usb-port-ploca-vbl20-ls-9245p\/","title":{"rendered":"Originalni HP ZBook 15 G2 \u010dita\u010d audio SD kartica USB port plo\u010da VBL20 LS-9245P"},"content":{"rendered":"<p>Ova plo\u010da je originalna, autenti\u010dna HP-ova komponenta, koja osigurava kompatibilnost i pouzdanost sa prijenosnim ra\u010dunalom ZBook 15 G2. Dizajniran je da zadovolji standarde visoke kvalitete koje je postavio HP, jam\u010de\u0107i optimalne performanse i besprijekornu integraciju s unutarnjim sustavom prijenosnog ra\u010dunala.<\/p>\n<p>Zvu\u010dna funkcija omogu\u0107uje korisnicima povezivanje slu\u0161alica, zvu\u010dnika ili drugih audio ure\u0111aja za u\u017eivanje u visokokvalitetnom zvuku. \u010cita\u010d SD kartica omogu\u0107uje prakti\u010dan prijenos podataka sa SD kartica, koje se obi\u010dno koriste u fotoaparatima, pametnim telefonima i drugim ure\u0111ajima, izravno na prijenosno ra\u010dunalo.<\/p>\n<p>Nadalje, USB priklju\u010dci na ovoj plo\u010di pru\u017eaju dodatne mogu\u0107nosti povezivanja, omogu\u0107uju\u0107i korisnicima povezivanje razli\u010ditih USB ure\u0111aja kao \u0161to su vanjski diskovi za pohranu, pisa\u010di, tipkovnice, mi\u0161evi i drugo. Ovo pove\u0107ava svestranost prijenosnog ra\u010dunala i pro\u0161iruje njegovu potencijalnu upotrebu.<\/p>\n<p>Sve u svemu, originalni HP ZBook 15 G2 \u010dita\u010d audio SD kartica s USB portom VBL20 LS-9245P je pouzdana i bitna komponenta koja dodaje funkcionalnost prijenosnom ra\u010dunalu HP ZBook 15 G2. Njegov integrirani audio, \u010dita\u010d SD kartica i USB priklju\u010dci \u010dine ga prakti\u010dnim i prakti\u010dnim dodatkom za korisnike koji zahtijevaju pro\u0161irene mogu\u0107nosti povezivanja i mogu\u0107nosti jednostavnog prijenosa podataka.<\/p>\n","protected":false},"excerpt":{"rendered":"<p>Originalni \u010dita\u010d audio SD kartica HP ZBook 15 G2 s USB portom VBL20 LS-9245P specijalizirana je komponenta dizajnirana posebno za model prijenosnog ra\u010dunala HP ZBook 15 G2. Slu\u017ei za vi\u0161e funkcija, pru\u017eaju\u0107i audio mogu\u0107nosti, \u010dita\u010d SD kartica i USB priklju\u010dke, sve integrirano u jednu plo\u010du.<\/p>\n","protected":false},"featured_media":18378,"template":"","meta":[],"product_brand":[],"product_cat":[62],"product_tag":[60],"class_list":{"0":"post-18319","1":"product","2":"type-product","3":"status-publish","4":"has-post-thumbnail","6":"product_cat-motherboards-board-parts","7":"product_tag-hp","9":"first","10":"instock","11":"taxable","12":"shipping-taxable","13":"purchasable","14":"product-type-simple"},"_links":{"self":[{"href":"https:\/\/boreait.com\/hr\/wp-json\/wp\/v2\/product\/18319","targetHints":{"allow":["GET"]}}],"collection":[{"href":"https:\/\/boreait.com\/hr\/wp-json\/wp\/v2\/product"}],"about":[{"href":"https:\/\/boreait.com\/hr\/wp-json\/wp\/v2\/types\/product"}],"wp:featuredmedia":[{"embeddable":true,"href":"https:\/\/boreait.com\/hr\/wp-json\/wp\/v2\/media\/18378"}],"wp:attachment":[{"href":"https:\/\/boreait.com\/hr\/wp-json\/wp\/v2\/media?parent=18319"}],"wp:term":[{"taxonomy":"product_brand","embeddable":true,"href":"https:\/\/boreait.com\/hr\/wp-json\/wp\/v2\/product_brand?post=18319"},{"taxonomy":"product_cat","embeddable":true,"href":"https:\/\/boreait.com\/hr\/wp-json\/wp\/v2\/product_cat?post=18319"},{"taxonomy":"product_tag","embeddable":true,"href":"https:\/\/boreait.com\/hr\/wp-json\/wp\/v2\/product_tag?post=18319"}],"curies":[{"name":"wp","href":"https:\/\/api.w.org\/{rel}","templated":true}]}}