{"id":18316,"date":"2025-07-25T10:46:56","date_gmt":"2025-07-25T10:46:56","guid":{"rendered":"https:\/\/boreait.com\/hr\/?post_type=product&#038;p=18316"},"modified":"2025-07-25T10:47:20","modified_gmt":"2025-07-25T10:47:20","slug":"hp-zbook-15-g2-15-6-originalni-poklopac-sarke-za-prijenosno-racunalo-ec0tj000600","status":"publish","type":"product","link":"https:\/\/boreait.com\/hr\/product\/hp-zbook-15-g2-15-6-originalni-poklopac-sarke-za-prijenosno-racunalo-ec0tj000600\/","title":{"rendered":"HP ZBook 15 G2 15.6&#8243; originalni poklopac \u0161arke za prijenosno ra\u010dunalo EC0TJ000600"},"content":{"rendered":"<p>Izra\u0111en imaju\u0107i na umu preciznost i izdr\u017eljivost, originalni poklopac \u0161arke za prijenosno ra\u010dunalo izra\u0111en je od vrhunskih materijala kako bi pru\u017eio dugotrajnu za\u0161titu za mehanizam \u0161arke va\u0161eg prijenosnog ra\u010dunala. \u0160titi osjetljive \u0161arke od pra\u0161ine, prljav\u0161tine i drugih vanjskih elemenata, \u010duvaju\u0107i glatku funkcionalnost va\u0161eg prijenosnog ra\u010dunala.<\/p>\n<p>Dizajniran da se besprijekorno uklopi u elegantnu estetiku va\u0161eg HP ZBook 15 G2, ovaj poklopac \u0161arke odr\u017eava cjelokupni izgled i dojam prijenosnog ra\u010dunala. Njegov suptilan dizajn nadopunjuje elegantan oblik prijenosnog ra\u010dunala, pove\u0107avaju\u0107i njegovu vizualnu privla\u010dnost, a istovremeno nudi pouzdanu za\u0161titu.<\/p>\n<p>Poklopac \u0161arke ne samo da \u0161titi mehanizam \u0161arke va\u0161eg prijenosnog ra\u010dunala, ve\u0107 djeluje i kao barijera protiv slu\u010dajnog o\u0161te\u0107enja. Sprje\u010dava ulazak predmeta u podru\u010dje \u0161arki, smanjuju\u0107i rizik potencijalnog o\u0161te\u0107enja osjetljivih komponenti va\u0161eg prijenosnog ra\u010dunala.<\/p>\n<p>Jednostavan za instalaciju, ovaj originalni poklopac \u0161arke dizajniran je za primjenu bez muke. Jednostavno ga poravnajte s podru\u010djem \u0161arke i u\u010dvrstite na mjesto. Njegovo precizno pristajanje osigurava sigurno pri\u010dvr\u0161\u0107ivanje, omogu\u0107uju\u0107i vam da u\u017eivate u bezbri\u017enosti koju donosi spoznaja da je va\u0161e prijenosno ra\u010dunalo dobro za\u0161ti\u0107eno.<\/p>\n<p>Ulo\u017eite u HP ZBook 15 G2 15,6&#8243; originalni poklopac \u0161arke za prijenosno ra\u010dunalo EC0TJ000600 i do\u017eivite pobolj\u0161anu izdr\u017eljivost, za\u0161titu i estetiku za svoje vrijedno prijenosno ra\u010dunalo HP ZBook 15 G2.<\/p>\n","protected":false},"excerpt":{"rendered":"<p>Predstavljamo HP ZBook 15 G2 15.6&#8243; originalnu masku \u0161arke za prijenosno ra\u010dunalo EC0TJ000600, dodatak koji morate imati za va\u0161e prijenosno ra\u010dunalo HP ZBook 15 G2. Ova visokokvalitetna maska \u0161arke posebno je dizajnirana da odgovara va\u0161em ure\u0111aju, osiguravaju\u0107i besprijekorno i precizno pristajanje.<\/p>\n","protected":false},"featured_media":18374,"template":"","meta":[],"product_brand":[],"product_cat":[51],"product_tag":[60],"class_list":{"0":"post-18316","1":"product","2":"type-product","3":"status-publish","4":"has-post-thumbnail","6":"product_cat-laptop-housing","7":"product_tag-hp","9":"first","10":"instock","11":"taxable","12":"shipping-taxable","13":"purchasable","14":"product-type-simple"},"_links":{"self":[{"href":"https:\/\/boreait.com\/hr\/wp-json\/wp\/v2\/product\/18316","targetHints":{"allow":["GET"]}}],"collection":[{"href":"https:\/\/boreait.com\/hr\/wp-json\/wp\/v2\/product"}],"about":[{"href":"https:\/\/boreait.com\/hr\/wp-json\/wp\/v2\/types\/product"}],"wp:featuredmedia":[{"embeddable":true,"href":"https:\/\/boreait.com\/hr\/wp-json\/wp\/v2\/media\/18374"}],"wp:attachment":[{"href":"https:\/\/boreait.com\/hr\/wp-json\/wp\/v2\/media?parent=18316"}],"wp:term":[{"taxonomy":"product_brand","embeddable":true,"href":"https:\/\/boreait.com\/hr\/wp-json\/wp\/v2\/product_brand?post=18316"},{"taxonomy":"product_cat","embeddable":true,"href":"https:\/\/boreait.com\/hr\/wp-json\/wp\/v2\/product_cat?post=18316"},{"taxonomy":"product_tag","embeddable":true,"href":"https:\/\/boreait.com\/hr\/wp-json\/wp\/v2\/product_tag?post=18316"}],"curies":[{"name":"wp","href":"https:\/\/api.w.org\/{rel}","templated":true}]}}