{"id":18283,"date":"2025-07-25T10:46:34","date_gmt":"2025-07-25T10:46:34","guid":{"rendered":"https:\/\/boreait.com\/hr\/?post_type=product&#038;p=18283"},"modified":"2026-01-14T07:32:49","modified_gmt":"2026-01-14T07:32:49","slug":"intel-ultimate-n-6300-mini-pci-e-wifi-bezicna-mrezna-kartica-633anhmw","status":"publish","type":"product","link":"https:\/\/boreait.com\/hr\/product\/intel-ultimate-n-6300-mini-pci-e-wifi-bezicna-mrezna-kartica-633anhmw\/","title":{"rendered":"Intel Ultimate-n 6300 Mini Pci-e WiFi be\u017ei\u010dna mre\u017ena kartica 633anhmw"},"content":{"rendered":"<div class=\"group w-full text-gray-800 dark:text-gray-100 border-b border-black\/10 dark:border-gray-900\/50 bg-gray-50 dark:bg-[#444654]\">\n<div class=\"flex p-4 gap-4 text-base md:gap-6 md:max-w-2xl lg:max-w-[38rem] xl:max-w-3xl md:py-6 lg:px-0 m-auto\">\n<div class=\"relative flex w-[calc(100%-50px)] flex-col gap-1 md:gap-3 lg:w-[calc(100%-115px)]\">\n<div class=\"flex flex-grow flex-col gap-3\">\n<div class=\"min-h-[20px] flex flex-col items-start gap-4 whitespace-pre-wrap break-words\">\n<div class=\"markdown prose w-full break-words dark:prose-invert light\">\n<p>Kartica 633ANHMW koristi faktor oblika PCI Express Mini kartice, \u0161to je kompaktni dizajn koji se obi\u010dno koristi u prijenosnim ra\u010dunalima za be\u017ei\u010dno povezivanje. Kompatibilan je sa standardima IEEE 802.11a\/b\/g\/n, nude\u0107i pouzdanu be\u017ei\u010dnu vezu s kompatibilno\u0161\u0107u sa starijim Wi-Fi standardima.<\/p>\n<p>Intel Ultimate-N 6300 kartica podr\u017eava tri prostorna toka i radi na oba frekvencijska pojasa od 2,4 GHz i 5 GHz, pru\u017eaju\u0107i pobolj\u0161ane brzine prijenosa podataka i pobolj\u0161anu kvalitetu signala. Sa svojom tehnologijom s vi\u0161e ulaza i vi\u0161e izlaza (MIMO) nudi br\u017ee i pouzdanije be\u017ei\u010dne veze, smanjuju\u0107i vjerojatnost smetnji signala i gubitka paketa.<\/p>\n<p>Uz Intelovu naprednu be\u017ei\u010dnu tehnologiju, Ultimate-N 6300 kartica podr\u017eava be\u017ei\u010dne brzine do 450 Mbps, omogu\u0107uju\u0107i besprijekoran streaming, online igranje i podatkovno intenzivne zadatke. Tako\u0111er podr\u017eava niz sigurnosnih zna\u010dajki, uklju\u010duju\u0107i WPA i WPA2 enkripciju, osiguravaju\u0107i sigurnu be\u017ei\u010dnu komunikaciju.<\/p>\n<p>Kartica 633ANHMW poznata je po svojim robusnim performansama i stabilnosti, \u0161to je \u010dini prikladnom za zahtjevne aplikacije i scenarije u kojima je pouzdana be\u017ei\u010dna veza klju\u010dna. To je popularan izbor me\u0111u korisnicima koji zahtijevaju brzu i pouzdanu be\u017ei\u010dnu vezu za svoja prijenosna ra\u010dunala ili ure\u0111aje malog formata.<\/p>\n<p>Sve u svemu, Intel Ultimate-N 6300 Mini PCI-E WiFi be\u017ei\u010dna mre\u017ena kartica (633ANHMW) nudi izvrsne be\u017ei\u010dne performanse, napredne zna\u010dajke i pouzdanu povezanost, \u0161to je \u010dini idealnim izborom za one koji tra\u017ee nadogradnju ili zamjenu za svoju postoje\u0107u be\u017ei\u010dnu mre\u017enu karticu.<\/p>\n<\/div>\n<\/div>\n<\/div>\n<\/div>\n<\/div>\n<\/div>\n","protected":false},"excerpt":{"rendered":"<p>Intel Ultimate-N 6300 Mini PCI-E WiFi be\u017ei\u010dna mre\u017ena kartica (633ANHMW) be\u017ei\u010dna je mre\u017ena kartica visokih performansi dizajnirana za kori\u0161tenje u prijenosnim ra\u010dunalima i ure\u0111ajima malog formata. Proizvodi ga Intel, renomirana tehnolo\u0161ka tvrtka poznata po visokokvalitetnim ra\u010dunalnim komponentama.<\/p>\n","protected":false},"featured_media":18346,"template":"","meta":[],"product_brand":[],"product_cat":[62],"product_tag":[],"class_list":{"0":"post-18283","1":"product","2":"type-product","3":"status-publish","4":"has-post-thumbnail","6":"product_cat-motherboards-board-parts","8":"first","9":"instock","10":"taxable","11":"shipping-taxable","12":"purchasable","13":"product-type-simple"},"_links":{"self":[{"href":"https:\/\/boreait.com\/hr\/wp-json\/wp\/v2\/product\/18283","targetHints":{"allow":["GET"]}}],"collection":[{"href":"https:\/\/boreait.com\/hr\/wp-json\/wp\/v2\/product"}],"about":[{"href":"https:\/\/boreait.com\/hr\/wp-json\/wp\/v2\/types\/product"}],"wp:featuredmedia":[{"embeddable":true,"href":"https:\/\/boreait.com\/hr\/wp-json\/wp\/v2\/media\/18346"}],"wp:attachment":[{"href":"https:\/\/boreait.com\/hr\/wp-json\/wp\/v2\/media?parent=18283"}],"wp:term":[{"taxonomy":"product_brand","embeddable":true,"href":"https:\/\/boreait.com\/hr\/wp-json\/wp\/v2\/product_brand?post=18283"},{"taxonomy":"product_cat","embeddable":true,"href":"https:\/\/boreait.com\/hr\/wp-json\/wp\/v2\/product_cat?post=18283"},{"taxonomy":"product_tag","embeddable":true,"href":"https:\/\/boreait.com\/hr\/wp-json\/wp\/v2\/product_tag?post=18283"}],"curies":[{"name":"wp","href":"https:\/\/api.w.org\/{rel}","templated":true}]}}