{"id":18273,"date":"2025-07-25T10:46:33","date_gmt":"2025-07-25T10:46:33","guid":{"rendered":"https:\/\/boreait.com\/hr\/?post_type=product&#038;p=18273"},"modified":"2025-07-25T10:47:04","modified_gmt":"2025-07-25T10:47:04","slug":"dell-latitude-e5550-hdd-kabelski-konektor-interposer-kgm7g","status":"publish","type":"product","link":"https:\/\/boreait.com\/hr\/product\/dell-latitude-e5550-hdd-kabelski-konektor-interposer-kgm7g\/","title":{"rendered":"Dell Latitude E5550 HDD kabelski konektor Interposer KGM7G"},"content":{"rendered":"<p>Ovaj interposer kabel je klju\u010dan prilikom nadogradnje ili zamjene HDD-a u prijenosnom ra\u010dunalu Dell Latitude E5550. Djeluje kao posrednik izme\u0111u SATA su\u010delja na mati\u010dnoj plo\u010di i samog HDD-a, osiguravaju\u0107i sigurnu i stabilnu vezu.<\/p>\n<p>KGM7G interposer kabel jedinstven je za model Dell Latitude E5550 i mo\u017eda ne\u0107e biti kompatibilan s drugim modelima ili markama prijenosnih ra\u010dunala. Dizajniran je tako da savr\u0161eno pristaje unutar unutarnjih komponenti prijenosnog ra\u010dunala i odr\u017eava ispravnu funkcionalnost.<\/p>\n<p>Prilikom instaliranja ili zamjene HDD-a u prijenosno ra\u010dunalo Dell Latitude E5550, va\u017eno je koristiti odgovaraju\u0107i interposer kabel, kao \u0161to je KGM7G, kako biste osigurali kompatibilnost i pouzdan rad.<\/p>\n","protected":false},"excerpt":{"rendered":"<p>Dell Latitude E5550 HDD Cable Connector Interposer KGM7G je specifi\u010dna komponenta dizajnirana za Dell Latitude E5550 model laptopa. Slu\u017ei kao konektor ili adapter koji omogu\u0107uje vezu izme\u0111u pogona tvrdog diska prijenosnog ra\u010dunala (HDD) i mati\u010dne plo\u010de.<\/p>\n<p>&nbsp;<\/p>\n","protected":false},"featured_media":18332,"template":"","meta":[],"product_brand":[],"product_cat":[55],"product_tag":[52],"class_list":{"0":"post-18273","1":"product","2":"type-product","3":"status-publish","4":"has-post-thumbnail","6":"product_cat-cables","7":"product_tag-dell","9":"first","10":"instock","11":"taxable","12":"shipping-taxable","13":"purchasable","14":"product-type-simple"},"_links":{"self":[{"href":"https:\/\/boreait.com\/hr\/wp-json\/wp\/v2\/product\/18273","targetHints":{"allow":["GET"]}}],"collection":[{"href":"https:\/\/boreait.com\/hr\/wp-json\/wp\/v2\/product"}],"about":[{"href":"https:\/\/boreait.com\/hr\/wp-json\/wp\/v2\/types\/product"}],"wp:featuredmedia":[{"embeddable":true,"href":"https:\/\/boreait.com\/hr\/wp-json\/wp\/v2\/media\/18332"}],"wp:attachment":[{"href":"https:\/\/boreait.com\/hr\/wp-json\/wp\/v2\/media?parent=18273"}],"wp:term":[{"taxonomy":"product_brand","embeddable":true,"href":"https:\/\/boreait.com\/hr\/wp-json\/wp\/v2\/product_brand?post=18273"},{"taxonomy":"product_cat","embeddable":true,"href":"https:\/\/boreait.com\/hr\/wp-json\/wp\/v2\/product_cat?post=18273"},{"taxonomy":"product_tag","embeddable":true,"href":"https:\/\/boreait.com\/hr\/wp-json\/wp\/v2\/product_tag?post=18273"}],"curies":[{"name":"wp","href":"https:\/\/api.w.org\/{rel}","templated":true}]}}