{"id":18271,"date":"2025-07-25T10:46:33","date_gmt":"2025-07-25T10:46:33","guid":{"rendered":"https:\/\/boreait.com\/hr\/?post_type=product&#038;p=18271"},"modified":"2026-01-14T07:31:10","modified_gmt":"2026-01-14T07:31:10","slug":"dell-latitude-e7440-touchpad-mis-tipke-ploca-a12an5","status":"publish","type":"product","link":"https:\/\/boreait.com\/hr\/product\/dell-latitude-e7440-touchpad-mis-tipke-ploca-a12an5\/","title":{"rendered":"Dell Latitude E7440 Touchpad Mi\u0161 Tipke Plo\u010da A12AN5"},"content":{"rendered":"<p>Plo\u010da s tipkama mi\u0161a na podlozi osjetljivoj na dodir odgovorna je za prevo\u0111enje pokreta i gesti napravljenih na podlozi osjetljivoj na dodir u naredbe koje operativni sustav prijenosnog ra\u010dunala mo\u017ee razumjeti. Obi\u010dno se sastoji od povr\u0161ine osjetljive na dodir koja podr\u017eava vi\u0161estruke dodirne geste, omogu\u0107uju\u0107i korisnicima izvr\u0161avanje zadataka kao \u0161to su pomicanje, zumiranje i rotacija.<\/p>\n<p>\u010cini se da je oznaka A12AN5 odre\u0111eni model ili broj dijela povezan s plo\u010dom tipki mi\u0161a s dodirnom podlogom za Dell Latitude E7440. Poma\u017ee u identificiranju odre\u0111ene verzije ili revizije komponente.<\/p>\n<p>Sve u svemu, Dell Latitude E7440 Touchpad Mouse Buttons Board A12AN5 igra klju\u010dnu ulogu u pru\u017eanju prikladne i u\u010dinkovite metode unosa za korisnike za navigaciju i interakciju sa svojim Dell Latitude E7440 prijenosnim ra\u010dunalima.<\/p>\n","protected":false},"excerpt":{"rendered":"<p>Dell Latitude E7440 Touchpad Mouse Buttons Board A12AN5 je komponenta posebno dizajnirana za Dell Latitude E7440 model laptopa. Slu\u017ei kao su\u010delje izme\u0111u touchpada i mati\u010dne plo\u010de prijenosnog ra\u010dunala, omogu\u0107uju\u0107i korisnicima da kontroliraju pokaziva\u010d mi\u0161a i izvode razne radnje na ekranu.<\/p>\n","protected":false},"featured_media":18329,"template":"","meta":[],"product_brand":[],"product_cat":[77],"product_tag":[52,60],"class_list":{"0":"post-18271","1":"product","2":"type-product","3":"status-publish","4":"has-post-thumbnail","6":"product_cat-laptop-touchpads","7":"product_tag-dell","8":"product_tag-hp","10":"first","11":"instock","12":"taxable","13":"shipping-taxable","14":"purchasable","15":"product-type-simple"},"_links":{"self":[{"href":"https:\/\/boreait.com\/hr\/wp-json\/wp\/v2\/product\/18271","targetHints":{"allow":["GET"]}}],"collection":[{"href":"https:\/\/boreait.com\/hr\/wp-json\/wp\/v2\/product"}],"about":[{"href":"https:\/\/boreait.com\/hr\/wp-json\/wp\/v2\/types\/product"}],"wp:featuredmedia":[{"embeddable":true,"href":"https:\/\/boreait.com\/hr\/wp-json\/wp\/v2\/media\/18329"}],"wp:attachment":[{"href":"https:\/\/boreait.com\/hr\/wp-json\/wp\/v2\/media?parent=18271"}],"wp:term":[{"taxonomy":"product_brand","embeddable":true,"href":"https:\/\/boreait.com\/hr\/wp-json\/wp\/v2\/product_brand?post=18271"},{"taxonomy":"product_cat","embeddable":true,"href":"https:\/\/boreait.com\/hr\/wp-json\/wp\/v2\/product_cat?post=18271"},{"taxonomy":"product_tag","embeddable":true,"href":"https:\/\/boreait.com\/hr\/wp-json\/wp\/v2\/product_tag?post=18271"}],"curies":[{"name":"wp","href":"https:\/\/api.w.org\/{rel}","templated":true}]}}