{"id":18250,"date":"2025-07-25T10:46:12","date_gmt":"2025-07-25T10:46:12","guid":{"rendered":"https:\/\/boreait.com\/hr\/?post_type=product&#038;p=18250"},"modified":"2025-07-25T10:47:00","modified_gmt":"2025-07-25T10:47:00","slug":"lenovo-3000-g430-sarke-par-lijevih-i-desnih-sarki-am04e000100-am04e000200","status":"publish","type":"product","link":"https:\/\/boreait.com\/hr\/product\/lenovo-3000-g430-sarke-par-lijevih-i-desnih-sarki-am04e000100-am04e000200\/","title":{"rendered":"Lenovo 3000 G430 \u0160arke, par lijevih i desnih \u0161arki AM04E000100 AM04E000200"},"content":{"rendered":"<p>Ove su \u0161arke bitne komponente koje omogu\u0107uju glatko otvaranje i zatvaranje zaslona prijenosnog ra\u010dunala. Oni pru\u017eaju stabilnost i potporu ekranu, omogu\u0107uju\u0107i mu da ostane na mjestu pod razli\u010ditim kutovima. \u0160arke su obi\u010dno izra\u0111ene od izdr\u017eljivih materijala, poput metala ili oja\u010dane plastike, kako bi izdr\u017eale redovitu uporabu i osigurale dugotrajnu funkcionalnost.<\/p>\n<p>Jedinstveni dizajn para \u0161arki Lenovo 3000 G430 prilago\u0111en je specifi\u010dnim dimenzijama i to\u010dkama ugradnje modela prijenosnog ra\u010dunala. Projektirani su tako da se precizno poravnaju sa zaslonom i tijelom prijenosnog ra\u010dunala, osiguravaju\u0107i sigurnu vezu i ispravnu funkcionalnost.<\/p>\n<p>Kada mijenjate ili popravljate slomljenu \u0161arku, va\u017eno je koristiti ispravan par \u0161arki za va\u0161 model prijenosnog ra\u010dunala. \u0160arke AM04E000100 i AM04E0002004 posebno su dizajnirane za Lenovo 3000 G430 i trebale bi biti kompatibilne i pru\u017eati pouzdano rje\u0161enje za rje\u0161avanje problema povezanih sa \u0161arkama.<\/p>\n","protected":false},"excerpt":{"rendered":"<p>Lenovo 3000 G430 par \u0161arki sastoji se od dvije \u0161arke, posebno dizajnirane za lijevu i desnu stranu prijenosnog ra\u010dunala. Brojevi dijelova za ove \u0161arke su AM04E000100 za lijevu \u0161arku i AM04E0002004 za desnu \u0161arku.<\/p>\n","protected":false},"featured_media":18327,"template":"","meta":[],"product_brand":[],"product_cat":[54],"product_tag":[61],"class_list":{"0":"post-18250","1":"product","2":"type-product","3":"status-publish","4":"has-post-thumbnail","6":"product_cat-screen-hinge","7":"product_tag-lenovo","9":"first","10":"instock","11":"taxable","12":"shipping-taxable","13":"purchasable","14":"product-type-simple"},"_links":{"self":[{"href":"https:\/\/boreait.com\/hr\/wp-json\/wp\/v2\/product\/18250","targetHints":{"allow":["GET"]}}],"collection":[{"href":"https:\/\/boreait.com\/hr\/wp-json\/wp\/v2\/product"}],"about":[{"href":"https:\/\/boreait.com\/hr\/wp-json\/wp\/v2\/types\/product"}],"wp:featuredmedia":[{"embeddable":true,"href":"https:\/\/boreait.com\/hr\/wp-json\/wp\/v2\/media\/18327"}],"wp:attachment":[{"href":"https:\/\/boreait.com\/hr\/wp-json\/wp\/v2\/media?parent=18250"}],"wp:term":[{"taxonomy":"product_brand","embeddable":true,"href":"https:\/\/boreait.com\/hr\/wp-json\/wp\/v2\/product_brand?post=18250"},{"taxonomy":"product_cat","embeddable":true,"href":"https:\/\/boreait.com\/hr\/wp-json\/wp\/v2\/product_cat?post=18250"},{"taxonomy":"product_tag","embeddable":true,"href":"https:\/\/boreait.com\/hr\/wp-json\/wp\/v2\/product_tag?post=18250"}],"curies":[{"name":"wp","href":"https:\/\/api.w.org\/{rel}","templated":true}]}}