{"id":18249,"date":"2025-07-25T10:46:12","date_gmt":"2025-07-25T10:46:12","guid":{"rendered":"https:\/\/boreait.com\/hr\/?post_type=product&#038;p=18249"},"modified":"2025-07-25T10:46:59","modified_gmt":"2025-07-25T10:46:59","slug":"ploca-s-citacem-otisaka-prstiju-lenovo-thinkpad-t440p-s-kabelom-0c45850","status":"publish","type":"product","link":"https:\/\/boreait.com\/hr\/product\/ploca-s-citacem-otisaka-prstiju-lenovo-thinkpad-t440p-s-kabelom-0c45850\/","title":{"rendered":"Plo\u010da s \u010dita\u010dem otisaka prstiju Lenovo ThinkPad T440p s kabelom 0C45850"},"content":{"rendered":"<p>Ova plo\u010da s \u010dita\u010dem otiska prsta dolazi s priklju\u010denim kabelom koji se koristi za spajanje plo\u010de na mati\u010dnu plo\u010du prijenosnog ra\u010dunala. Kabel omogu\u0107uje prijenos podataka i napajanja izme\u0111u plo\u010de \u010dita\u010da otiska prsta i glavnog sustava prijenosnog ra\u010dunala.<\/p>\n<p>Svrha plo\u010de \u010dita\u010da otiska prsta je pru\u017eiti dodatni sloj sigurnosti prijenosnom ra\u010dunalu omogu\u0107avanjem provjere autenti\u010dnosti na temelju otiska prsta. Omogu\u0107uje korisnicima prijavu na svoj sustav ili izvo\u0111enje sigurnih radnji jednostavnim stavljanjem prsta na senzor otiska prsta. Plo\u010da bilje\u017ei jedinstvene uzorke otiska prsta korisnika i provjerava ih u odnosu na pohranjene podatke kako bi odobrila ili zabranila pristup.<\/p>\n<p>Lenovo ThinkPad T440p \u010dita\u010d otiska prsta plo\u010da s kabelom (0C45850) originalni je Lenovo dio posebno dizajniran za model laptopa ThinkPad T440p. To je dodatni dodatak koji se po \u017eelji mo\u017ee dodati prijenosnom ra\u010dunalu, pru\u017eaju\u0107i pobolj\u0161anu sigurnost i prakti\u010dnost za korisnike.<\/p>\n","protected":false},"excerpt":{"rendered":"<p>Plo\u010da \u010dita\u010da otiska prsta Lenovo ThinkPad T440p s kabelom (broj dijela 0C45850) je komponenta dizajnirana za model prijenosnog ra\u010dunala Lenovo ThinkPad T440p. Plo\u010da \u010dita\u010da otiska prsta mala je tiskana plo\u010da na kojoj se nalazi tehnologija skeniranja otiska prsta koja se koristi za biometrijsku autentifikaciju na prijenosnom ra\u010dunalu.<\/p>\n","protected":false},"featured_media":18325,"template":"","meta":[],"product_brand":[],"product_cat":[62],"product_tag":[61],"class_list":{"0":"post-18249","1":"product","2":"type-product","3":"status-publish","4":"has-post-thumbnail","6":"product_cat-motherboards-board-parts","7":"product_tag-lenovo","9":"first","10":"instock","11":"taxable","12":"shipping-taxable","13":"purchasable","14":"product-type-simple"},"_links":{"self":[{"href":"https:\/\/boreait.com\/hr\/wp-json\/wp\/v2\/product\/18249","targetHints":{"allow":["GET"]}}],"collection":[{"href":"https:\/\/boreait.com\/hr\/wp-json\/wp\/v2\/product"}],"about":[{"href":"https:\/\/boreait.com\/hr\/wp-json\/wp\/v2\/types\/product"}],"wp:featuredmedia":[{"embeddable":true,"href":"https:\/\/boreait.com\/hr\/wp-json\/wp\/v2\/media\/18325"}],"wp:attachment":[{"href":"https:\/\/boreait.com\/hr\/wp-json\/wp\/v2\/media?parent=18249"}],"wp:term":[{"taxonomy":"product_brand","embeddable":true,"href":"https:\/\/boreait.com\/hr\/wp-json\/wp\/v2\/product_brand?post=18249"},{"taxonomy":"product_cat","embeddable":true,"href":"https:\/\/boreait.com\/hr\/wp-json\/wp\/v2\/product_cat?post=18249"},{"taxonomy":"product_tag","embeddable":true,"href":"https:\/\/boreait.com\/hr\/wp-json\/wp\/v2\/product_tag?post=18249"}],"curies":[{"name":"wp","href":"https:\/\/api.w.org\/{rel}","templated":true}]}}