{"id":18246,"date":"2025-07-25T10:46:11","date_gmt":"2025-07-25T10:46:11","guid":{"rendered":"https:\/\/boreait.com\/hr\/?post_type=product&#038;p=18246"},"modified":"2026-01-14T07:30:52","modified_gmt":"2026-01-14T07:30:52","slug":"4gb-samsung-pc3l-12800s-ram-memorija-prijenosnog-racunala-m471b5173qh0-za-hp-dell-sony","status":"publish","type":"product","link":"https:\/\/boreait.com\/hr\/product\/4gb-samsung-pc3l-12800s-ram-memorija-prijenosnog-racunala-m471b5173qh0-za-hp-dell-sony\/","title":{"rendered":"4gb Samsung Pc3l-12800s RAM memorija prijenosnog ra\u010dunala M471B5173QH0 za HP Dell Sony"},"content":{"rendered":"<div class=\"flex-1 overflow-hidden\">\n<div class=\"react-scroll-to-bottom--css-yocrx-79elbk h-full dark:bg-gray-800\">\n<div class=\"react-scroll-to-bottom--css-yocrx-1n7m0yu\">\n<div class=\"flex flex-col text-sm dark:bg-gray-800\">\n<div class=\"group w-full text-gray-800 dark:text-gray-100 border-b border-black\/10 dark:border-gray-900\/50 bg-gray-50 dark:bg-[#444654]\">\n<div class=\"flex p-4 gap-4 text-base md:gap-6 md:max-w-2xl lg:max-w-[38rem] xl:max-w-3xl md:py-6 lg:px-0 m-auto\">\n<div class=\"relative flex w-[calc(100%-50px)] flex-col gap-1 md:gap-3 lg:w-[calc(100%-115px)]\">\n<div class=\"flex flex-grow flex-col gap-3\">\n<div class=\"min-h-[20px] flex flex-col items-start gap-4 whitespace-pre-wrap break-words\">\n<div class=\"markdown prose w-full break-words dark:prose-invert light\">\n<p>OEM 4GB Samsung PC3L-12800S RAM memorijski modul prijenosnog ra\u010dunala, model M471B5173QH0, dizajniran je za pobolj\u0161anje performansi i brzine va\u0161eg prijenosnog ra\u010dunala. Ima kapacitet od 4 GB, pru\u017eaju\u0107i dovoljno prostora za multitasking i pokretanje aplikacija koje zahtijevaju veliku koli\u010dinu memorije. Specifikacija PC3L-12800S ukazuje na niskonaponski DDR3L SDRAM modul, koji radi na frekvenciji od 1600MHz.<\/p>\n<p>Ovaj memorijski modul je posebno dizajniran za prijenosna ra\u010dunala i kompatibilan je sa \u0161irokim rasponom sustava. Njegov kompaktni oblik i u\u010dinkovit dizajn osiguravaju jednostavnu instalaciju i optimalne performanse. Sa standardom PC3L-12800S, ovaj RAM modul nudi pobolj\u0161anu energetsku u\u010dinkovitost, smanjuju\u0107i potro\u0161nju energije i stvaranje topline.<\/p>\n<p>Modul M471B5173QH0 proizvod je Samsunga, renomiranog proizvo\u0111a\u010da poznatog po svojim pouzdanim i kvalitetnim memorijskim rje\u0161enjima. Podvrgava se rigoroznim procesima testiranja i kontrole kvalitete kako bi se osigurala stabilnost i kompatibilnost s razli\u010ditim modelima prijenosnih ra\u010dunala.<\/p>\n<p>Nadogradite memoriju svog prijenosnog ra\u010dunala s OEM 4GB Samsung PC3L-12800S RAM memorijskim modulom prijenosnog ra\u010dunala i do\u017eivite br\u017eu obradu podataka, glatkiju multitasking i pobolj\u0161anu ukupnu izvedbu sustava.<\/p>\n<\/div>\n<\/div>\n<\/div>\n<div class=\"flex justify-between lg:block\">\n<div class=\"text-gray-400 flex self-end lg:self-center justify-center mt-2 gap-2 md:gap-3 lg:gap-1 lg:absolute lg:top-0 lg:translate-x-full lg:right-0 lg:mt-0 lg:pl-2 visible\">\n<p>&nbsp;<\/p>\n<div class=\"flex gap-1\"><\/div>\n<\/div>\n<\/div>\n<\/div>\n<\/div>\n<\/div>\n<div class=\"h-32 md:h-48 flex-shrink-0\"><\/div>\n<\/div>\n<p>&nbsp;<\/p>\n<\/div>\n<\/div>\n<\/div>\n<div class=\"absolute bottom-0 left-0 w-full border-t md:border-t-0 tamno:border-white\/20 md:border-transparent md:dark:border-transparent md:bg-vert-light-gradient bg-white tamno:bg-gray-800 md:!bg-transparent tamno:md:bg-vert-dark-gradient pt-2 md:-left-2\">\n<div class=\"relative flex h-full flex-1 items-stretch md:flex-col\" role=\"presentation\">\n<div class=\"\">\n<div class=\"h-full flex ml-1 md:w-full md:m-auto md:mb-2 gap-0 md:gap-2 justify-center\">\n<div class=\"flex w-full gap-2 items-center justify-center\">Ponovo generiraj odgovor<\/div>\n<\/div>\n<\/div>\n<\/div>\n<\/div>\n","protected":false},"excerpt":{"rendered":"<p>OEM 4GB Samsung PC3L-12800S RAM memorijski modul prijenosnog ra\u010dunala s brojem modela M471B5173QH0 posebna je vrsta RAM modula koju proizvodi Samsung.<\/p>\n","protected":false},"featured_media":18306,"template":"","meta":[],"product_brand":[],"product_cat":[72,71],"product_tag":[],"class_list":{"0":"post-18246","1":"product","2":"type-product","3":"status-publish","4":"has-post-thumbnail","6":"product_cat-ddr3-ddr3l","7":"product_cat-ram-memory","9":"first","10":"instock","11":"taxable","12":"shipping-taxable","13":"purchasable","14":"product-type-simple"},"_links":{"self":[{"href":"https:\/\/boreait.com\/hr\/wp-json\/wp\/v2\/product\/18246","targetHints":{"allow":["GET"]}}],"collection":[{"href":"https:\/\/boreait.com\/hr\/wp-json\/wp\/v2\/product"}],"about":[{"href":"https:\/\/boreait.com\/hr\/wp-json\/wp\/v2\/types\/product"}],"wp:featuredmedia":[{"embeddable":true,"href":"https:\/\/boreait.com\/hr\/wp-json\/wp\/v2\/media\/18306"}],"wp:attachment":[{"href":"https:\/\/boreait.com\/hr\/wp-json\/wp\/v2\/media?parent=18246"}],"wp:term":[{"taxonomy":"product_brand","embeddable":true,"href":"https:\/\/boreait.com\/hr\/wp-json\/wp\/v2\/product_brand?post=18246"},{"taxonomy":"product_cat","embeddable":true,"href":"https:\/\/boreait.com\/hr\/wp-json\/wp\/v2\/product_cat?post=18246"},{"taxonomy":"product_tag","embeddable":true,"href":"https:\/\/boreait.com\/hr\/wp-json\/wp\/v2\/product_tag?post=18246"}],"curies":[{"name":"wp","href":"https:\/\/api.w.org\/{rel}","templated":true}]}}