{"id":18244,"date":"2025-07-25T10:46:11","date_gmt":"2025-07-25T10:46:11","guid":{"rendered":"https:\/\/boreait.com\/hr\/?post_type=product&#038;p=18244"},"modified":"2026-01-14T07:30:33","modified_gmt":"2026-01-14T07:30:33","slug":"originalni-fujitsu-lifebook-e734-13-3-dc-uticnica-za-napajanje-dc-3-kabela-4-pina","status":"publish","type":"product","link":"https:\/\/boreait.com\/hr\/product\/originalni-fujitsu-lifebook-e734-13-3-dc-uticnica-za-napajanje-dc-3-kabela-4-pina\/","title":{"rendered":"Originalni Fujitsu Lifebook E734 13.3&#8243; DC uti\u010dnica za napajanje DC 3 kabela 4 pina"},"content":{"rendered":"<p>Sustav napajanja s istosmjernom uti\u010dnicom pomno je dizajniran, odra\u017eavaju\u0107i Fujitsuovu predanost kvaliteti i trajnosti. Tri kabela pru\u017eaju optimalnu distribuciju energije, smanjuju\u0107i potencijalne fluktuacije snage i osiguravaju\u0107i stabilne performanse tijekom duljeg razdoblja kori\u0161tenja.<\/p>\n<p>Sa svojom konfiguracijom s \u010detiri pina, DC uti\u010dnica za napajanje osigurava sigurnu i robusnu vezu, smanjuju\u0107i rizik od slu\u010dajnog odspajanja. Ova zna\u010dajka je posebno va\u017ena za pojedince koji su stalno u pokretu, jer jam\u010di neprekinuto napajanje \u010dak i tijekom u\u017eurbanih situacija.<\/p>\n<p>Promi\u0161ljeno projektiranje DC priklju\u010dka za napajanje primjer je Fujitsuove pa\u017enje posve\u0107ene detaljima, omogu\u0107uju\u0107i korisnicima Lifebooka E734 da se usredoto\u010de na svoje zadatke bez ikakvih smetnji povezanih s napajanjem. Bilo da ste profesionalac koji radi na kriti\u010dnim projektima ili student koji pi\u0161e bilje\u0161ke tijekom predavanja, sustav napajanja ovog prijenosnog ra\u010dunala pru\u017ea pouzdanost i bezbri\u017enost, \u0161to ga \u010dini odli\u010dnim izborom za pojedince koji tra\u017ee besprijekorno iskustvo rada s ra\u010dunalom.<\/p>\n","protected":false},"excerpt":{"rendered":"<p>Originalni Fujitsu Lifebook E734 13.3&#8243; je elegantno i sna\u017eno prijenosno ra\u010dunalo dizajnirano da zadovolji zahtjeve modernih profesionalaca. Jedna od njegovih zna\u010dajki koje se isti\u010du je DC uti\u010dnica za napajanje s tri kabela i konfiguracijom s \u010detiri pina. Ova jedinstvena postavka osigurava pouzdanu i u\u010dinkovitu isporuku energije prijenosnom ra\u010dunalu, omogu\u0107uju\u0107i korisnicima besprijekoran rad bez brige o trajanju baterije.<\/p>\n","protected":false},"featured_media":18302,"template":"","meta":[],"product_brand":[],"product_cat":[55],"product_tag":[63],"class_list":{"0":"post-18244","1":"product","2":"type-product","3":"status-publish","4":"has-post-thumbnail","6":"product_cat-cables","7":"product_tag-fujitsu","9":"first","10":"instock","11":"taxable","12":"shipping-taxable","13":"purchasable","14":"product-type-simple"},"_links":{"self":[{"href":"https:\/\/boreait.com\/hr\/wp-json\/wp\/v2\/product\/18244","targetHints":{"allow":["GET"]}}],"collection":[{"href":"https:\/\/boreait.com\/hr\/wp-json\/wp\/v2\/product"}],"about":[{"href":"https:\/\/boreait.com\/hr\/wp-json\/wp\/v2\/types\/product"}],"wp:featuredmedia":[{"embeddable":true,"href":"https:\/\/boreait.com\/hr\/wp-json\/wp\/v2\/media\/18302"}],"wp:attachment":[{"href":"https:\/\/boreait.com\/hr\/wp-json\/wp\/v2\/media?parent=18244"}],"wp:term":[{"taxonomy":"product_brand","embeddable":true,"href":"https:\/\/boreait.com\/hr\/wp-json\/wp\/v2\/product_brand?post=18244"},{"taxonomy":"product_cat","embeddable":true,"href":"https:\/\/boreait.com\/hr\/wp-json\/wp\/v2\/product_cat?post=18244"},{"taxonomy":"product_tag","embeddable":true,"href":"https:\/\/boreait.com\/hr\/wp-json\/wp\/v2\/product_tag?post=18244"}],"curies":[{"name":"wp","href":"https:\/\/api.w.org\/{rel}","templated":true}]}}