{"id":18243,"date":"2025-07-25T10:46:11","date_gmt":"2025-07-25T10:46:11","guid":{"rendered":"https:\/\/boreait.com\/hr\/?post_type=product&#038;p=18243"},"modified":"2025-07-25T10:46:48","modified_gmt":"2025-07-25T10:46:48","slug":"sbb0j08711-kabel-za-lcd-zaslon-za-lenovo-thinkpad-t460s","status":"publish","type":"product","link":"https:\/\/boreait.com\/hr\/product\/sbb0j08711-kabel-za-lcd-zaslon-za-lenovo-thinkpad-t460s\/","title":{"rendered":"SBB0J08711 Kabel za LCD zaslon za Lenovo ThinkPad T460s"},"content":{"rendered":"<div class=\"flex-1 overflow-hidden\">\n<div class=\"react-scroll-to-bottom--css-setzj-79elbk h-full dark:bg-gray-800\">\n<div class=\"react-scroll-to-bottom--css-setzj-1n7m0yu\">\n<div class=\"flex flex-col text-sm dark:bg-gray-800\">\n<div class=\"group w-full text-gray-800 dark:text-gray-100 border-b border-black\/10 dark:border-gray-900\/50 bg-gray-50 dark:bg-[#444654]\">\n<div class=\"flex p-4 gap-4 text-base md:gap-6 md:max-w-2xl lg:max-w-[38rem] xl:max-w-3xl md:py-6 lg:px-0 m-auto\">\n<div class=\"relative flex w-[calc(100%-50px)] flex-col gap-1 md:gap-3 lg:w-[calc(100%-115px)]\">\n<div class=\"flex flex-grow flex-col gap-3\">\n<div class=\"min-h-[20px] flex flex-col items-start gap-4 whitespace-pre-wrap break-words\">\n<div class=\"markdown prose w-full break-words dark:prose-invert light\">\n<p>Kabel je bitna komponenta za pravilan rad zaslona prijenosnog ra\u010dunala. Odgovoran je za isporuku video signala s grafi\u010dke kartice ili integriranog grafi\u010dkog skupa \u010dipova na LCD zaslon, omogu\u0107uju\u0107i vam da vidite slike, videozapise i drugi vizualni sadr\u017eaj na zaslonu.<\/p>\n<p>Kabel za LCD zaslon SBB0J08711 dizajniran je posebno za ThinkPad T460s, osiguravaju\u0107i kompatibilnost i optimalne performanse. Proizveden je od visokokvalitetnih materijala i precizne konstrukcije za pouzdanu i izdr\u017eljivu vezu izme\u0111u mati\u010dne plo\u010de i zaslona.<\/p>\n<p>Ako imate problema sa zaslonom na va\u0161em ThinkPad T460s, kao \u0161to je treperenje zaslona, nedostatak zaslona ili izobli\u010dene slike, kabel LCD zaslona mo\u017ee biti potencijalni uzrok. U takvim slu\u010dajevima, zamjena kabela kompatibilnim kao \u0161to je SBB0J08711 mo\u017ee pomo\u0107i u rje\u0161avanju problema i vra\u0107anju ispravne funkcije na zaslon prijenosnog ra\u010dunala.<\/p>\n<p>Vrijedi napomenuti da ako niste upoznati s hardverom i popravkom prijenosnog ra\u010dunala, preporu\u010duje se da potra\u017eite stru\u010dnu pomo\u0107 prilikom zamjene kabela LCD zaslona kako biste izbjegli potencijalno o\u0161te\u0107enje prijenosnog ra\u010dunala ili njegovih komponenti.<\/p>\n<\/div>\n<\/div>\n<\/div>\n<\/div>\n<\/div>\n<\/div>\n<\/div>\n<\/div>\n<\/div>\n<\/div>\n","protected":false},"excerpt":{"rendered":"<p>Kabel za LCD zaslon SBB0J08711 poseban je kabel dizajniran za kori\u0161tenje u modelu laptopa Lenovo ThinkPad T460s. Ovaj kabel povezuje mati\u010dnu plo\u010du prijenosnog ra\u010dunala s njegovim LCD zaslonom, oda\u0161iljuju\u0107i potreban video signal i snagu za prikaz slika i grafike na zaslonu.<\/p>\n","protected":false},"featured_media":18300,"template":"","meta":[],"product_brand":[],"product_cat":[55],"product_tag":[],"class_list":{"0":"post-18243","1":"product","2":"type-product","3":"status-publish","4":"has-post-thumbnail","6":"product_cat-cables","8":"first","9":"instock","10":"taxable","11":"shipping-taxable","12":"purchasable","13":"product-type-simple"},"_links":{"self":[{"href":"https:\/\/boreait.com\/hr\/wp-json\/wp\/v2\/product\/18243","targetHints":{"allow":["GET"]}}],"collection":[{"href":"https:\/\/boreait.com\/hr\/wp-json\/wp\/v2\/product"}],"about":[{"href":"https:\/\/boreait.com\/hr\/wp-json\/wp\/v2\/types\/product"}],"wp:featuredmedia":[{"embeddable":true,"href":"https:\/\/boreait.com\/hr\/wp-json\/wp\/v2\/media\/18300"}],"wp:attachment":[{"href":"https:\/\/boreait.com\/hr\/wp-json\/wp\/v2\/media?parent=18243"}],"wp:term":[{"taxonomy":"product_brand","embeddable":true,"href":"https:\/\/boreait.com\/hr\/wp-json\/wp\/v2\/product_brand?post=18243"},{"taxonomy":"product_cat","embeddable":true,"href":"https:\/\/boreait.com\/hr\/wp-json\/wp\/v2\/product_cat?post=18243"},{"taxonomy":"product_tag","embeddable":true,"href":"https:\/\/boreait.com\/hr\/wp-json\/wp\/v2\/product_tag?post=18243"}],"curies":[{"name":"wp","href":"https:\/\/api.w.org\/{rel}","templated":true}]}}