{"id":18230,"date":"2025-07-25T10:45:50","date_gmt":"2025-07-25T10:45:50","guid":{"rendered":"https:\/\/boreait.com\/hr\/?post_type=product&#038;p=18230"},"modified":"2025-07-25T10:46:47","modified_gmt":"2025-07-25T10:46:47","slug":"originalni-zvucnici-fujitsu-lifebook-e736-l-r-cp629840-02","status":"publish","type":"product","link":"https:\/\/boreait.com\/hr\/product\/originalni-zvucnici-fujitsu-lifebook-e736-l-r-cp629840-02\/","title":{"rendered":"Originalni zvu\u010dnici Fujitsu Lifebook E736 L R Cp629840-02"},"content":{"rendered":"<p>Zvu\u010dnici su strate\u0161ki postavljeni na lijevoj i desnoj strani prijenosnog ra\u010dunala, isporu\u010duju\u0107i stereo zvuk za impresivnije audio iskustvo. Napravljeni su za proizvodnju \u010distog i dobro uravnote\u017eenog zvuka, bilo da slu\u0161ate glazbu, gledate video zapise ili sudjelujete u videokonferenciji.<\/p>\n<p>Zvu\u010dnici Cp629840-02 su kompaktni i besprijekorno integrirani u dizajn prijenosnog ra\u010dunala, odr\u017eavaju\u0107i sveukupni ugla\u0111eni i profesionalni izgled Lifebooka E736. Njihov polo\u017eaj omogu\u0107uje da se zvuk projicira izravno prema korisniku, \u0161to rezultira pobolj\u0161anom jasno\u0107om i precizno\u0161\u0107u.<\/p>\n<p>S ovim zvu\u010dnicima mo\u017eete o\u010dekivati bogatu, dinami\u010dnu reprodukciju zvuka u \u0161irokom rasponu frekvencija. Bilo da u\u017eivate u svojim omiljenim melodijama ili sudjelujete u multimedijskim prezentacijama, zvu\u010dnici Lifebook E736 pru\u017eaju ugodno audio iskustvo koje nadopunjuje cjelokupnu funkcionalnost prijenosnog ra\u010dunala.<\/p>\n","protected":false},"excerpt":{"rendered":"<p>Originalni Fujitsu Lifebook E736 zvu\u010dnici, broj dijela Cp629840-02, dizajnirani su za pru\u017eanje audio izlaza visoke kvalitete za pobolj\u0161ano multimedijsko iskustvo. Ovi su zvu\u010dnici posebno skrojeni za model Lifebook E736, osiguravaju\u0107i kompatibilnost i optimalnu izvedbu.<\/p>\n","protected":false},"featured_media":18298,"template":"","meta":[],"product_brand":[],"product_cat":[53],"product_tag":[63],"class_list":{"0":"post-18230","1":"product","2":"type-product","3":"status-publish","4":"has-post-thumbnail","6":"product_cat-laptop-speakers","7":"product_tag-fujitsu","9":"first","10":"instock","11":"taxable","12":"shipping-taxable","13":"purchasable","14":"product-type-simple"},"_links":{"self":[{"href":"https:\/\/boreait.com\/hr\/wp-json\/wp\/v2\/product\/18230","targetHints":{"allow":["GET"]}}],"collection":[{"href":"https:\/\/boreait.com\/hr\/wp-json\/wp\/v2\/product"}],"about":[{"href":"https:\/\/boreait.com\/hr\/wp-json\/wp\/v2\/types\/product"}],"wp:featuredmedia":[{"embeddable":true,"href":"https:\/\/boreait.com\/hr\/wp-json\/wp\/v2\/media\/18298"}],"wp:attachment":[{"href":"https:\/\/boreait.com\/hr\/wp-json\/wp\/v2\/media?parent=18230"}],"wp:term":[{"taxonomy":"product_brand","embeddable":true,"href":"https:\/\/boreait.com\/hr\/wp-json\/wp\/v2\/product_brand?post=18230"},{"taxonomy":"product_cat","embeddable":true,"href":"https:\/\/boreait.com\/hr\/wp-json\/wp\/v2\/product_cat?post=18230"},{"taxonomy":"product_tag","embeddable":true,"href":"https:\/\/boreait.com\/hr\/wp-json\/wp\/v2\/product_tag?post=18230"}],"curies":[{"name":"wp","href":"https:\/\/api.w.org\/{rel}","templated":true}]}}