{"id":18229,"date":"2025-07-25T10:45:50","date_gmt":"2025-07-25T10:45:50","guid":{"rendered":"https:\/\/boreait.com\/hr\/?post_type=product&#038;p=18229"},"modified":"2026-01-14T07:30:12","modified_gmt":"2026-01-14T07:30:12","slug":"fujitsu-lifebook-s935-series-usb-audio-ploca-citaca-sd-kartica","status":"publish","type":"product","link":"https:\/\/boreait.com\/hr\/product\/fujitsu-lifebook-s935-series-usb-audio-ploca-citaca-sd-kartica\/","title":{"rendered":"Fujitsu Lifebook S935 Series USB Audio plo\u010da \u010dita\u010da SD kartica"},"content":{"rendered":"<p>Ova plo\u010da ima USB priklju\u010dak koji vam omogu\u0107uje spajanje raznih USB ure\u0111aja, poput vanjskih tvrdih diskova, tipkovnica, mi\u0161eva i USB flash pogona. Omogu\u0107uje velike brzine prijenosa podataka, osiguravaju\u0107i u\u010dinkovitu i pouzdanu vezu izme\u0111u va\u0161eg prijenosnog ra\u010dunala i povezanih USB ure\u0111aja.<\/p>\n<p>Osim toga, zna\u010dajka USB Audio omogu\u0107uje vam povezivanje perifernih audio ure\u0111aja, uklju\u010duju\u0107i slu\u0161alice, zvu\u010dnike i mikrofone. Ova funkcionalnost osigurava jasan i visokokvalitetan audio izlaz ili ulaz, pobolj\u0161avaju\u0107i va\u0161e multimedijsko iskustvo i olak\u0161avaju\u0107i komunikaciju.<\/p>\n<p>Funkcija \u010dita\u010da SD kartica na ovoj plo\u010di omogu\u0107uje vam jednostavan pristup i prijenos podataka sa SD memorijskih kartica. Podr\u017eava razli\u010dite vrste SD kartica, uklju\u010duju\u0107i SDHC (Secure Digital High Capacity) i SDXC (Secure Digital eXtended Capacity), koje se obi\u010dno koriste u digitalnim fotoaparatima, pametnim telefonima i drugim prijenosnim ure\u0111ajima. Uz \u010dita\u010d SD kartica, mo\u017eete brzo uvesti fotografije, video zapise, dokumente i druge datoteke sa svojih SD kartica na prijenosno ra\u010dunalo Fujitsu Lifebook S935.<\/p>\n<p>Sve u svemu, Fujitsu Lifebook S935 Series USB Audio SD Card Reader Board pru\u017ea svestrano i prakti\u010dno rje\u0161enje za pro\u0161irenje opcija povezivanja i mogu\u0107nosti prijenosa podataka na va\u0161em prijenosnom ra\u010dunalu.<\/p>\n","protected":false},"excerpt":{"rendered":"<p>Fujitsu Lifebook S935 Series USB Audio SD Card Reader Board je komponenta posebno dizajnirana za Fujitsu Lifebook S935 seriju laptopa. Slu\u017ei kao su\u010delje za spajanje USB ure\u0111aja, audio periferije i \u010ditanje SD memorijskih kartica.<\/p>\n","protected":false},"featured_media":18296,"template":"","meta":[],"product_brand":[],"product_cat":[62],"product_tag":[63],"class_list":{"0":"post-18229","1":"product","2":"type-product","3":"status-publish","4":"has-post-thumbnail","6":"product_cat-motherboards-board-parts","7":"product_tag-fujitsu","9":"first","10":"instock","11":"taxable","12":"shipping-taxable","13":"purchasable","14":"product-type-simple"},"_links":{"self":[{"href":"https:\/\/boreait.com\/hr\/wp-json\/wp\/v2\/product\/18229","targetHints":{"allow":["GET"]}}],"collection":[{"href":"https:\/\/boreait.com\/hr\/wp-json\/wp\/v2\/product"}],"about":[{"href":"https:\/\/boreait.com\/hr\/wp-json\/wp\/v2\/types\/product"}],"wp:featuredmedia":[{"embeddable":true,"href":"https:\/\/boreait.com\/hr\/wp-json\/wp\/v2\/media\/18296"}],"wp:attachment":[{"href":"https:\/\/boreait.com\/hr\/wp-json\/wp\/v2\/media?parent=18229"}],"wp:term":[{"taxonomy":"product_brand","embeddable":true,"href":"https:\/\/boreait.com\/hr\/wp-json\/wp\/v2\/product_brand?post=18229"},{"taxonomy":"product_cat","embeddable":true,"href":"https:\/\/boreait.com\/hr\/wp-json\/wp\/v2\/product_cat?post=18229"},{"taxonomy":"product_tag","embeddable":true,"href":"https:\/\/boreait.com\/hr\/wp-json\/wp\/v2\/product_tag?post=18229"}],"curies":[{"name":"wp","href":"https:\/\/api.w.org\/{rel}","templated":true}]}}