{"id":18227,"date":"2025-07-25T10:45:49","date_gmt":"2025-07-25T10:45:49","guid":{"rendered":"https:\/\/boreait.com\/hr\/?post_type=product&#038;p=18227"},"modified":"2026-01-14T07:29:47","modified_gmt":"2026-01-14T07:29:47","slug":"hladnjak-procesora-fujitsu-lifebook-s762-z20801","status":"publish","type":"product","link":"https:\/\/boreait.com\/hr\/product\/hladnjak-procesora-fujitsu-lifebook-s762-z20801\/","title":{"rendered":"Hladnjak procesora Fujitsu LifeBook S762 Z20801"},"content":{"rendered":"<div class=\"flex-1 overflow-hidden\">\n<div class=\"react-scroll-to-bottom--css-kpoah-79elbk h-full dark:bg-gray-800\">\n<div class=\"react-scroll-to-bottom--css-kpoah-1n7m0yu\">\n<div class=\"flex flex-col text-sm dark:bg-gray-800\">\n<div class=\"group w-full text-gray-800 dark:text-gray-100 border-b border-black\/10 dark:border-gray-900\/50 bg-gray-50 dark:bg-[#444654]\">\n<div class=\"flex p-4 gap-4 text-base md:gap-6 md:max-w-2xl lg:max-w-[38rem] xl:max-w-3xl md:py-6 lg:px-0 m-auto\">\n<div class=\"relative flex w-[calc(100%-50px)] flex-col gap-1 md:gap-3 lg:w-[calc(100%-115px)]\">\n<div class=\"flex flex-grow flex-col gap-3\">\n<div class=\"min-h-[20px] flex flex-col items-start gap-4 whitespace-pre-wrap break-words\">\n<div class=\"markdown prose w-full break-words dark:prose-invert light\">\n<p>Hladnjak za hla\u0111enje CPU-a klju\u010dna je komponenta ra\u010dunalnog sustava koja poma\u017ee u odvo\u0111enju topline koju stvara sredi\u0161nja procesorska jedinica (CPU). To je obi\u010dno metalni ure\u0111aj dizajniran za prijenos topline s CPU-a u okolni zrak.<\/p>\n<p>Hladnjak je obi\u010dno izra\u0111en od materijala visoke toplinske vodljivosti, poput aluminija ili bakra, \u0161to poma\u017ee u u\u010dinkovitom prijenosu topline. Sastoji se od niza peraja ili grebena koji pove\u0107avaju povr\u0161inu radi boljeg odvo\u0111enja topline. Hladnjak je montiran izravno na vrhu CPU-a i \u010desto ga prati ventilator, poznat kao CPU ventilator, kako bi se pobolj\u0161ala u\u010dinkovitost hla\u0111enja.<\/p>\n<p>Ventilator CPU-a pu\u0161e zrak preko hladnjaka, \u0161to poma\u017ee u odvo\u0111enju topline koju apsorbira hladnjak. Ova kombinacija hladnjaka i ventilatora obi\u010dno se naziva CPU hladnjak. Neki CPU hladnjaci tako\u0111er mogu sadr\u017eavati toplinske cijevi, \u0161uplje cijevi ispunjene teku\u0107inom koja provodi toplinu kako bi se pobolj\u0161ala u\u010dinkovitost prijenosa topline.<\/p>\n<p>Razli\u010diti ra\u010dunalni sustavi mogu zahtijevati posebne CPU hladnjake na temelju \u010dimbenika kao \u0161to su tip CPU uti\u010dnice, potro\u0161nja energije i termalna snaga (TDP) CPU-a. Va\u017eno je odabrati rashladni hladnjak CPU-a koji je kompatibilan s va\u0161im specifi\u010dnim CPU-om i mati\u010dnom plo\u010dom.<\/p>\n<p>Prilikom zamjene ili nadogradnje rashladnog hladnjaka CPU-a, klju\u010dno je osigurati kompatibilnost s vrstom CPU uti\u010dnice i fizi\u010dkim dimenzijama va\u0161e mati\u010dne plo\u010de. Osim toga, uzimanje u obzir \u010dimbenika kao \u0161to su razina buke, u\u010dinak hla\u0111enja i raspolo\u017eivi prostor unutar ku\u0107i\u0161ta va\u0161eg ra\u010dunala mo\u017ee vam pomo\u0107i u odabiru odgovaraju\u0107eg rje\u0161enja za hla\u0111enje CPU-a.<\/p>\n<p>Preporu\u010da se obratiti se na specifikacije i smjernice proizvo\u0111a\u010da ili se posavjetovati s tehni\u010dkim stru\u010dnjacima prilikom odabira ili instaliranja hladnjaka za hla\u0111enje procesora kako biste osigurali ispravnu funkcionalnost i optimalne performanse hla\u0111enja za va\u0161 ra\u010dunalni sustav.<\/p>\n<\/div>\n<\/div>\n<\/div>\n<\/div>\n<\/div>\n<\/div>\n<\/div>\n<p>&nbsp;<\/p>\n<\/div>\n<\/div>\n<\/div>\n","protected":false},"excerpt":{"rendered":"<p>Hladnjak za hla\u0111enje CPU-a klju\u010dna je komponenta ra\u010dunalnog sustava koja poma\u017ee u odvo\u0111enju topline koju stvara sredi\u0161nja procesorska jedinica (CPU). To je obi\u010dno metalni ure\u0111aj dizajniran za prijenos topline s CPU-a u okolni zrak. Hladnjak je obi\u010dno izra\u0111en od materijala visoke toplinske vodljivosti, poput aluminija ili bakra, \u0161to poma\u017ee u u\u010dinkovitom prijenosu topline. Sastoji se [&hellip;]<\/p>\n","protected":false},"featured_media":18292,"template":"","meta":[],"product_brand":[],"product_cat":[68],"product_tag":[63],"class_list":{"0":"post-18227","1":"product","2":"type-product","3":"status-publish","4":"has-post-thumbnail","6":"product_cat-cpu-fans-heatsinks","7":"product_tag-fujitsu","9":"first","10":"instock","11":"taxable","12":"shipping-taxable","13":"purchasable","14":"product-type-simple"},"_links":{"self":[{"href":"https:\/\/boreait.com\/hr\/wp-json\/wp\/v2\/product\/18227","targetHints":{"allow":["GET"]}}],"collection":[{"href":"https:\/\/boreait.com\/hr\/wp-json\/wp\/v2\/product"}],"about":[{"href":"https:\/\/boreait.com\/hr\/wp-json\/wp\/v2\/types\/product"}],"wp:featuredmedia":[{"embeddable":true,"href":"https:\/\/boreait.com\/hr\/wp-json\/wp\/v2\/media\/18292"}],"wp:attachment":[{"href":"https:\/\/boreait.com\/hr\/wp-json\/wp\/v2\/media?parent=18227"}],"wp:term":[{"taxonomy":"product_brand","embeddable":true,"href":"https:\/\/boreait.com\/hr\/wp-json\/wp\/v2\/product_brand?post=18227"},{"taxonomy":"product_cat","embeddable":true,"href":"https:\/\/boreait.com\/hr\/wp-json\/wp\/v2\/product_cat?post=18227"},{"taxonomy":"product_tag","embeddable":true,"href":"https:\/\/boreait.com\/hr\/wp-json\/wp\/v2\/product_tag?post=18227"}],"curies":[{"name":"wp","href":"https:\/\/api.w.org\/{rel}","templated":true}]}}