{"id":18225,"date":"2025-07-25T10:45:49","date_gmt":"2025-07-25T10:45:49","guid":{"rendered":"https:\/\/boreait.com\/hr\/?post_type=product&#038;p=18225"},"modified":"2025-07-25T10:46:42","modified_gmt":"2025-07-25T10:46:42","slug":"fujitsu-lifebook-a574-k-donji-panel","status":"publish","type":"product","link":"https:\/\/boreait.com\/hr\/product\/fujitsu-lifebook-a574-k-donji-panel\/","title":{"rendered":"Fujitsu LIFEBOOK A574\/K donji panel"},"content":{"rendered":"<div class=\"flex-1 overflow-hidden\">\n<div class=\"react-scroll-to-bottom--css-saomo-79elbk h-full dark:bg-gray-800\">\n<div class=\"react-scroll-to-bottom--css-saomo-1n7m0yu\">\n<div class=\"flex flex-col text-sm dark:bg-gray-800\">\n<div class=\"group w-full text-gray-800 dark:text-gray-100 border-b border-black\/10 dark:border-gray-900\/50 bg-gray-50 dark:bg-[#444654]\">\n<div class=\"flex p-4 gap-4 text-base md:gap-6 md:max-w-2xl lg:max-w-[38rem] xl:max-w-3xl md:py-6 lg:px-0 m-auto\">\n<div class=\"relative flex w-[calc(100%-50px)] flex-col gap-1 md:gap-3 lg:w-[calc(100%-115px)]\">\n<div class=\"flex flex-grow flex-col gap-3\">\n<div class=\"min-h-[20px] flex flex-col items-start gap-4 whitespace-pre-wrap break-words\">\n<div class=\"markdown prose w-full break-words dark:prose-invert light\">\n<p>Da biste otvorili donju plo\u010du prijenosnog ra\u010dunala Fujitsu LIFEBOOK, slijedite ove op\u0107enite korake:<\/p>\n<ol>\n<li>Isklju\u010dite prijenosno ra\u010dunalo i odspojite sve vanjske izvore napajanja.<\/li>\n<li>Postavite prijenosno ra\u010dunalo na ravnu, stabilnu povr\u0161inu.<\/li>\n<li>Okrenite prijenosno ra\u010dunalo naopako, tako da donja plo\u010da bude okrenuta prema gore.<\/li>\n<li>Potra\u017eite niz vijaka koji pri\u010dvr\u0161\u0107uju donju plo\u010du. Ti se vijci obi\u010dno nalaze du\u017e rubova ili na odre\u0111enim mjestima ozna\u010denim simbolima (kao \u0161to je mala ikona tipkovnice) koji ozna\u010davaju njihovu svrhu.<\/li>\n<li>Upotrijebite odgovaraju\u0107i odvija\u010d za uklanjanje vijaka. \u010cuvajte ih na sigurnom mjestu jer \u0107e vam trebati za ponovno sastavljanje.<\/li>\n<li>Kada su svi vijci uklonjeni, nje\u017eno gurnite ili podignite donju plo\u010du s prijenosnog ra\u010dunala. Mogu postojati kop\u010de ili zasuni koji ga dr\u017ee na mjestu, stoga pazite da ga ne silite i primijenite blagi pritisak ako je potrebno.<\/li>\n<li>Uz uklonjenu donju plo\u010du, trebali biste imati pristup komponentama kao \u0161to su tvrdi disk, RAM utori i mo\u017eda baterija. Budite oprezni pri rukovanju ovim komponentama i slijedite sve upute ili mjere opreza koje daje Fujitsu.<\/li>\n<\/ol>\n<p>Va\u017eno je napomenuti da to\u010dan postupak i izgled mogu varirati ovisno o specifi\u010dnom modelu va\u0161eg prijenosnog ra\u010dunala LIFEBOOK. Stoga je preporu\u010dljivo konzultirati korisni\u010dki priru\u010dnik ili dokumentaciju za podr\u0161ku koju Fujitsu nudi za va\u0161 odre\u0111eni model. To \u0107e vam osigurati najto\u010dnije i detaljnije upute prilago\u0111ene va\u0161em ure\u0111aju.<\/p>\n<\/div>\n<\/div>\n<\/div>\n<\/div>\n<\/div>\n<\/div>\n<\/div>\n<\/div>\n<\/div>\n<\/div>\n","protected":false},"excerpt":{"rendered":"<p>Donja plo\u010da prijenosnih ra\u010dunala serije Fujitsu LIFEBOOK op\u0107enito omogu\u0107uje pristup raznim unutarnjim komponentama za odr\u017eavanje ili nadogradnju. Me\u0111utim, budu\u0107i da unutar serije LIFEBOOK postoje brojni modeli, to\u010dan dizajn i na\u010din pristupa komponentama mogu varirati.<\/p>\n","protected":false},"featured_media":18288,"template":"","meta":[],"product_brand":[],"product_cat":[51],"product_tag":[63],"class_list":{"0":"post-18225","1":"product","2":"type-product","3":"status-publish","4":"has-post-thumbnail","6":"product_cat-laptop-housing","7":"product_tag-fujitsu","9":"first","10":"instock","11":"taxable","12":"shipping-taxable","13":"purchasable","14":"product-type-simple"},"_links":{"self":[{"href":"https:\/\/boreait.com\/hr\/wp-json\/wp\/v2\/product\/18225","targetHints":{"allow":["GET"]}}],"collection":[{"href":"https:\/\/boreait.com\/hr\/wp-json\/wp\/v2\/product"}],"about":[{"href":"https:\/\/boreait.com\/hr\/wp-json\/wp\/v2\/types\/product"}],"wp:featuredmedia":[{"embeddable":true,"href":"https:\/\/boreait.com\/hr\/wp-json\/wp\/v2\/media\/18288"}],"wp:attachment":[{"href":"https:\/\/boreait.com\/hr\/wp-json\/wp\/v2\/media?parent=18225"}],"wp:term":[{"taxonomy":"product_brand","embeddable":true,"href":"https:\/\/boreait.com\/hr\/wp-json\/wp\/v2\/product_brand?post=18225"},{"taxonomy":"product_cat","embeddable":true,"href":"https:\/\/boreait.com\/hr\/wp-json\/wp\/v2\/product_cat?post=18225"},{"taxonomy":"product_tag","embeddable":true,"href":"https:\/\/boreait.com\/hr\/wp-json\/wp\/v2\/product_tag?post=18225"}],"curies":[{"name":"wp","href":"https:\/\/api.w.org\/{rel}","templated":true}]}}