{"id":18209,"date":"2025-07-25T10:45:27","date_gmt":"2025-07-25T10:45:27","guid":{"rendered":"https:\/\/boreait.com\/hr\/?post_type=product&#038;p=18209"},"modified":"2025-07-25T10:46:32","modified_gmt":"2025-07-25T10:46:32","slug":"okvir-lcd-zaslona-fujitsu-lifebook-s935","status":"publish","type":"product","link":"https:\/\/boreait.com\/hr\/product\/okvir-lcd-zaslona-fujitsu-lifebook-s935\/","title":{"rendered":"Okvir LCD zaslona Fujitsu Lifebook S935"},"content":{"rendered":"<p>Fujitsu Lifebook S935 okvir LCD zaslona klju\u010dna je komponenta dizajnirana posebno za model prijenosnog ra\u010dunala Fujitsu Lifebook S935. Ovaj visokokvalitetni okvir okru\u017euje i \u0161titi LCD zaslon, pru\u017eaju\u0107i elegantan i ugla\u0111en izgled, a istovremeno osigurava sigurnost zaslona.<\/p>\n<p>Izra\u0111en s precizno\u0161\u0107u i pa\u017enjom za detalje, okvir LCD zaslona izra\u0111en je od izdr\u017eljivih materijala koji nude izvrsnu otpornost na svakodnevno habanje. Djeluje kao za\u0161titni okvir, \u0161tite\u0107i LCD zaslon od ogrebotina, pra\u0161ine i drugih mogu\u0107ih o\u0161te\u0107enja, \u010duvaju\u0107i netaknutu kvalitetu zaslona va\u0161eg prijenosnog ra\u010dunala.<\/p>\n<p>Okvir LCD zaslona Fujitsu Lifebook S935 ima elegantan i moderan dizajn koji se besprijekorno uklapa u cjelokupnu estetiku prijenosnog ra\u010dunala. Dodaje da\u0161ak sofisticiranosti dok odr\u017eava profesionalni izgled ure\u0111aja. Sa svojim preciznim pristajanjem i zavr\u0161nom obradom, okvir pru\u017ea besprijekoran prijelaz sa zaslona na tijelo prijenosnog ra\u010dunala, stvaraju\u0107i vizualno privla\u010dan i kohezivan izgled.<\/p>\n<p>Zamjena okvira LCD zaslona je jednostavan postupak koji zahtijeva minimalnu tehni\u010dku stru\u010dnost. Dolazi s potrebnim monta\u017enim nosa\u010dima i vijcima, koji vam omogu\u0107uju jednostavno uklanjanje starog okvira i postavljanje novog. Ovaj dizajn prilago\u0111en korisniku osigurava da \u010dak i pojedinci s ograni\u010denim tehni\u010dkim znanjem mogu izvr\u0161iti zamjenu bez napora.<\/p>\n<p>Ulaganje u okvir LCD zaslona Fujitsu Lifebook S935 ne samo da pobolj\u0161ava vizualnu privla\u010dnost va\u0161eg prijenosnog ra\u010dunala, ve\u0107 i \u0161titi osjetljivi LCD zaslon. Djeluje kao barijera protiv slu\u010dajnih udaraca, ogrebotina i drugih potencijalnih opasnosti, osiguravaju\u0107i dugotrajnost i optimalnu izvedbu va\u0161eg zaslona.<\/p>\n<p>Ovaj originalni Fujitsu dodatak proizveden je prema najvi\u0161im standardima, osiguravaju\u0107i kompatibilnost i pouzdanost. Podvrgava se rigoroznim testovima kontrole kvalitete kako bi zadovoljio stroge zahtjeve poznate reputacije Fujitsua. Kada kupite okvir LCD zaslona Fujitsu Lifebook S935, mo\u017eete imati povjerenja u njegovu izdr\u017eljivost i dugotrajnu izvedbu.<\/p>\n","protected":false},"excerpt":{"rendered":"<p>Pobolj\u0161ajte izgled i za\u0161titu svog Fujitsu Lifebook S935 s elegantnim i izdr\u017eljivim okvirom LCD zaslona. Pru\u017ea ugla\u0111en izgled dok istovremeno \u0161titi va\u0161 zaslon. Jednostavna instalacija i pouzdan rad \u010dine ga nezamjenjivim dodatkom.<\/p>\n","protected":false},"featured_media":18268,"template":"","meta":[],"product_brand":[],"product_cat":[51],"product_tag":[63],"class_list":{"0":"post-18209","1":"product","2":"type-product","3":"status-publish","4":"has-post-thumbnail","6":"product_cat-laptop-housing","7":"product_tag-fujitsu","9":"first","10":"instock","11":"taxable","12":"shipping-taxable","13":"purchasable","14":"product-type-simple"},"_links":{"self":[{"href":"https:\/\/boreait.com\/hr\/wp-json\/wp\/v2\/product\/18209","targetHints":{"allow":["GET"]}}],"collection":[{"href":"https:\/\/boreait.com\/hr\/wp-json\/wp\/v2\/product"}],"about":[{"href":"https:\/\/boreait.com\/hr\/wp-json\/wp\/v2\/types\/product"}],"wp:featuredmedia":[{"embeddable":true,"href":"https:\/\/boreait.com\/hr\/wp-json\/wp\/v2\/media\/18268"}],"wp:attachment":[{"href":"https:\/\/boreait.com\/hr\/wp-json\/wp\/v2\/media?parent=18209"}],"wp:term":[{"taxonomy":"product_brand","embeddable":true,"href":"https:\/\/boreait.com\/hr\/wp-json\/wp\/v2\/product_brand?post=18209"},{"taxonomy":"product_cat","embeddable":true,"href":"https:\/\/boreait.com\/hr\/wp-json\/wp\/v2\/product_cat?post=18209"},{"taxonomy":"product_tag","embeddable":true,"href":"https:\/\/boreait.com\/hr\/wp-json\/wp\/v2\/product_tag?post=18209"}],"curies":[{"name":"wp","href":"https:\/\/api.w.org\/{rel}","templated":true}]}}