{"id":18207,"date":"2025-07-25T10:45:27","date_gmt":"2025-07-25T10:45:27","guid":{"rendered":"https:\/\/boreait.com\/hr\/?post_type=product&#038;p=18207"},"modified":"2025-07-25T10:46:30","modified_gmt":"2025-07-25T10:46:30","slug":"sklop-zvucnika-lenovo-thinkpad-t450-t460-ssb0d92908","status":"publish","type":"product","link":"https:\/\/boreait.com\/hr\/product\/sklop-zvucnika-lenovo-thinkpad-t450-t460-ssb0d92908\/","title":{"rendered":"Sklop zvu\u010dnika Lenovo ThinkPad T450 T460 SSB0D92908"},"content":{"rendered":"<div class=\"flex-1 overflow-hidden\">\n<div class=\"react-scroll-to-bottom--css-kaxad-79elbk h-full dark:bg-gray-800\">\n<div class=\"react-scroll-to-bottom--css-kaxad-1n7m0yu\">\n<div class=\"flex flex-col text-sm dark:bg-gray-800\">\n<div class=\"group w-full text-gray-800 dark:text-gray-100 border-b border-black\/10 dark:border-gray-900\/50 bg-gray-50 dark:bg-[#444654]\">\n<div class=\"flex p-4 gap-4 text-base md:gap-6 md:max-w-2xl lg:max-w-[38rem] xl:max-w-3xl md:py-6 lg:px-0 m-auto\">\n<div class=\"relative flex w-[calc(100%-50px)] flex-col gap-1 md:gap-3 lg:w-[calc(100%-115px)]\">\n<div class=\"flex flex-grow flex-col gap-3\">\n<div class=\"min-h-[20px] flex flex-col items-start gap-4 whitespace-pre-wrap break-words\">\n<div class=\"markdown prose w-full break-words dark:prose-invert light\">\n<p>Sklop zvu\u010dnika Lenovo ThinkPad T450 T460, s brojem dijela SSB0D92908, bitna je komponenta dizajnirana posebno za modele prijenosnih ra\u010dunala Lenovo ThinkPad T450 i T460. Ovaj sklop zvu\u010dnika visoke kvalitete dizajniran je za pru\u017eanje iznimnih audio performansi, osiguravaju\u0107i pro\u017eimaju\u0107e i ugodno multimedijsko iskustvo za korisnika.<\/p>\n<p>Sklop zvu\u010dnika odgovoran je za proizvodnju \u010distog i \u017eivog zvuka, \u0161to vam omogu\u0107uje u\u017eivanje u va\u0161oj omiljenoj glazbi, filmovima i video pozivima uz jasnu i bogatu kvalitetu zvuka. Sa svojim preciznim dizajnom i naprednom tehnologijom, ovaj sklop zvu\u010dnika osigurava preciznu reprodukciju zvuka u \u0161irokom frekvencijskom rasponu, omogu\u0107uju\u0107i vam da cijenite svaki detalj u svom audio sadr\u017eaju.<\/p>\n<p>Dizajniran da neprimjetno pristaje u ku\u0107i\u0161te prijenosnog ra\u010dunala, sklop zvu\u010dnika Lenovo ThinkPad T450 T460 jednostavan je za instalaciju, ne zahtijeva tehni\u010dku stru\u010dnost. Dolazi s potrebnim monta\u017enim nosa\u010dima i priklju\u010dcima, \u0161to omogu\u0107uje jednostavan postupak instalacije. Ovo osigurava da \u010dak i po\u010detnici mogu zamijeniti sklop zvu\u010dnika bez ikakvih pote\u0161ko\u0107a.<\/p>\n<p>Lenovo je poznat po predanosti kvaliteti i izdr\u017eljivosti, a ovaj sklop zvu\u010dnika nije iznimka. Izra\u0111en od robusnih materijala, napravljen je da izdr\u017ei svakodnevnu upotrebu i nudi dug \u017eivotni vijek. Mo\u017eete se osloniti na ovaj sklop zvu\u010dnika koji \u0107e pru\u017eiti pouzdanu audio izvedbu tijekom \u017eivotnog vijeka va\u0161eg prijenosnog ra\u010dunala, pobolj\u0161avaju\u0107i va\u0161e cjelokupno iskustvo rada s ra\u010dunalom.<\/p>\n<p>Bez obzira jeste li povremeni korisnik koji u\u017eiva u multimedijskoj zabavi ili profesionalac koji se oslanja na kristalno \u010dist zvuk tijekom sastanaka i prezentacija, sklop zvu\u010dnika Lenovo ThinkPad T450 T460 neophodan je dodatak. Jam\u010di visoku razinu vjernosti zvuka, osiguravaju\u0107i da u potpunosti mo\u017eete u\u017eivati u svom multimedijskom sadr\u017eaju i u\u010dinkovito komunicirati u razli\u010ditim postavkama.<\/p>\n<\/div>\n<\/div>\n<\/div>\n<\/div>\n<\/div>\n<\/div>\n<\/div>\n<\/div>\n<\/div>\n<\/div>\n","protected":false},"excerpt":{"rendered":"<p>Pobolj\u0161ajte audio performanse prijenosnog ra\u010dunala Lenovo ThinkPad T450\/T460 sa sklopom zvu\u010dnika SSB0D92908. Omogu\u0107uje iznimnu kvalitetu zvuka i jednostavan je za postavljanje. Do\u017eivite impresivan zvuk za multimedijsku zabavu i profesionalnu komunikaciju.<\/p>\n","protected":false},"featured_media":18265,"template":"","meta":[],"product_brand":[],"product_cat":[53],"product_tag":[61],"class_list":{"0":"post-18207","1":"product","2":"type-product","3":"status-publish","4":"has-post-thumbnail","6":"product_cat-laptop-speakers","7":"product_tag-lenovo","9":"first","10":"instock","11":"taxable","12":"shipping-taxable","13":"purchasable","14":"product-type-simple"},"_links":{"self":[{"href":"https:\/\/boreait.com\/hr\/wp-json\/wp\/v2\/product\/18207","targetHints":{"allow":["GET"]}}],"collection":[{"href":"https:\/\/boreait.com\/hr\/wp-json\/wp\/v2\/product"}],"about":[{"href":"https:\/\/boreait.com\/hr\/wp-json\/wp\/v2\/types\/product"}],"wp:featuredmedia":[{"embeddable":true,"href":"https:\/\/boreait.com\/hr\/wp-json\/wp\/v2\/media\/18265"}],"wp:attachment":[{"href":"https:\/\/boreait.com\/hr\/wp-json\/wp\/v2\/media?parent=18207"}],"wp:term":[{"taxonomy":"product_brand","embeddable":true,"href":"https:\/\/boreait.com\/hr\/wp-json\/wp\/v2\/product_brand?post=18207"},{"taxonomy":"product_cat","embeddable":true,"href":"https:\/\/boreait.com\/hr\/wp-json\/wp\/v2\/product_cat?post=18207"},{"taxonomy":"product_tag","embeddable":true,"href":"https:\/\/boreait.com\/hr\/wp-json\/wp\/v2\/product_tag?post=18207"}],"curies":[{"name":"wp","href":"https:\/\/api.w.org\/{rel}","templated":true}]}}