{"id":18206,"date":"2025-07-25T10:45:27","date_gmt":"2025-07-25T10:45:27","guid":{"rendered":"https:\/\/boreait.com\/hr\/?post_type=product&#038;p=18206"},"modified":"2025-07-25T10:46:30","modified_gmt":"2025-07-25T10:46:30","slug":"originalni-lenovo-sklop-donjeg-osnovnog-poklopca-za-thinkpad-t440s-t450s-scb0h33204","status":"publish","type":"product","link":"https:\/\/boreait.com\/hr\/product\/originalni-lenovo-sklop-donjeg-osnovnog-poklopca-za-thinkpad-t440s-t450s-scb0h33204\/","title":{"rendered":"Originalni Lenovo sklop donjeg osnovnog poklopca za ThinkPad T440s T450s &#8211; SCB0H33204"},"content":{"rendered":"<p>Originalni Lenovo Bottom Base Cover sklop posebno je dizajniran za modele ThinkPad T440s i T450s, pru\u017eaju\u0107i pouzdano i trajno rje\u0161enje za donji poklopac va\u0161eg prijenosnog ra\u010dunala. Izra\u0111en imaju\u0107i na umu preciznost i kvalitetu, ovaj sklop savr\u0161eno pristaje i besprijekorno se integrira s va\u0161im ure\u0111ajem.<\/p>\n<p>Izra\u0111en od visokokvalitetnih materijala, ovaj donji sklop osnovnog poklopca osigurava dugotrajne performanse i pobolj\u0161anu za\u0161titu za va\u0161 ThinkPad. U\u010dinkovito \u0161titi unutarnje komponente od pra\u0161ine, krhotina i slu\u010dajnih udaraca, \u010duvaju\u0107i integritet va\u0161eg prijenosnog ra\u010dunala. Svojim elegantnim i profesionalnim dizajnom odr\u017eava estetsku privla\u010dnost va\u0161eg ure\u0111aja dok pru\u017ea bitnu strukturnu podr\u0161ku.<\/p>\n<p>Lenovo sklop donjeg osnovnog poklopca jednostavan je za instalaciju, \u0161to vam omogu\u0107uje da bez napora zamijenite postoje\u0107i poklopac bez ikakvih problema. Dolazi opremljen sa svim potrebnim komponentama i priklju\u010dcima, osiguravaju\u0107i glatku i nesmetanu instalaciju. Bez obzira jeste li profesionalac u pokretu ili student koji radi na va\u017enim projektima, ovaj donji sklop poklopca baze je bitan dodatak za odr\u017eavanje funkcionalnosti i izgleda va\u0161eg ThinkPad T440s ili T450s.<\/p>\n","protected":false},"excerpt":{"rendered":"<p>Originalni Lenovo Bottom Base Cover sklop je pouzdano i trajno rje\u0161enje dizajnirano posebno za modele ThinkPad T440s i T450s. Nudi savr\u0161eno pristajanje, vrhunsku za\u0161titu i jednostavnu instalaciju, osiguravaju\u0107i da \u0107e va\u0161e prijenosno ra\u010dunalo ostati u vrhunskom stanju. Nadogradite osnovni poklopac va\u0161eg ThinkPada s ovim elegantnim i profesionalnim sklopom za pobolj\u0161ane performanse i estetiku.<\/p>\n","protected":false},"featured_media":18263,"template":"","meta":[],"product_brand":[],"product_cat":[51],"product_tag":[61],"class_list":{"0":"post-18206","1":"product","2":"type-product","3":"status-publish","4":"has-post-thumbnail","6":"product_cat-laptop-housing","7":"product_tag-lenovo","9":"first","10":"instock","11":"taxable","12":"shipping-taxable","13":"purchasable","14":"product-type-simple"},"_links":{"self":[{"href":"https:\/\/boreait.com\/hr\/wp-json\/wp\/v2\/product\/18206","targetHints":{"allow":["GET"]}}],"collection":[{"href":"https:\/\/boreait.com\/hr\/wp-json\/wp\/v2\/product"}],"about":[{"href":"https:\/\/boreait.com\/hr\/wp-json\/wp\/v2\/types\/product"}],"wp:featuredmedia":[{"embeddable":true,"href":"https:\/\/boreait.com\/hr\/wp-json\/wp\/v2\/media\/18263"}],"wp:attachment":[{"href":"https:\/\/boreait.com\/hr\/wp-json\/wp\/v2\/media?parent=18206"}],"wp:term":[{"taxonomy":"product_brand","embeddable":true,"href":"https:\/\/boreait.com\/hr\/wp-json\/wp\/v2\/product_brand?post=18206"},{"taxonomy":"product_cat","embeddable":true,"href":"https:\/\/boreait.com\/hr\/wp-json\/wp\/v2\/product_cat?post=18206"},{"taxonomy":"product_tag","embeddable":true,"href":"https:\/\/boreait.com\/hr\/wp-json\/wp\/v2\/product_tag?post=18206"}],"curies":[{"name":"wp","href":"https:\/\/api.w.org\/{rel}","templated":true}]}}