{"id":18168,"date":"2025-07-25T10:44:42","date_gmt":"2025-07-25T10:44:42","guid":{"rendered":"https:\/\/boreait.com\/hr\/?post_type=product&#038;p=18168"},"modified":"2025-07-25T10:46:01","modified_gmt":"2025-07-25T10:46:01","slug":"lenovo-thinkpad-t450s-t450-touchpad-wristrest-am0tf000100krd-sb30h55672","status":"publish","type":"product","link":"https:\/\/boreait.com\/hr\/product\/lenovo-thinkpad-t450s-t450-touchpad-wristrest-am0tf000100krd-sb30h55672\/","title":{"rendered":"Lenovo Thinkpad T450s T450 Touchpad Wristrest AM0TF000100KRD SB30H55672"},"content":{"rendered":"<p>Lenovo Thinkpad T450s T450 Touchpad Wristrest AM0TF000100KRD SB30H55672 je originalna komponenta dizajnirana posebno za Lenovo Thinkpad T450s i T450 modele prijenosnih ra\u010dunala. Slu\u017ei kao zamjena za ru\u010dni zglob, pru\u017eaju\u0107i udobnu i ergonomsku povr\u0161inu za va\u0161e dlanove i zape\u0161\u0107a dok koristite touchpad na prijenosnom ra\u010dunalu.<\/p>\n<p>Izra\u0111en s pa\u017enjom posve\u0107enom detaljima i kori\u0161tenjem visokokvalitetnih materijala, ovaj ru\u010dni zglob osigurava izdr\u017eljivost i dugotrajnost. Njegov dizajn neprimjetno se integrira s cjelokupnom estetikom prijenosnog ra\u010dunala, zadr\u017eavaju\u0107i izvorni izgled i dojam va\u0161eg ure\u0111aja. Proces instalacije je jednostavan, \u0161to omogu\u0107uje zamjenu ili nadogradnju bez muke.<\/p>\n<p>Lenovo Thinkpad T450s T450 Touchpad Wristrest AM0TF000100KRD SB30H55672 je autenti\u010dan proizvod koji jam\u010di pouzdano rje\u0161enje za pobolj\u0161anje va\u0161eg iskustva tipkanja i touchpada. Pru\u017eaju\u0107i mjesto za odmor va\u0161im rukama, ima za cilj smanjiti umor tijekom dugotrajnog kori\u0161tenja prijenosnog ra\u010dunala.<\/p>\n<p>Ulaganje u ovaj originalni Lenovo zamjenski dio ne samo da osigurava optimalnu funkcionalnost, ve\u0107 i \u010duva integritet va\u0161eg prijenosnog ra\u010dunala Thinkpad T450s ili T450.<\/p>\n","protected":false},"excerpt":{"rendered":"<div class=\"flex-1 overflow-hidden\">\n<div class=\"react-scroll-to-bottom--css-wcfve-79elbk h-full dark:bg-gray-800\">\n<div class=\"react-scroll-to-bottom--css-wcfve-1n7m0yu\">\n<div class=\"flex flex-col text-sm dark:bg-gray-800\">\n<div class=\"group w-full text-gray-800 dark:text-gray-100 border-b border-black\/10 dark:border-gray-900\/50 bg-gray-50 dark:bg-[#444654]\">\n<div class=\"flex p-4 gap-4 text-base md:gap-6 md:max-w-2xl lg:max-w-[38rem] xl:max-w-3xl md:py-6 lg:px-0 m-auto\">\n<div class=\"relative flex w-[calc(100%-50px)] flex-col gap-1 md:gap-3 lg:w-[calc(100%-115px)]\">\n<div class=\"flex flex-grow flex-col gap-3\">\n<div class=\"min-h-[20px] flex flex-col items-start gap-4 whitespace-pre-wrap break-words\">\n<div class=\"markdown prose w-full break-words dark:prose-invert light\">\n<p>Naslon za ru\u010dni zglob Lenovo Thinkpad T450s T450 AM0TF000100KRD SB30H55672 je autenti\u010dan i izdr\u017eljiv zamjenski sklop za ru\u010dni zglob dizajniran posebno za modele laptopa Lenovo Thinkpad T450s i T450. Pru\u017ea udobnu i ergonomsku povr\u0161inu za va\u0161e dlanove i zape\u0161\u0107a dok koristite touchpad. Postupak instalacije je jednostavan, a njegov dizajn neprimjetno se uklapa u izgled prijenosnog ra\u010dunala. Ovaj naslon za zglob pobolj\u0161ava va\u0161e iskustvo tipkanja i dodirne podloge, smanjuju\u0107i umor tijekom du\u017eeg kori\u0161tenja prijenosnog ra\u010dunala. To je pouzdano rje\u0161enje koje odr\u017eava integritet va\u0161eg Thinkpada.<\/p>\n<\/div>\n<\/div>\n<\/div>\n<\/div>\n<\/div>\n<\/div>\n<\/div>\n<\/div>\n<\/div>\n<\/div>\n","protected":false},"featured_media":18235,"template":"","meta":[],"product_brand":[],"product_cat":[51],"product_tag":[60,61],"class_list":{"0":"post-18168","1":"product","2":"type-product","3":"status-publish","4":"has-post-thumbnail","6":"product_cat-laptop-housing","7":"product_tag-hp","8":"product_tag-lenovo","10":"first","11":"instock","12":"taxable","13":"shipping-taxable","14":"purchasable","15":"product-type-simple"},"_links":{"self":[{"href":"https:\/\/boreait.com\/hr\/wp-json\/wp\/v2\/product\/18168","targetHints":{"allow":["GET"]}}],"collection":[{"href":"https:\/\/boreait.com\/hr\/wp-json\/wp\/v2\/product"}],"about":[{"href":"https:\/\/boreait.com\/hr\/wp-json\/wp\/v2\/types\/product"}],"wp:featuredmedia":[{"embeddable":true,"href":"https:\/\/boreait.com\/hr\/wp-json\/wp\/v2\/media\/18235"}],"wp:attachment":[{"href":"https:\/\/boreait.com\/hr\/wp-json\/wp\/v2\/media?parent=18168"}],"wp:term":[{"taxonomy":"product_brand","embeddable":true,"href":"https:\/\/boreait.com\/hr\/wp-json\/wp\/v2\/product_brand?post=18168"},{"taxonomy":"product_cat","embeddable":true,"href":"https:\/\/boreait.com\/hr\/wp-json\/wp\/v2\/product_cat?post=18168"},{"taxonomy":"product_tag","embeddable":true,"href":"https:\/\/boreait.com\/hr\/wp-json\/wp\/v2\/product_tag?post=18168"}],"curies":[{"name":"wp","href":"https:\/\/api.w.org\/{rel}","templated":true}]}}