{"id":18166,"date":"2025-07-25T10:44:42","date_gmt":"2025-07-25T10:44:42","guid":{"rendered":"https:\/\/boreait.com\/hr\/?post_type=product&#038;p=18166"},"modified":"2026-01-13T16:32:16","modified_gmt":"2026-01-13T16:32:16","slug":"samsung-m471b5773chs-ch9-2gb-1rx8-pc3-10600s-09-10-zzz","status":"publish","type":"product","link":"https:\/\/boreait.com\/hr\/product\/samsung-m471b5773chs-ch9-2gb-1rx8-pc3-10600s-09-10-zzz\/","title":{"rendered":"Samsung M471B5773CHS-CH9 2GB 1Rx8 PC3-10600S-09-10-ZZZ"},"content":{"rendered":"<p>Samsung M471B5773CHS-CH9 2GB 1Rx8 PC3-10600S-09-10-ZZZ RAM modul je pouzdana i visokou\u010dinkovita memorijska komponenta dizajnirana za pobolj\u0161anje performansi va\u0161eg ra\u010dunalnog sustava. S kapacitetom od 2 GB i konfiguracijom 1Rx8, pru\u017ea dovoljno prostora za pohranu za nesmetan multitasking i u\u010dinkovito rukovanje podacima.<\/p>\n<p>Rade\u0107i brzinom od PC3-10600S-09-10-ZZZ, ovaj RAM modul osigurava brzu i pouzdanu obradu podataka, omogu\u0107uju\u0107i besprijekorno izvr\u0161avanje aplikacija i zadataka. Kompatibilan je sa \u0161irokim rasponom ra\u010dunalnih sustava i posebno je prikladan za prijenosna i prijenosna ra\u010dunala.<\/p>\n<p>Samsung M471B5773CHS-CH9 RAM modul je rigorozno testiran kako bi se osigurala njegova kvaliteta i pouzdanost. Zadovoljava industrijske standarde, jam\u010de\u0107i stabilne performanse i kompatibilnost s razli\u010ditim ra\u010dunalnim okru\u017eenjima.<\/p>\n<p>Nadogradnjom va\u0161eg sustava sa Samsung M471B5773CHS-CH9 2GB 1Rx8 PC3-10600S-09-10-ZZZ RAM modulom, mo\u017eete do\u017eivjeti pobolj\u0161ane performanse i odziv. Bilo da pokre\u0107ete aplikacije koje zahtijevaju velike resurse, ure\u0111ujete multimedijski sadr\u017eaj ili obavljate vi\u0161e zadataka, ovaj RAM modul pru\u017eit \u0107e potrebno poja\u010danje za optimizaciju va\u0161eg ra\u010dunalnog iskustva.<\/p>\n","protected":false},"excerpt":{"rendered":"<div class=\"group w-full text-gray-800 dark:text-gray-100 border-b border-black\/10 dark:border-gray-900\/50 bg-gray-50 dark:bg-[#444654]\">\n<div class=\"flex p-4 gap-4 text-base md:gap-6 md:max-w-2xl lg:max-w-[38rem] xl:max-w-3xl md:py-6 lg:px-0 m-auto\">\n<div class=\"relative flex w-[calc(100%-50px)] flex-col gap-1 md:gap-3 lg:w-[calc(100%-115px)]\">\n<div class=\"flex flex-grow flex-col gap-3\">\n<div class=\"min-h-[20px] flex flex-col items-start gap-4 whitespace-pre-wrap break-words\">\n<div class=\"markdown prose w-full break-words dark:prose-invert light\">\n<p>Samsung M471B5773CHS-CH9 2GB 1Rx8 PC3-10600S-09-10-ZZZ RAM modul je pouzdana i visokou\u010dinkovita memorijska komponenta dizajnirana za pobolj\u0161anje performansi sustava. Sa svojim kapacitetom od 2 GB i brzinom PC3-10600S-09-10-ZZZ omogu\u0107uje brzu i u\u010dinkovitu obradu podataka. Testiran na kvalitetu i kompatibilnost, prikladan je za prijenosna i prijenosna ra\u010dunala. Nadogradite svoj sustav s ovim RAM modulom za pobolj\u0161ane performanse i glatkije multitasking mogu\u0107nosti.<\/p>\n<\/div>\n<\/div>\n<\/div>\n<\/div>\n<\/div>\n<\/div>\n","protected":false},"featured_media":18233,"template":"","meta":[],"product_brand":[],"product_cat":[72,71],"product_tag":[],"class_list":{"0":"post-18166","1":"product","2":"type-product","3":"status-publish","4":"has-post-thumbnail","6":"product_cat-ddr3-ddr3l","7":"product_cat-ram-memory","9":"first","10":"instock","11":"taxable","12":"shipping-taxable","13":"purchasable","14":"product-type-simple"},"_links":{"self":[{"href":"https:\/\/boreait.com\/hr\/wp-json\/wp\/v2\/product\/18166","targetHints":{"allow":["GET"]}}],"collection":[{"href":"https:\/\/boreait.com\/hr\/wp-json\/wp\/v2\/product"}],"about":[{"href":"https:\/\/boreait.com\/hr\/wp-json\/wp\/v2\/types\/product"}],"wp:featuredmedia":[{"embeddable":true,"href":"https:\/\/boreait.com\/hr\/wp-json\/wp\/v2\/media\/18233"}],"wp:attachment":[{"href":"https:\/\/boreait.com\/hr\/wp-json\/wp\/v2\/media?parent=18166"}],"wp:term":[{"taxonomy":"product_brand","embeddable":true,"href":"https:\/\/boreait.com\/hr\/wp-json\/wp\/v2\/product_brand?post=18166"},{"taxonomy":"product_cat","embeddable":true,"href":"https:\/\/boreait.com\/hr\/wp-json\/wp\/v2\/product_cat?post=18166"},{"taxonomy":"product_tag","embeddable":true,"href":"https:\/\/boreait.com\/hr\/wp-json\/wp\/v2\/product_tag?post=18166"}],"curies":[{"name":"wp","href":"https:\/\/api.w.org\/{rel}","templated":true}]}}