{"id":18162,"date":"2025-07-25T10:44:41","date_gmt":"2025-07-25T10:44:41","guid":{"rendered":"https:\/\/boreait.com\/hr\/?post_type=product&#038;p=18162"},"modified":"2025-07-25T10:45:46","modified_gmt":"2025-07-25T10:45:46","slug":"3x-elpida-ebj21ue8bfu0-dj-f-2gb-2rx8-pc3-10600s-9-10-f1-ram","status":"publish","type":"product","link":"https:\/\/boreait.com\/hr\/product\/3x-elpida-ebj21ue8bfu0-dj-f-2gb-2rx8-pc3-10600s-9-10-f1-ram\/","title":{"rendered":"3X Elpida EBJ21UE8BFU0-DJ-F (2GB 2RX8 PC3-10600S-9-10-F1) RAM"},"content":{"rendered":"<p>Elpida EBJ21UE8BFU0-DJ-F RAM modul je visokokvalitetna memorijska komponenta dizajnirana za pobolj\u0161anje performansi i u\u010dinkovitosti va\u0161eg ra\u010dunalnog sustava. S kapacitetom od 2 GB i konfiguracijom 2RX8, pru\u017ea dovoljno prostora za pohranjivanje i pristup podacima, omogu\u0107uju\u0107i nesmetan multitasking i pobolj\u0161anu reakciju sustava.<\/p>\n<p>Rade\u0107i brzinom od PC3-10600S-9-10-F1, ovaj RAM modul pru\u017ea brze i pouzdane performanse, osiguravaju\u0107i besprijekorno izvr\u0161avanje aplikacija i zadataka. Njegov optimizirani dizajn i napredna tehnologija omogu\u0107uju u\u010dinkovit prijenos podataka, \u0161to rezultira pobolj\u0161anom ukupnom brzinom i performansama sustava.<\/p>\n<p> Elpida EBJ21UE8BFU0-DJ-F RAM modul je kompatibilan s razli\u010ditim ra\u010dunalnim sustavima i posebno je prikladan za prijenosna i prijenosna ra\u010dunala. Strogo je testiran na kvalitetu i pouzdanost, zadovoljava industrijske standarde kako bi se osigurala optimalna stabilnost i kompatibilnost.<\/p>\n<p>Nadogradnjom va\u0161eg sustava s Elpida EBJ21UE8BFU0-DJ-F RAM modulom, mo\u017eete zna\u010dajno pobolj\u0161ati performanse va\u0161eg ra\u010dunala i do\u017eivjeti br\u017eu obradu podataka. Bilo da pokre\u0107ete zahtjevne aplikacije, obavljate vi\u0161e zadataka istovremeno ili jednostavno pregledavate web, ovaj RAM modul pru\u017eit \u0107e potrebno poja\u010danje za pobolj\u0161anje va\u0161eg cjelokupnog ra\u010dunalnog iskustva.<\/p>\n","protected":false},"excerpt":{"rendered":"<div class=\"flex-1 overflow-hidden\">\n<div class=\"react-scroll-to-bottom--css-ijwin-79elbk h-full dark:bg-gray-800\">\n<div class=\"react-scroll-to-bottom--css-ijwin-1n7m0yu\">\n<div class=\"flex flex-col text-sm dark:bg-gray-800\">\n<div class=\"group w-full text-gray-800 dark:text-gray-100 border-b border-black\/10 dark:border-gray-900\/50 bg-gray-50 dark:bg-[#444654]\">\n<div class=\"flex p-4 gap-4 text-base md:gap-6 md:max-w-2xl lg:max-w-[38rem] xl:max-w-3xl md:py-6 lg:px-0 m-auto\">\n<div class=\"relative flex w-[calc(100%-50px)] flex-col gap-1 md:gap-3 lg:w-[calc(100%-115px)]\">\n<div class=\"flex flex-grow flex-col gap-3\">\n<div class=\"min-h-[20px] flex flex-col items-start gap-4 whitespace-pre-wrap break-words\">\n<div class=\"markdown prose w-full break-words dark:prose-invert light\">\n<p> Elpida EBJ21UE8BFU0-DJ-F RAM modul je visokokvalitetna memorijska komponenta od 2 GB dizajnirana za pobolj\u0161anje performansi sustava. S konfiguracijom 2RX8 i brzinom PC3-10600S-9-10-F1, osigurava brzu i pouzdanu obradu podataka. Testirana kvaliteta i kompatibilnost, pouzdan je izbor za nadogradnju prijenosnih i prijenosnih ra\u010dunala. Pobolj\u0161ajte performanse svog ra\u010dunala instaliranjem Elpida EBJ21UE8BFU0-DJ-F RAM modula i u\u017eivajte u br\u017eoj obradi podataka i pobolj\u0161anim mogu\u0107nostima multitaskinga.<\/p>\n<\/div>\n<\/div>\n<\/div>\n<\/div>\n<\/div>\n<\/div>\n<\/div>\n<\/div>\n<\/div>\n<\/div>\n","protected":false},"featured_media":18221,"template":"","meta":[],"product_brand":[],"product_cat":[71],"product_tag":[],"class_list":{"0":"post-18162","1":"product","2":"type-product","3":"status-publish","4":"has-post-thumbnail","6":"product_cat-ram-memory","8":"first","9":"instock","10":"taxable","11":"shipping-taxable","12":"purchasable","13":"product-type-simple"},"_links":{"self":[{"href":"https:\/\/boreait.com\/hr\/wp-json\/wp\/v2\/product\/18162","targetHints":{"allow":["GET"]}}],"collection":[{"href":"https:\/\/boreait.com\/hr\/wp-json\/wp\/v2\/product"}],"about":[{"href":"https:\/\/boreait.com\/hr\/wp-json\/wp\/v2\/types\/product"}],"wp:featuredmedia":[{"embeddable":true,"href":"https:\/\/boreait.com\/hr\/wp-json\/wp\/v2\/media\/18221"}],"wp:attachment":[{"href":"https:\/\/boreait.com\/hr\/wp-json\/wp\/v2\/media?parent=18162"}],"wp:term":[{"taxonomy":"product_brand","embeddable":true,"href":"https:\/\/boreait.com\/hr\/wp-json\/wp\/v2\/product_brand?post=18162"},{"taxonomy":"product_cat","embeddable":true,"href":"https:\/\/boreait.com\/hr\/wp-json\/wp\/v2\/product_cat?post=18162"},{"taxonomy":"product_tag","embeddable":true,"href":"https:\/\/boreait.com\/hr\/wp-json\/wp\/v2\/product_tag?post=18162"}],"curies":[{"name":"wp","href":"https:\/\/api.w.org\/{rel}","templated":true}]}}