{"id":18159,"date":"2025-07-25T10:44:41","date_gmt":"2025-07-25T10:44:41","guid":{"rendered":"https:\/\/boreait.com\/hr\/?post_type=product&#038;p=18159"},"modified":"2025-07-25T10:45:39","modified_gmt":"2025-07-25T10:45:39","slug":"hp-elitebook-8560p-donja-baza-641182-001-oem","status":"publish","type":"product","link":"https:\/\/boreait.com\/hr\/product\/hp-elitebook-8560p-donja-baza-641182-001-oem\/","title":{"rendered":"HP EliteBook 8560p donja baza 641182-001 OEM"},"content":{"rendered":"<div class=\"group w-full text-gray-800 dark:text-gray-100 border-b border-black\/10 dark:border-gray-900\/50 bg-gray-50 dark:bg-[#444654]\">\n<div class=\"flex p-4 gap-4 text-base md:gap-6 md:max-w-2xl lg:max-w-[38rem] xl:max-w-3xl md:py-6 lg:px-0 m-auto\">\n<div class=\"relative flex w-[calc(100%-50px)] flex-col gap-1 md:gap-3 lg:w-[calc(100%-115px)]\">\n<div class=\"flex flex-grow flex-col gap-3\">\n<div class=\"min-h-[20px] flex flex-col items-start gap-4 whitespace-pre-wrap break-words\">\n<div class=\"markdown prose w-full break-words dark:prose-invert light\">\n<p>Donja baza HP EliteBook 8560p, broj dijela 641182-001, autenti\u010dna je OEM zamjenska komponenta dizajnirana posebno za ovaj model prijenosnog ra\u010dunala. Ova donja baza pru\u017ea strukturnu potporu i za\u0161titu za unutarnje komponente va\u0161eg EliteBook 8560p.<\/p>\n<p>Precizno izra\u0111ena i dizajnirana da zadovolji HP-ove standarde visoke kvalitete, ova donja baza osigurava pravilno pristajanje i besprijekornu integraciju s va\u0161im prijenosnim ra\u010dunalom. Izra\u0111en je od izdr\u017eljivih materijala kako bi izdr\u017eao svakodnevnu upotrebu i osigurao stabilnost ure\u0111aja.<\/p>\n<p>Kada se ispravno instalira, ova zamjenska donja baza vra\u0107a izvornu funkcionalnost i estetiku va\u0161eg EliteBook 8560p. To je autenti\u010dan HP OEM proizvod, bez plagijata ili imitacije, koji jam\u010di kompatibilnost i optimalne performanse.<\/p>\n<p>Nadogradite svoj HP EliteBook 8560p s 641182-001 donjom bazom i u\u017eivajte u obnovljenom i za\u0161ti\u0107enom iskustvu prijenosnog ra\u010dunala. Iskusite bezbri\u017enost koju donosi kori\u0161tenje autenti\u010dne i pouzdane zamjenske komponente.<\/p>\n<\/div>\n<\/div>\n<\/div>\n<\/div>\n<\/div>\n<\/div>\n","protected":false},"excerpt":{"rendered":"<p>Donja baza HP EliteBook 8560p (broj dijela 641182-001) autenti\u010dna je OEM zamjena koja pru\u017ea strukturnu podr\u0161ku i za\u0161titu. Osigurava pravilno pristajanje i besprijekornu integraciju, vra\u0107aju\u0107i i funkcionalnost i estetiku va\u0161em prijenosnom ra\u010dunalu.<\/p>\n","protected":false},"featured_media":18216,"template":"","meta":[],"product_brand":[],"product_cat":[51],"product_tag":[60],"class_list":{"0":"post-18159","1":"product","2":"type-product","3":"status-publish","4":"has-post-thumbnail","6":"product_cat-laptop-housing","7":"product_tag-hp","9":"first","10":"instock","11":"taxable","12":"shipping-taxable","13":"purchasable","14":"product-type-simple"},"_links":{"self":[{"href":"https:\/\/boreait.com\/hr\/wp-json\/wp\/v2\/product\/18159","targetHints":{"allow":["GET"]}}],"collection":[{"href":"https:\/\/boreait.com\/hr\/wp-json\/wp\/v2\/product"}],"about":[{"href":"https:\/\/boreait.com\/hr\/wp-json\/wp\/v2\/types\/product"}],"wp:featuredmedia":[{"embeddable":true,"href":"https:\/\/boreait.com\/hr\/wp-json\/wp\/v2\/media\/18216"}],"wp:attachment":[{"href":"https:\/\/boreait.com\/hr\/wp-json\/wp\/v2\/media?parent=18159"}],"wp:term":[{"taxonomy":"product_brand","embeddable":true,"href":"https:\/\/boreait.com\/hr\/wp-json\/wp\/v2\/product_brand?post=18159"},{"taxonomy":"product_cat","embeddable":true,"href":"https:\/\/boreait.com\/hr\/wp-json\/wp\/v2\/product_cat?post=18159"},{"taxonomy":"product_tag","embeddable":true,"href":"https:\/\/boreait.com\/hr\/wp-json\/wp\/v2\/product_tag?post=18159"}],"curies":[{"name":"wp","href":"https:\/\/api.w.org\/{rel}","templated":true}]}}