{"id":18157,"date":"2025-07-25T10:44:41","date_gmt":"2025-07-25T10:44:41","guid":{"rendered":"https:\/\/boreait.com\/hr\/?post_type=product&#038;p=18157"},"modified":"2025-07-25T10:45:34","modified_gmt":"2025-07-25T10:45:34","slug":"asus-x554l-x555b-x555bp-okvir-lcd-zaslona-13n0-r7a1b11-13nb0628ap0711","status":"publish","type":"product","link":"https:\/\/boreait.com\/hr\/product\/asus-x554l-x555b-x555bp-okvir-lcd-zaslona-13n0-r7a1b11-13nb0628ap0711\/","title":{"rendered":"Asus X554L X555B X555BP okvir LCD zaslona 13N0-R7A1B11 13NB0628AP0711"},"content":{"rendered":"<p>Okvir LCD zaslona Asus X554L X555B X555BP, broj dijela 13N0-R7A1B11 ili 13NB0628AP0711, originalna je zamjenska komponenta dizajnirana posebno za ove modele prijenosnih ra\u010dunala. Ovaj okvir pru\u017ea elegantan i za\u0161titni okvir za LCD zaslon.<\/p>\n<p>Precizno izra\u0111en i projektiran da zadovolji Asusove standarde visoke kvalitete, ovaj okvir LCD zaslona osigurava pravilno pristajanje i besprijekornu integraciju s va\u0161im prijenosnim ra\u010dunalom X554L, X555B ili X555BP. Izra\u0111en je od izdr\u017eljivih materijala kako bi izdr\u017eao svakodnevnu upotrebu i za\u0161titio LCD zaslon od o\u0161te\u0107enja.<\/p>\n<p>Kada se pravilno instalira, ovaj zamjenski okvir vra\u0107a estetski izgled i funkcionalnost LCD zaslona va\u0161eg prijenosnog ra\u010dunala. To je originalan Asusov proizvod, bez plagijata ili imitacije, koji jam\u010di kompatibilnost i optimalnu izvedbu.<\/p>\n<p>Nadogradite svoje prijenosno ra\u010dunalo Asus X554L, X555B ili X555BP s okvirom LCD zaslona 13N0-R7A1B11 ili 13NB0628AP0711 i u\u017eivajte u obnovljenom i za\u0161ti\u0107enom iskustvu zaslona. Iskusite bezbri\u017enost koju donosi kori\u0161tenje autenti\u010dne i pouzdane zamjenske komponente.<\/p>\n","protected":false},"excerpt":{"rendered":"<p>Okvir LCD zaslona Asus X554L X555B X555BP (broj dijela 13N0-R7A1B11 ili 13NB0628AP0711) originalna je zamjena koja pru\u017ea elegantan i za\u0161titni okvir za LCD zaslon va\u0161eg prijenosnog ra\u010dunala. Osigurava pravilno pristajanje i besprijekornu integraciju, vra\u0107aju\u0107i i funkcionalnost i estetiku.<\/p>\n","protected":false},"featured_media":18212,"template":"","meta":[],"product_brand":[],"product_cat":[51],"product_tag":[65],"class_list":{"0":"post-18157","1":"product","2":"type-product","3":"status-publish","4":"has-post-thumbnail","6":"product_cat-laptop-housing","7":"product_tag-asus","9":"first","10":"instock","11":"taxable","12":"shipping-taxable","13":"purchasable","14":"product-type-simple"},"_links":{"self":[{"href":"https:\/\/boreait.com\/hr\/wp-json\/wp\/v2\/product\/18157","targetHints":{"allow":["GET"]}}],"collection":[{"href":"https:\/\/boreait.com\/hr\/wp-json\/wp\/v2\/product"}],"about":[{"href":"https:\/\/boreait.com\/hr\/wp-json\/wp\/v2\/types\/product"}],"wp:featuredmedia":[{"embeddable":true,"href":"https:\/\/boreait.com\/hr\/wp-json\/wp\/v2\/media\/18212"}],"wp:attachment":[{"href":"https:\/\/boreait.com\/hr\/wp-json\/wp\/v2\/media?parent=18157"}],"wp:term":[{"taxonomy":"product_brand","embeddable":true,"href":"https:\/\/boreait.com\/hr\/wp-json\/wp\/v2\/product_brand?post=18157"},{"taxonomy":"product_cat","embeddable":true,"href":"https:\/\/boreait.com\/hr\/wp-json\/wp\/v2\/product_cat?post=18157"},{"taxonomy":"product_tag","embeddable":true,"href":"https:\/\/boreait.com\/hr\/wp-json\/wp\/v2\/product_tag?post=18157"}],"curies":[{"name":"wp","href":"https:\/\/api.w.org\/{rel}","templated":true}]}}