{"id":18156,"date":"2025-07-25T10:44:41","date_gmt":"2025-07-25T10:44:41","guid":{"rendered":"https:\/\/boreait.com\/hr\/?post_type=product&#038;p=18156"},"modified":"2025-07-25T10:45:30","modified_gmt":"2025-07-25T10:45:30","slug":"hp-elitebook-8560p-gornje-donje-kuciste-za-prijenosno-racunalo-641208-001-641182-001","status":"publish","type":"product","link":"https:\/\/boreait.com\/hr\/product\/hp-elitebook-8560p-gornje-donje-kuciste-za-prijenosno-racunalo-641208-001-641182-001\/","title":{"rendered":"HP EliteBook 8560p gornje\/donje ku\u0107i\u0161te za prijenosno ra\u010dunalo 641208-001\/641182-001"},"content":{"rendered":"<p>Gornje\/donje ku\u0107i\u0161te prijenosnog ra\u010dunala HP EliteBook 8560p, brojevi dijelova 641208-001 i 641182-001, originalne su zamjenske komponente dizajnirane posebno za ovaj model prijenosnog ra\u010dunala. Ove futrole pru\u017eaju za\u0161titu i podr\u0161ku za unutarnje komponente va\u0161eg prijenosnog ra\u010dunala.<\/p>\n<p>Izra\u0111ena s kvalitetom i precizno\u0161\u0107u, ova gornja\/donja ku\u0107i\u0161ta osiguravaju pravilno pristajanje i besprijekornu integraciju s va\u0161im HP EliteBook 8560p. Izra\u0111eni su od izdr\u017eljivih materijala kako bi izdr\u017eali svakodnevnu upotrebu i osigurali strukturnu stabilnost prijenosnog ra\u010dunala.<\/p>\n<p>Kada su pravilno instalirane, ove zamjenske futrole vra\u0107aju estetski izgled i funkcionalnost va\u0161eg prijenosnog ra\u010dunala. Oni su originalni HP proizvodi, bez plagijata ili imitacije, jam\u010de\u0107i kompatibilnost i optimalnu izvedbu.<\/p>\n<p>Nadogradite svoj HP EliteBook 8560p s 641208-001\/641182-001 gornjim\/donjim ku\u0107i\u0161tem za prijenosno ra\u010dunalo i u\u017eivajte u obnovljenom i za\u0161ti\u0107enom prijenosnom ra\u010dunalu. Iskusite bezbri\u017enost koju donosi kori\u0161tenje autenti\u010dnih i pouzdanih zamjenskih komponenti.<\/p>\n","protected":false},"excerpt":{"rendered":"<p>Gornje\/donje ku\u0107i\u0161te HP EliteBook 8560p prijenosnog ra\u010dunala (brojevi dijelova 641208-001 i 641182-001) originalne su zamjene koje pru\u017eaju za\u0161titu i strukturnu potporu. Dizajnirani da besprijekorno pristaju va\u0161em prijenosnom ra\u010dunalu, vra\u0107aju i funkcionalnost i estetsku privla\u010dnost.<\/p>\n","protected":false},"featured_media":18210,"template":"","meta":[],"product_brand":[],"product_cat":[51],"product_tag":[60],"class_list":{"0":"post-18156","1":"product","2":"type-product","3":"status-publish","4":"has-post-thumbnail","6":"product_cat-laptop-housing","7":"product_tag-hp","9":"first","10":"instock","11":"taxable","12":"shipping-taxable","13":"purchasable","14":"product-type-simple"},"_links":{"self":[{"href":"https:\/\/boreait.com\/hr\/wp-json\/wp\/v2\/product\/18156","targetHints":{"allow":["GET"]}}],"collection":[{"href":"https:\/\/boreait.com\/hr\/wp-json\/wp\/v2\/product"}],"about":[{"href":"https:\/\/boreait.com\/hr\/wp-json\/wp\/v2\/types\/product"}],"wp:featuredmedia":[{"embeddable":true,"href":"https:\/\/boreait.com\/hr\/wp-json\/wp\/v2\/media\/18210"}],"wp:attachment":[{"href":"https:\/\/boreait.com\/hr\/wp-json\/wp\/v2\/media?parent=18156"}],"wp:term":[{"taxonomy":"product_brand","embeddable":true,"href":"https:\/\/boreait.com\/hr\/wp-json\/wp\/v2\/product_brand?post=18156"},{"taxonomy":"product_cat","embeddable":true,"href":"https:\/\/boreait.com\/hr\/wp-json\/wp\/v2\/product_cat?post=18156"},{"taxonomy":"product_tag","embeddable":true,"href":"https:\/\/boreait.com\/hr\/wp-json\/wp\/v2\/product_tag?post=18156"}],"curies":[{"name":"wp","href":"https:\/\/api.w.org\/{rel}","templated":true}]}}