{"id":18155,"date":"2025-07-25T10:44:41","date_gmt":"2025-07-25T10:44:41","guid":{"rendered":"https:\/\/boreait.com\/hr\/?post_type=product&#038;p=18155"},"modified":"2025-12-04T19:49:43","modified_gmt":"2025-12-04T19:49:43","slug":"hp-elitebook-8560p-touchpad-tipke-misa-560200a00-133g","status":"publish","type":"product","link":"https:\/\/boreait.com\/hr\/product\/hp-elitebook-8560p-touchpad-tipke-misa-560200a00-133g\/","title":{"rendered":"HP EliteBook 8560P Touchpad, tipke mi\u0161a 560200A00-133G"},"content":{"rendered":"<div class=\"group w-full text-gray-800 dark:text-gray-100 border-b border-black\/10 dark:border-gray-900\/50 bg-gray-50 dark:bg-[#444654]\">\n<div class=\"flex p-4 gap-4 text-base md:gap-6 md:max-w-2xl lg:max-w-[38rem] xl:max-w-3xl md:py-6 lg:px-0 m-auto\">\n<div class=\"relative flex w-[calc(100%-50px)] flex-col gap-1 md:gap-3 lg:w-[calc(100%-115px)]\">\n<div class=\"flex flex-grow flex-col gap-3\">\n<div class=\"min-h-[20px] flex flex-col items-start gap-4 whitespace-pre-wrap break-words\">\n<div class=\"markdown prose w-full break-words dark:prose-invert light\">\n<p>Gumbi mi\u0161a s dodirnom podlogom HP EliteBook 8560P, broj dijela 560200A00-133G, originalne su zamjenske komponente dizajnirane posebno za ovaj model prijenosnog ra\u010dunala. Ove tipke mi\u0161a s dodirnom podlogom pru\u017eaju osjetljivu i preciznu kontrolu, omogu\u0107uju\u0107i vam navigaciju i interakciju s prijenosnim ra\u010dunalom bez napora.<\/p>\n<p>Precizno izra\u0111ene i dizajnirane da zadovolje HP-ove standarde visoke kvalitete, ove tipke mi\u0161a s dodirnom podlogom osiguravaju pouzdan rad i besprijekornu integraciju s va\u0161im EliteBook 8560P. Nude udobno i korisni\u010dko iskustvo, omogu\u0107uju\u0107i vam da s lako\u0107om izvodite razne radnje.<\/p>\n<p>Kada su pravilno instalirani, ovi zamjenski gumbi mi\u0161a s dodirnom podlogom vra\u0107aju punu funkcionalnost dodirne podloge va\u0161eg prijenosnog ra\u010dunala, pru\u017eaju\u0107i glatko i ugodno korisni\u010dko iskustvo. Oni su originalni HP proizvodi, bez plagijata ili imitacije, jam\u010de\u0107i kompatibilnost i optimalnu izvedbu.<\/p>\n<p>Nadogradite svoj HP EliteBook 8560P s 560200A00-133G tipkama mi\u0161a s dodirnom podlogom i u\u017eivajte u preciznoj i brzoj kontroli za sve va\u0161e ra\u010dunalne potrebe.<\/p>\n<\/div>\n<\/div>\n<\/div>\n<div class=\"flex justify-between lg:block\">\n<div class=\"text-gray-400 flex self-end lg:self-center justify-center mt-2 gap-2 md:gap-3 lg:gap-1 lg:absolute lg:top-0 lg:translate-x-full lg:right-0 lg:mt-0 lg:pl-2 visible\">\n<p>&nbsp;<\/p>\n<div class=\"flex gap-1\"><\/div>\n<\/div>\n<\/div>\n<\/div>\n<\/div>\n<\/div>\n","protected":false},"excerpt":{"rendered":"<p>Tipke mi\u0161a HP EliteBook 8560P Touchpad (broj dijela 560200A00-133G) originalne su zamjene koje nude osjetljivu i preciznu kontrolu. Dizajnirani za besprijekornu integraciju s va\u0161im prijenosnim ra\u010dunalom, vra\u0107aju punu funkcionalnost va\u0161eg touchpada za glatko korisni\u010dko iskustvo.<\/p>\n","protected":false},"featured_media":18200,"template":"","meta":[],"product_brand":[],"product_cat":[77],"product_tag":[60],"class_list":{"0":"post-18155","1":"product","2":"type-product","3":"status-publish","4":"has-post-thumbnail","6":"product_cat-laptop-touchpads","7":"product_tag-hp","9":"first","10":"instock","11":"taxable","12":"shipping-taxable","13":"purchasable","14":"product-type-simple"},"_links":{"self":[{"href":"https:\/\/boreait.com\/hr\/wp-json\/wp\/v2\/product\/18155","targetHints":{"allow":["GET"]}}],"collection":[{"href":"https:\/\/boreait.com\/hr\/wp-json\/wp\/v2\/product"}],"about":[{"href":"https:\/\/boreait.com\/hr\/wp-json\/wp\/v2\/types\/product"}],"wp:featuredmedia":[{"embeddable":true,"href":"https:\/\/boreait.com\/hr\/wp-json\/wp\/v2\/media\/18200"}],"wp:attachment":[{"href":"https:\/\/boreait.com\/hr\/wp-json\/wp\/v2\/media?parent=18155"}],"wp:term":[{"taxonomy":"product_brand","embeddable":true,"href":"https:\/\/boreait.com\/hr\/wp-json\/wp\/v2\/product_brand?post=18155"},{"taxonomy":"product_cat","embeddable":true,"href":"https:\/\/boreait.com\/hr\/wp-json\/wp\/v2\/product_cat?post=18155"},{"taxonomy":"product_tag","embeddable":true,"href":"https:\/\/boreait.com\/hr\/wp-json\/wp\/v2\/product_tag?post=18155"}],"curies":[{"name":"wp","href":"https:\/\/api.w.org\/{rel}","templated":true}]}}