{"id":18154,"date":"2025-07-25T10:44:41","date_gmt":"2025-07-25T10:44:41","guid":{"rendered":"https:\/\/boreait.com\/hr\/?post_type=product&#038;p=18154"},"modified":"2025-07-25T10:45:21","modified_gmt":"2025-07-25T10:45:21","slug":"straznja-maska-za-lcd-zaslon-hp-elitebook-8560p-641201-001","status":"publish","type":"product","link":"https:\/\/boreait.com\/hr\/product\/straznja-maska-za-lcd-zaslon-hp-elitebook-8560p-641201-001\/","title":{"rendered":"Stra\u017enja maska za LCD zaslon HP EliteBook 8560P 641201-001"},"content":{"rendered":"<p><strong>ISTO KAO NA FOTOGRAFIJI U POPISU!<\/strong><\/p>\n<p>Zadnji poklopac zaslona LCD zaslona HP EliteBook 8560P, broj dijela 641201-001, originalna je zamjenska komponenta dizajnirana posebno za ovaj model prijenosnog ra\u010dunala. Ovaj stra\u017enji poklopac pru\u017ea za\u0161titu i podr\u0161ku za LCD zaslon.<\/p>\n<p>Izra\u0111en kvalitetno i precizno, ovaj stra\u017enji poklopac osigurava pravilno pristajanje i besprijekornu integraciju s va\u0161im HP EliteBook 8560P. Izra\u0111en je od izdr\u017eljivih materijala kako bi izdr\u017eao svakodnevnu upotrebu i za\u0161titio osjetljivi LCD zaslon od ogrebotina i o\u0161te\u0107enja.<\/p>\n<p>Kada se pravilno instalira, ovaj zamjenski stra\u017enji poklopac vra\u0107a estetski izgled i funkcionalnost va\u0161eg prijenosnog ra\u010dunala. To je originalan HP proizvod, bez plagijata ili imitacije, jam\u010di kompatibilnost i optimalnu izvedbu.<\/p>\n<p>Nadogradite svoj HP EliteBook 8560P stra\u017enjim poklopcem zaslona LCD zaslona 641201-001 i u\u017eivajte u obnovljenom i za\u0161ti\u0107enom zaslonu. Iskusite bezbri\u017enost koju donosi kori\u0161tenje autenti\u010dne i pouzdane zamjenske komponente.<\/p>\n","protected":false},"excerpt":{"rendered":"<div class=\"group w-full text-gray-800 dark:text-gray-100 border-b border-black\/10 dark:border-gray-900\/50 bg-gray-50 dark:bg-[#444654]\">\n<div class=\"flex p-4 gap-4 text-base md:gap-6 md:max-w-2xl lg:max-w-[38rem] xl:max-w-3xl md:py-6 lg:px-0 m-auto\">\n<div class=\"relative flex w-[calc(100%-50px)] flex-col gap-1 md:gap-3 lg:w-[calc(100%-115px)]\">\n<div class=\"flex flex-grow flex-col gap-3\">\n<div class=\"min-h-[20px] flex flex-col items-start gap-4 whitespace-pre-wrap break-words\">\n<div class=\"markdown prose w-full break-words dark:prose-invert light\">\n<p>Zadnji poklopac zaslona LCD zaslona HP EliteBook 8560P (broj dijela 641201-001) je originalna zamjenska komponenta koja pru\u017ea za\u0161titu i podr\u0161ku za zaslon va\u0161eg prijenosnog ra\u010dunala. Dizajniran je da besprijekorno pristaje i osigurava kompatibilnost i optimalnu izvedbu.<\/p>\n<\/div>\n<\/div>\n<\/div>\n<\/div>\n<\/div>\n<\/div>\n","protected":false},"featured_media":18198,"template":"","meta":[],"product_brand":[],"product_cat":[51],"product_tag":[60],"class_list":{"0":"post-18154","1":"product","2":"type-product","3":"status-publish","4":"has-post-thumbnail","6":"product_cat-laptop-housing","7":"product_tag-hp","9":"first","10":"instock","11":"taxable","12":"shipping-taxable","13":"purchasable","14":"product-type-simple"},"_links":{"self":[{"href":"https:\/\/boreait.com\/hr\/wp-json\/wp\/v2\/product\/18154","targetHints":{"allow":["GET"]}}],"collection":[{"href":"https:\/\/boreait.com\/hr\/wp-json\/wp\/v2\/product"}],"about":[{"href":"https:\/\/boreait.com\/hr\/wp-json\/wp\/v2\/types\/product"}],"wp:featuredmedia":[{"embeddable":true,"href":"https:\/\/boreait.com\/hr\/wp-json\/wp\/v2\/media\/18198"}],"wp:attachment":[{"href":"https:\/\/boreait.com\/hr\/wp-json\/wp\/v2\/media?parent=18154"}],"wp:term":[{"taxonomy":"product_brand","embeddable":true,"href":"https:\/\/boreait.com\/hr\/wp-json\/wp\/v2\/product_brand?post=18154"},{"taxonomy":"product_cat","embeddable":true,"href":"https:\/\/boreait.com\/hr\/wp-json\/wp\/v2\/product_cat?post=18154"},{"taxonomy":"product_tag","embeddable":true,"href":"https:\/\/boreait.com\/hr\/wp-json\/wp\/v2\/product_tag?post=18154"}],"curies":[{"name":"wp","href":"https:\/\/api.w.org\/{rel}","templated":true}]}}