{"id":18133,"date":"2025-07-25T10:44:20","date_gmt":"2025-07-25T10:44:20","guid":{"rendered":"https:\/\/boreait.com\/hr\/?post_type=product&#038;p=18133"},"modified":"2025-07-25T10:45:16","modified_gmt":"2025-07-25T10:45:16","slug":"kabel-zaslona-zaslon-led-zaslon-kabel-komp-za-p-n-350406b00-01s-g","status":"publish","type":"product","link":"https:\/\/boreait.com\/hr\/product\/kabel-zaslona-zaslon-led-zaslon-kabel-komp-za-p-n-350406b00-01s-g\/","title":{"rendered":"Kabel zaslona Zaslon LED zaslon kabel Komp. za P\/N: 350406B00-01S-G"},"content":{"rendered":"<p>Kabel zaslona LED zaslona kabela zaslona, kompatibilan s P\/N: 350406B00-01S-G, originalna je zamjenska komponenta dizajnirana za odre\u0111ene ure\u0111aje. Ovaj kabel je odgovoran za prijenos video signala s mati\u010dne plo\u010de na LED zaslon, omogu\u0107uju\u0107i vam da u\u017eivate u jasnom i \u017eivopisnom zaslonu.<\/p>\n<p>Izra\u0111en kvalitetno i precizno, ovaj kabel zaslona osigurava pouzdanu i besprijekornu vezu izme\u0111u mati\u010dne plo\u010de i LED zaslona. Dizajniran je kako bi savr\u0161eno pristajao i pru\u017eao optimalne performanse, omogu\u0107uju\u0107i vam da do\u017eivite vizualni prikaz va\u0161eg ure\u0111aja u najboljem izdanju.<\/p>\n<p>Kada je ispravno instaliran, ovaj zamjenski kabel vra\u0107a funkcionalnost va\u0161eg LED zaslona, pru\u017eaju\u0107i o\u0161tar i visokokvalitetan prikaz. To je originalan proizvod, bez plagijata ili imitacije, koji osigurava kompatibilnost i pouzdan rad.<\/p>\n<p>Nadogradite svoj ure\u0111aj kabelom za zaslon s LED zaslonom, kompatibilnim s P\/N: 350406B00-01S-G, i u\u017eivajte u pobolj\u0161anom vizualnom iskustvu s pouzdanom i autenti\u010dnom zamjenskom komponentom.<\/p>\n","protected":false},"excerpt":{"rendered":"<div class=\"group w-full text-gray-800 dark:text-gray-100 border-b border-black\/10 dark:border-gray-900\/50 bg-gray-50 dark:bg-[#444654]\">\n<div class=\"flex p-4 gap-4 text-base md:gap-6 md:max-w-2xl lg:max-w-[38rem] xl:max-w-3xl md:py-6 lg:px-0 m-auto\">\n<div class=\"relative flex w-[calc(100%-50px)] flex-col gap-1 md:gap-3 lg:w-[calc(100%-115px)]\">\n<div class=\"flex flex-grow flex-col gap-3\">\n<div class=\"min-h-[20px] flex flex-col items-start gap-4 whitespace-pre-wrap break-words\">\n<div class=\"markdown prose w-full break-words dark:prose-invert light\">\n<p>Kabel zaslona LED zaslona kabela, kompatibilan s P\/N: 350406B00-01S-G, originalna je zamjenska komponenta. Osigurava pouzdanu povezanost i optimalne performanse, prenose\u0107i video signale s mati\u010dne plo\u010de na LED zaslon. Do\u017eivite jasne i \u017eivopisne slike s ovim autenti\u010dnim i kompatibilnim kabelom.<\/p>\n<\/div>\n<\/div>\n<\/div>\n<\/div>\n<\/div>\n<\/div>\n","protected":false},"featured_media":18196,"template":"","meta":[],"product_brand":[],"product_cat":[55],"product_tag":[],"class_list":{"0":"post-18133","1":"product","2":"type-product","3":"status-publish","4":"has-post-thumbnail","6":"product_cat-cables","8":"first","9":"instock","10":"taxable","11":"shipping-taxable","12":"purchasable","13":"product-type-simple"},"_links":{"self":[{"href":"https:\/\/boreait.com\/hr\/wp-json\/wp\/v2\/product\/18133","targetHints":{"allow":["GET"]}}],"collection":[{"href":"https:\/\/boreait.com\/hr\/wp-json\/wp\/v2\/product"}],"about":[{"href":"https:\/\/boreait.com\/hr\/wp-json\/wp\/v2\/types\/product"}],"wp:featuredmedia":[{"embeddable":true,"href":"https:\/\/boreait.com\/hr\/wp-json\/wp\/v2\/media\/18196"}],"wp:attachment":[{"href":"https:\/\/boreait.com\/hr\/wp-json\/wp\/v2\/media?parent=18133"}],"wp:term":[{"taxonomy":"product_brand","embeddable":true,"href":"https:\/\/boreait.com\/hr\/wp-json\/wp\/v2\/product_brand?post=18133"},{"taxonomy":"product_cat","embeddable":true,"href":"https:\/\/boreait.com\/hr\/wp-json\/wp\/v2\/product_cat?post=18133"},{"taxonomy":"product_tag","embeddable":true,"href":"https:\/\/boreait.com\/hr\/wp-json\/wp\/v2\/product_tag?post=18133"}],"curies":[{"name":"wp","href":"https:\/\/api.w.org\/{rel}","templated":true}]}}