{"id":18130,"date":"2025-07-25T10:44:20","date_gmt":"2025-07-25T10:44:20","guid":{"rendered":"https:\/\/boreait.com\/hr\/?post_type=product&#038;p=18130"},"modified":"2026-01-14T07:07:54","modified_gmt":"2026-01-14T07:07:54","slug":"hp-elitebook-8560p-prijenosno-racunalo-power-jack-dc-kabel-za-punjenje-350712q00-600-g","status":"publish","type":"product","link":"https:\/\/boreait.com\/hr\/product\/hp-elitebook-8560p-prijenosno-racunalo-power-jack-dc-kabel-za-punjenje-350712q00-600-g\/","title":{"rendered":"HP Elitebook 8560p prijenosno ra\u010dunalo Power Jack DC kabel za punjenje 350712Q00-600-G"},"content":{"rendered":"<p>HP Elitebook 8560p Power Jack DC kabel za punjenje 350712Q00-600-G je autenti\u010dni zamjenski kabel posebno dizajniran za HP Elitebook 8560p prijenosno ra\u010dunalo. Ovaj visokokvalitetni kabel je odgovoran za spajanje adaptera za napajanje na prijenosno ra\u010dunalo, omogu\u0107uju\u0107i pouzdano punjenje i napajanje.<\/p>\n<p>Precizno izra\u0111en iu skladu s HP-ovim standardima kvalitete, ovaj kabel za punjenje nudi besprijekornu kompatibilnost i jednostavnu instalaciju. To je izravna zamjena za originalni kabel u va\u0161em HP Elitebook 8560p, osiguravaju\u0107i sigurnu vezu i u\u010dinkovito punjenje.<\/p>\n<p>HP Elitebook 8560p Power Jack DC kabel za punjenje 350712Q00-600-G dizajniran je za stabilno i dosljedno napajanje va\u0161eg prijenosnog ra\u010dunala. Zamjenom va\u0161eg o\u0161te\u0107enog ili neispravnog kabela ovim originalnim zamjenskim, mo\u017eete vratiti funkcionalnost punjenja i osigurati da va\u0161e prijenosno ra\u010dunalo dobije potrebnu snagu.<\/p>\n<p>Ulaganje u originalni HP Elitebook 8560p Power Jack DC kabel za punjenje 350712Q00-600-G jam\u010di pouzdane performanse i kompatibilnost s va\u0161im HP Elitebook 8560p. Njegova autenti\u010dnost i po\u0161tivanje standarda visoke kvalitete \u010dine ga idealnim izborom za korisnike koji tra\u017ee pouzdan zamjenski kabel za potrebe punjenja prijenosnog ra\u010dunala.<\/p>\n","protected":false},"excerpt":{"rendered":"<div class=\"group w-full text-gray-800 dark:text-gray-100 border-b border-black\/10 dark:border-gray-900\/50 bg-gray-50 dark:bg-[#444654]\">\n<div class=\"flex p-4 gap-4 text-base md:gap-6 md:max-w-2xl lg:max-w-[38rem] xl:max-w-3xl md:py-6 lg:px-0 m-auto\">\n<div class=\"relative flex w-[calc(100%-50px)] flex-col gap-1 md:gap-3 lg:w-[calc(100%-115px)]\">\n<div class=\"flex flex-grow flex-col gap-3\">\n<div class=\"min-h-[20px] flex flex-col items-start gap-4 whitespace-pre-wrap break-words\">\n<div class=\"markdown prose w-full break-words dark:prose-invert light\">\n<p>Kabel za napajanje HP Elitebook 8560p DC Charging Cable 350712Q00-600-G je autenti\u010dni zamjenski kabel dizajniran za pouzdano punjenje i napajanje u HP Elitebook 8560p prijenosnom ra\u010dunalu. Osigurava sigurnu vezu i u\u010dinkovito punjenje, pru\u017eaju\u0107i stabilan i dosljedan izvor napajanja.<\/p>\n<\/div>\n<\/div>\n<\/div>\n<\/div>\n<\/div>\n<\/div>\n","protected":false},"featured_media":18192,"template":"","meta":[],"product_brand":[],"product_cat":[55,62],"product_tag":[60],"class_list":{"0":"post-18130","1":"product","2":"type-product","3":"status-publish","4":"has-post-thumbnail","6":"product_cat-cables","7":"product_cat-motherboards-board-parts","8":"product_tag-hp","10":"first","11":"instock","12":"taxable","13":"shipping-taxable","14":"purchasable","15":"product-type-simple"},"_links":{"self":[{"href":"https:\/\/boreait.com\/hr\/wp-json\/wp\/v2\/product\/18130","targetHints":{"allow":["GET"]}}],"collection":[{"href":"https:\/\/boreait.com\/hr\/wp-json\/wp\/v2\/product"}],"about":[{"href":"https:\/\/boreait.com\/hr\/wp-json\/wp\/v2\/types\/product"}],"wp:featuredmedia":[{"embeddable":true,"href":"https:\/\/boreait.com\/hr\/wp-json\/wp\/v2\/media\/18192"}],"wp:attachment":[{"href":"https:\/\/boreait.com\/hr\/wp-json\/wp\/v2\/media?parent=18130"}],"wp:term":[{"taxonomy":"product_brand","embeddable":true,"href":"https:\/\/boreait.com\/hr\/wp-json\/wp\/v2\/product_brand?post=18130"},{"taxonomy":"product_cat","embeddable":true,"href":"https:\/\/boreait.com\/hr\/wp-json\/wp\/v2\/product_cat?post=18130"},{"taxonomy":"product_tag","embeddable":true,"href":"https:\/\/boreait.com\/hr\/wp-json\/wp\/v2\/product_tag?post=18130"}],"curies":[{"name":"wp","href":"https:\/\/api.w.org\/{rel}","templated":true}]}}