{"id":18129,"date":"2025-07-25T10:44:20","date_gmt":"2025-07-25T10:44:20","guid":{"rendered":"https:\/\/boreait.com\/hr\/?post_type=product&#038;p=18129"},"modified":"2025-07-25T10:45:08","modified_gmt":"2025-07-25T10:45:08","slug":"hladnjak-hp-elitebook-8560p-647604-001","status":"publish","type":"product","link":"https:\/\/boreait.com\/hr\/product\/hladnjak-hp-elitebook-8560p-647604-001\/","title":{"rendered":"Hladnjak HP Elitebook 8560p 647604-001"},"content":{"rendered":"<p>Hladnjak HP Elitebook 8560p 647604-001 autenti\u010dan je zamjenski hladnjak posebno dizajniran za prijenosno ra\u010dunalo HP Elitebook 8560p. Ovaj visokokvalitetni hladnjak igra klju\u010dnu ulogu u odr\u017eavanju optimalne temperature unutarnjih komponenti prijenosnog ra\u010dunala, osiguravaju\u0107i u\u010dinkovit i pouzdan rad.<\/p>\n<p>Precizno izra\u0111en iu skladu s HP-ovim standardima kvalitete, ovaj hladnjak nudi besprijekornu kompatibilnost i jednostavnu instalaciju. To je izravna zamjena za originalni rashladni element u va\u0161em HP Elitebook 8560p, jam\u010di pravilno odvo\u0111enje topline i sprje\u010dava probleme s pregrijavanjem.<\/p>\n<p>Hladnjak HP Elitebook 8560p 647604-001 dizajniran je za u\u010dinkovito odvo\u0111enje topline koju stvaraju procesor, grafi\u010dka kartica i druge komponente prijenosnog ra\u010dunala. Zamjenom va\u0161eg starog ili neispravnog hladnjaka ovom originalnom zamjenom mo\u017eete u\u010dinkovito regulirati temperaturu, sprije\u010diti toplinsko prigu\u0161ivanje i odr\u017eati dugovje\u010dnost svog prijenosnog ra\u010dunala.<\/p>\n<p>Ulaganje u originalni hladnjak HP Elitebook 8560p 647604-001 osigurava pouzdan rad i kompatibilnost s va\u0161im HP Elitebook 8560p. Njegova autenti\u010dnost i po\u0161tivanje standarda visoke kvalitete \u010dine ga idealnim izborom za korisnike koji tra\u017ee pouzdan zamjenski hladnjak za potrebe hla\u0111enja svog prijenosnog ra\u010dunala.<\/p>\n","protected":false},"excerpt":{"rendered":"<div class=\"group w-full text-gray-800 dark:text-gray-100 border-b border-black\/10 dark:border-gray-900\/50 bg-gray-50 dark:bg-[#444654]\">\n<div class=\"flex p-4 gap-4 text-base md:gap-6 md:max-w-2xl lg:max-w-[38rem] xl:max-w-3xl md:py-6 lg:px-0 m-auto\">\n<div class=\"relative flex w-[calc(100%-50px)] flex-col gap-1 md:gap-3 lg:w-[calc(100%-115px)]\">\n<div class=\"flex flex-grow flex-col gap-3\">\n<div class=\"min-h-[20px] flex flex-col items-start gap-4 whitespace-pre-wrap break-words\">\n<div class=\"markdown prose w-full break-words dark:prose-invert light\">\n<p>Hladnjak HP Elitebook 8560p 647604-001 je autenti\u010dna zamjena dizajnirana za u\u010dinkovito odvo\u0111enje topline u prijenosnom ra\u010dunalu HP Elitebook 8560p. Njegova visokokvalitetna konstrukcija osigurava pouzdan rad i poma\u017ee u sprje\u010davanju problema s pregrijavanjem, odr\u017eavaju\u0107i optimalne performanse sustava.<\/p>\n<\/div>\n<\/div>\n<\/div>\n<div class=\"flex justify-between lg:block\">\n<div class=\"text-gray-400 flex self-end lg:self-center justify-center mt-2 gap-2 md:gap-3 lg:gap-1 lg:absolute lg:top-0 lg:translate-x-full lg:right-0 lg:mt-0 lg:pl-2 visible\">\n<p>&nbsp;<\/p>\n<div class=\"flex gap-1\"><\/div>\n<\/div>\n<\/div>\n<\/div>\n<\/div>\n<\/div>\n","protected":false},"featured_media":18191,"template":"","meta":[],"product_brand":[],"product_cat":[68],"product_tag":[60],"class_list":{"0":"post-18129","1":"product","2":"type-product","3":"status-publish","4":"has-post-thumbnail","6":"product_cat-cpu-fans-heatsinks","7":"product_tag-hp","9":"first","10":"instock","11":"taxable","12":"shipping-taxable","13":"purchasable","14":"product-type-simple"},"_links":{"self":[{"href":"https:\/\/boreait.com\/hr\/wp-json\/wp\/v2\/product\/18129","targetHints":{"allow":["GET"]}}],"collection":[{"href":"https:\/\/boreait.com\/hr\/wp-json\/wp\/v2\/product"}],"about":[{"href":"https:\/\/boreait.com\/hr\/wp-json\/wp\/v2\/types\/product"}],"wp:featuredmedia":[{"embeddable":true,"href":"https:\/\/boreait.com\/hr\/wp-json\/wp\/v2\/media\/18191"}],"wp:attachment":[{"href":"https:\/\/boreait.com\/hr\/wp-json\/wp\/v2\/media?parent=18129"}],"wp:term":[{"taxonomy":"product_brand","embeddable":true,"href":"https:\/\/boreait.com\/hr\/wp-json\/wp\/v2\/product_brand?post=18129"},{"taxonomy":"product_cat","embeddable":true,"href":"https:\/\/boreait.com\/hr\/wp-json\/wp\/v2\/product_cat?post=18129"},{"taxonomy":"product_tag","embeddable":true,"href":"https:\/\/boreait.com\/hr\/wp-json\/wp\/v2\/product_tag?post=18129"}],"curies":[{"name":"wp","href":"https:\/\/api.w.org\/{rel}","templated":true}]}}