{"id":18125,"date":"2025-07-25T10:44:19","date_gmt":"2025-07-25T10:44:19","guid":{"rendered":"https:\/\/boreait.com\/hr\/?post_type=product&#038;p=18125"},"modified":"2025-07-25T10:44:56","modified_gmt":"2025-07-25T10:44:56","slug":"60nb0650-mba110-x555lab-maticna-ploca-za-asus-x554l-intel-i3-5005u-cpu","status":"publish","type":"product","link":"https:\/\/boreait.com\/hr\/product\/60nb0650-mba110-x555lab-maticna-ploca-za-asus-x554l-intel-i3-5005u-cpu\/","title":{"rendered":"60NB0650-MBA110 X555LAB Mati\u010dna plo\u010da za Asus X554L Intel i3-5005u CPU"},"content":{"rendered":"<p>Mati\u010dna plo\u010da 60NB0650-MBA110 X555LAB je originalni zamjenski dio dizajniran za model laptopa Asus X554L. Ova je mati\u010dna plo\u010da posebno opremljena za podr\u0161ku Intel i3-5005u CPU-a, pru\u017eaju\u0107i pouzdane i u\u010dinkovite performanse.<\/p>\n<p>Odlikuje se kompaktnim i izdr\u017eljivim dizajnom, mati\u010dna plo\u010da 60NB0650-MBA110 osigurava besprijekornu kompatibilnost i jednostavnu instalaciju unutar prijenosnog ra\u010dunala Asus X554L. Slu\u017ei kao sredi\u0161nje \u010dvori\u0161te za sve hardverske komponente, omogu\u0107uju\u0107i glatku komunikaciju i koordinaciju izme\u0111u razli\u010ditih dijelova prijenosnog ra\u010dunala.<\/p>\n<p>Sa podr\u0161kom za Intel i3-5005u CPU, ova mati\u010dna plo\u010da omogu\u0107uje u\u010dinkovit multitasking, glatki rad i optimalne performanse. Omogu\u0107uje prijenosnom ra\u010dunalu da se nosi s razli\u010ditim ra\u010dunalnim zadacima, uklju\u010duju\u0107i pregledavanje weba, uredsku produktivnost i kori\u0161tenje multimedije.<\/p>\n<p>Nadogradite svoje prijenosno ra\u010dunalo Asus X554L s mati\u010dnom plo\u010dom 60NB0650-MBA110 X555LAB kako biste iskusili pobolj\u0161anu procesorsku snagu i ukupne performanse sustava. U\u017eivajte u prednostima pouzdane i kompatibilne mati\u010dne plo\u010de dizajnirane za maksimalno pove\u0107anje potencijala va\u0161eg Intel i3-5005u CPU-a.<\/p>\n","protected":false},"excerpt":{"rendered":"<p>Mati\u010dna plo\u010da 60NB0650-MBA110 X555LAB je originalni zamjenski dio za laptop Asus X554L. Dizajnirana za Intel i3-5005u CPU, ova mati\u010dna plo\u010da nudi pouzdane performanse i besprijekornu kompatibilnost. Nadogradite svoje prijenosno ra\u010dunalo ovom mati\u010dnom plo\u010dom kako biste pobolj\u0161ali procesorsku snagu i ukupne performanse.<\/p>\n","protected":false},"featured_media":18176,"template":"","meta":[],"product_brand":[],"product_cat":[62],"product_tag":[65],"class_list":{"0":"post-18125","1":"product","2":"type-product","3":"status-publish","4":"has-post-thumbnail","6":"product_cat-motherboards-board-parts","7":"product_tag-asus","9":"first","10":"instock","11":"taxable","12":"shipping-taxable","13":"purchasable","14":"product-type-simple"},"_links":{"self":[{"href":"https:\/\/boreait.com\/hr\/wp-json\/wp\/v2\/product\/18125","targetHints":{"allow":["GET"]}}],"collection":[{"href":"https:\/\/boreait.com\/hr\/wp-json\/wp\/v2\/product"}],"about":[{"href":"https:\/\/boreait.com\/hr\/wp-json\/wp\/v2\/types\/product"}],"wp:featuredmedia":[{"embeddable":true,"href":"https:\/\/boreait.com\/hr\/wp-json\/wp\/v2\/media\/18176"}],"wp:attachment":[{"href":"https:\/\/boreait.com\/hr\/wp-json\/wp\/v2\/media?parent=18125"}],"wp:term":[{"taxonomy":"product_brand","embeddable":true,"href":"https:\/\/boreait.com\/hr\/wp-json\/wp\/v2\/product_brand?post=18125"},{"taxonomy":"product_cat","embeddable":true,"href":"https:\/\/boreait.com\/hr\/wp-json\/wp\/v2\/product_cat?post=18125"},{"taxonomy":"product_tag","embeddable":true,"href":"https:\/\/boreait.com\/hr\/wp-json\/wp\/v2\/product_tag?post=18125"}],"curies":[{"name":"wp","href":"https:\/\/api.w.org\/{rel}","templated":true}]}}