{"id":18124,"date":"2025-07-25T10:44:19","date_gmt":"2025-07-25T10:44:19","guid":{"rendered":"https:\/\/boreait.com\/hr\/?post_type=product&#038;p=18124"},"modified":"2026-01-07T08:42:10","modified_gmt":"2026-01-07T08:42:10","slug":"zamjenska-lijeva-i-desna-lcd-sarka-za-asus-x512-x512f-x512fa-lr-sarka-za-prijenosno-racunalo","status":"publish","type":"product","link":"https:\/\/boreait.com\/hr\/product\/zamjenska-lijeva-i-desna-lcd-sarka-za-asus-x512-x512f-x512fa-lr-sarka-za-prijenosno-racunalo\/","title":{"rendered":"Zamjenska lijeva i desna LCD \u0161arka za ASUS X512 X512F X512FA L&#038;R \u0161arka za prijenosno ra\u010dunalo"},"content":{"rendered":"<p>Zamjena lijevo &amp; Desna LCD \u0161arka posebno je dizajnirana za laptop ASUS X512 X512F X512FA. Ovaj set \u0161arki uklju\u010duje i lijevu i desnu \u0161arku, pru\u017eaju\u0107i potpuno rje\u0161enje za popravak ili zamjenu \u0161arki LCD zaslona va\u0161eg prijenosnog ra\u010dunala.<\/p>\n<p>Izra\u0111ene imaju\u0107i na umu preciznost i izdr\u017eljivost, ove \u0161arke osiguravaju glatko otvaranje i zatvaranje zaslona prijenosnog ra\u010dunala. Dizajnirane su tako da se besprijekorno uklapaju u ASUS X512 X512F X512FA model prijenosnog ra\u010dunala, jam\u010de\u0107i pravilno poravnanje i funkcionalnost.<\/p>\n<p>Zamjenom starih ili o\u0161te\u0107enih \u0161arki ovim setom mo\u017eete vratiti stabilnost i fleksibilnost LCD zaslona prijenosnog ra\u010dunala. To omogu\u0107uje ugodne kutove gledanja i sprje\u010dava probleme s klimanjem ili neuskla\u0111eno\u0161\u0107u koji mogu ometati va\u0161e korisni\u010dko iskustvo.<\/p>\n<p>Nadogradite svoje prijenosno ra\u010dunalo ASUS X512 X512F X512FA sa zamjenskom lijevom &amp; Desna LCD \u0161arka postavljena za vra\u0107anje pune funkcionalnosti va\u0161eg LCD zaslona. U\u017eivajte u besprijekornom otvaranju i zatvaranju zaslona uz odr\u017eavanje stabilnosti i dugovje\u010dnosti va\u0161eg ure\u0111aja.<\/p>\n","protected":false},"excerpt":{"rendered":"<div class=\"group w-full text-gray-800 dark:text-gray-100 border-b border-black\/10 dark:border-gray-900\/50 bg-gray-50 dark:bg-[#444654]\">\n<div class=\"flex p-4 gap-4 text-base md:gap-6 md:max-w-2xl lg:max-w-xl xl:max-w-3xl md:py-6 lg:px-0 m-auto\">\n<div class=\"relative flex w-[calc(100%-50px)] flex-col gap-1 md:gap-3 lg:w-[calc(100%-115px)]\">\n<div class=\"flex flex-grow flex-col gap-3\">\n<div class=\"min-h-[20px] flex flex-col items-start gap-4 whitespace-pre-wrap break-words\">\n<div class=\"markdown prose w-full break-words dark:prose-invert light\">\n<p>Zamjenski lijevi &amp; Desna LCD \u0161arka dizajnirana je za laptop ASUS X512 X512F X512FA. Ovaj set uklju\u010duje obje \u0161arke za popravak ili zamjenu \u0161arki LCD zaslona. Vratite stabilnost i fleksibilnost zaslonu prijenosnog ra\u010dunala s ovim izdr\u017eljivim setom \u0161arki.<\/p>\n<\/div>\n<\/div>\n<\/div>\n<\/div>\n<\/div>\n<\/div>\n","protected":false},"featured_media":18175,"template":"","meta":[],"product_brand":[],"product_cat":[54],"product_tag":[65],"class_list":{"0":"post-18124","1":"product","2":"type-product","3":"status-publish","4":"has-post-thumbnail","6":"product_cat-screen-hinge","7":"product_tag-asus","9":"first","10":"instock","11":"taxable","12":"shipping-taxable","13":"purchasable","14":"product-type-simple"},"_links":{"self":[{"href":"https:\/\/boreait.com\/hr\/wp-json\/wp\/v2\/product\/18124","targetHints":{"allow":["GET"]}}],"collection":[{"href":"https:\/\/boreait.com\/hr\/wp-json\/wp\/v2\/product"}],"about":[{"href":"https:\/\/boreait.com\/hr\/wp-json\/wp\/v2\/types\/product"}],"wp:featuredmedia":[{"embeddable":true,"href":"https:\/\/boreait.com\/hr\/wp-json\/wp\/v2\/media\/18175"}],"wp:attachment":[{"href":"https:\/\/boreait.com\/hr\/wp-json\/wp\/v2\/media?parent=18124"}],"wp:term":[{"taxonomy":"product_brand","embeddable":true,"href":"https:\/\/boreait.com\/hr\/wp-json\/wp\/v2\/product_brand?post=18124"},{"taxonomy":"product_cat","embeddable":true,"href":"https:\/\/boreait.com\/hr\/wp-json\/wp\/v2\/product_cat?post=18124"},{"taxonomy":"product_tag","embeddable":true,"href":"https:\/\/boreait.com\/hr\/wp-json\/wp\/v2\/product_tag?post=18124"}],"curies":[{"name":"wp","href":"https:\/\/api.w.org\/{rel}","templated":true}]}}