{"id":18115,"date":"2025-07-25T10:44:19","date_gmt":"2025-07-25T10:44:19","guid":{"rendered":"https:\/\/boreait.com\/hr\/?post_type=product&#038;p=18115"},"modified":"2025-07-25T10:44:33","modified_gmt":"2025-07-25T10:44:33","slug":"lcd-straznja-maska-za-acer-aspire-v3-v3-531-v3-551-v3-571-v3-531g-v3-551g-v3-571g","status":"publish","type":"product","link":"https:\/\/boreait.com\/hr\/product\/lcd-straznja-maska-za-acer-aspire-v3-v3-531-v3-551-v3-571-v3-531g-v3-551g-v3-571g\/","title":{"rendered":"LCD stra\u017enja maska za Acer Aspire V3 V3-531 V3-551 V3-571 V3-531G V3-551G V3-571G"},"content":{"rendered":"<p>LCD stra\u017enji poklopac za seriju Acer Aspire V3 (V3-531, V3-551, V3-571, V3-531G, V3-551G i V3-571G) je komponenta koja prekriva stra\u017enji dio LCD zaslona prijenosnog ra\u010dunala. Dizajniran je za za\u0161titu LCD zaslona i pru\u017eanje podr\u0161ke \u0161arkama koje povezuju zaslon s bazom prijenosnog ra\u010dunala.<\/p>\n<p>Stra\u017enji poklopac izra\u0111en je od visokokvalitetne plastike i dostupan je u raznim bojama. Lako se postavlja i uklanja, \u0161to ga \u010dini prakti\u010dnim za korisnike koji trebaju zamijeniti ili nadograditi LCD zaslon svog prijenosnog ra\u010dunala.<\/p>\n<p>Sve u svemu, LCD stra\u017enji poklopac za Acer Aspire V3 seriju bitna je komponenta koja pobolj\u0161ava funkcionalnost i izdr\u017eljivost prijenosnog ra\u010dunala, pru\u017eaju\u0107i za\u0161titu i podr\u0161ku LCD zaslonu.<\/p>\n","protected":false},"excerpt":{"rendered":"<div class=\"group w-full text-gray-800 dark:text-gray-100 border-b border-black\/10 dark:border-gray-900\/50 bg-gray-50 dark:bg-[#444654]\">\n<div class=\"flex p-4 gap-4 text-base md:gap-6 md:max-w-2xl lg:max-w-xl xl:max-w-3xl md:py-6 lg:px-0 m-auto\">\n<div class=\"relative flex w-[calc(100%-50px)] flex-col gap-1 md:gap-3 lg:w-[calc(100%-115px)]\">\n<div class=\"flex flex-grow flex-col gap-3\">\n<div class=\"min-h-[20px] flex flex-col items-start gap-4 whitespace-pre-wrap break-words\">\n<div class=\"markdown prose w-full break-words dark:prose-invert light\">\n<p>Stranji poklopac LCD-a za seriju Acer Aspire V3 (V3-531, V3-551, V3-571, V3-531G, V3-551G i V3-571G) je plasti\u010dna komponenta koja prekriva stra\u017enji dio LCD zaslona prijenosnog ra\u010dunala. Nudi za\u0161titu i podr\u0161ku LCD ekranu i dostupan je u raznim bojama. Stra\u017enji poklopac se lako postavlja i uklanja, \u0161to ga \u010dini prakti\u010dnim za korisnike koji trebaju zamijeniti ili nadograditi LCD zaslon prijenosnog ra\u010dunala. Sve u svemu, stra\u017enji poklopac LCD-a bitna je komponenta koja pobolj\u0161ava funkcionalnost i izdr\u017eljivost Acer Aspire V3 serije prijenosnih ra\u010dunala.<\/p>\n<\/div>\n<\/div>\n<\/div>\n<div class=\"flex justify-between lg:block\">\n<div class=\"text-gray-400 flex self-end lg:self-center justify-center mt-2 gap-2 md:gap-3 lg:gap-1 lg:absolute lg:top-0 lg:translate-x-full lg:right-0 lg:mt-0 lg:pl-2 visible\">\n<p>&nbsp;<\/p>\n<div class=\"flex gap-1\"><\/div>\n<\/div>\n<\/div>\n<\/div>\n<\/div>\n<\/div>\n","protected":false},"featured_media":18147,"template":"","meta":[],"product_brand":[],"product_cat":[51],"product_tag":[64],"class_list":{"0":"post-18115","1":"product","2":"type-product","3":"status-publish","4":"has-post-thumbnail","6":"product_cat-laptop-housing","7":"product_tag-acer","9":"first","10":"instock","11":"taxable","12":"shipping-taxable","13":"purchasable","14":"product-type-simple"},"_links":{"self":[{"href":"https:\/\/boreait.com\/hr\/wp-json\/wp\/v2\/product\/18115","targetHints":{"allow":["GET"]}}],"collection":[{"href":"https:\/\/boreait.com\/hr\/wp-json\/wp\/v2\/product"}],"about":[{"href":"https:\/\/boreait.com\/hr\/wp-json\/wp\/v2\/types\/product"}],"wp:featuredmedia":[{"embeddable":true,"href":"https:\/\/boreait.com\/hr\/wp-json\/wp\/v2\/media\/18147"}],"wp:attachment":[{"href":"https:\/\/boreait.com\/hr\/wp-json\/wp\/v2\/media?parent=18115"}],"wp:term":[{"taxonomy":"product_brand","embeddable":true,"href":"https:\/\/boreait.com\/hr\/wp-json\/wp\/v2\/product_brand?post=18115"},{"taxonomy":"product_cat","embeddable":true,"href":"https:\/\/boreait.com\/hr\/wp-json\/wp\/v2\/product_cat?post=18115"},{"taxonomy":"product_tag","embeddable":true,"href":"https:\/\/boreait.com\/hr\/wp-json\/wp\/v2\/product_tag?post=18115"}],"curies":[{"name":"wp","href":"https:\/\/api.w.org\/{rel}","templated":true}]}}