{"id":18112,"date":"2025-07-25T10:44:18","date_gmt":"2025-07-25T10:44:18","guid":{"rendered":"https:\/\/boreait.com\/hr\/?post_type=product&#038;p=18112"},"modified":"2025-07-25T10:44:28","modified_gmt":"2025-07-25T10:44:28","slug":"toshiba-satellite-l70-c-l70-c-106-l75-donja-baza-kucista-h000081930-j0115-b06","status":"publish","type":"product","link":"https:\/\/boreait.com\/hr\/product\/toshiba-satellite-l70-c-l70-c-106-l75-donja-baza-kucista-h000081930-j0115-b06\/","title":{"rendered":"Toshiba Satellite L70-C L70-C-106 L75 donja baza ku\u0107i\u0161ta H000081930 (J0115) B06"},"content":{"rendered":"<p>Toshiba Satellite L70-C, L70-C-106 i L75 osnovno donje ku\u0107i\u0161te H000081930 (J0115) B06 je originalni zamjenski dio za osnovno donje ku\u0107i\u0161te gore navedenih modela prijenosnih ra\u010dunala. Proizvodi ga Toshiba i dizajniran je da savr\u0161eno odgovara prijenosnim ra\u010dunalima L70-C, L70-C-106 i L75. Ku\u0107i\u0161te je izra\u0111eno od visokokvalitetnih materijala i napravljeno da izdr\u017ei zahtjeve svakodnevne uporabe.<\/p>\n<p>H000081930 (J0115) B06 osnovno donje ku\u0107i\u0161te jednostavno se postavlja i dolazi sa svim potrebnim komponentama za brzu i jednostavnu zamjenu. To je originalni Toshibin dio, tako da mo\u017eete biti sigurni da \u0107e savr\u0161eno raditi s va\u0161im prijenosnim ra\u010dunalom i pru\u017eiti istu razinu performansi i pouzdanosti kao i originalno ku\u0107i\u0161te.<\/p>\n<p>S ovim zamjenskim dijelom mo\u017eete vratiti funkcionalnost svog prijenosnog ra\u010dunala Toshiba Satellite i vratiti se svom poslu ili zabavi bez ikakvih odgoda. Bez obzira jeste li profesionalac kojem je potrebno pouzdano prijenosno ra\u010dunalo za rad ili student kojem je potrebno prijenosno ra\u010dunalo za u\u010denje, Toshiba Satellite L70-C, L70-C-106 i L75 osnovno donje ku\u0107i\u0161te H000081930 (J0115) B06 izvrstan je izbor za odr\u017eavanje izdr\u017eljivosti i performansi va\u0161eg prijenosnog ra\u010dunala.<\/p>\n","protected":false},"excerpt":{"rendered":"<p>Donja baza ku\u0107i\u0161ta Toshiba Satellite L70-C, L70-C-106 i L75 H000081930 (J0115) B06 je originalni zamjenski dio dizajniran da savr\u0161eno pristaje uz donju bazu ku\u0107i\u0161ta Toshiba Satellite L70-C, L70-C-106 i L75 prijenosnih ra\u010dunala. Izra\u0111en od visokokvalitetnih materijala, ovaj se zamjenski dio lako postavlja i pru\u017eit \u0107e istu razinu performansi i pouzdanosti kao i originalno ku\u0107i\u0161te. Uz H000081930 (J0115) B06 osnovno donje ku\u0107i\u0161te, mo\u017eete brzo vratiti funkcionalnost svog prijenosnog ra\u010dunala i vratiti se na posao ili zabavu bez ikakvih odgoda.<\/p>\n","protected":false},"featured_media":18143,"template":"","meta":[],"product_brand":[],"product_cat":[51],"product_tag":[69],"class_list":{"0":"post-18112","1":"product","2":"type-product","3":"status-publish","4":"has-post-thumbnail","6":"product_cat-laptop-housing","7":"product_tag-toshiba","9":"first","10":"instock","11":"taxable","12":"shipping-taxable","13":"purchasable","14":"product-type-simple"},"_links":{"self":[{"href":"https:\/\/boreait.com\/hr\/wp-json\/wp\/v2\/product\/18112","targetHints":{"allow":["GET"]}}],"collection":[{"href":"https:\/\/boreait.com\/hr\/wp-json\/wp\/v2\/product"}],"about":[{"href":"https:\/\/boreait.com\/hr\/wp-json\/wp\/v2\/types\/product"}],"wp:featuredmedia":[{"embeddable":true,"href":"https:\/\/boreait.com\/hr\/wp-json\/wp\/v2\/media\/18143"}],"wp:attachment":[{"href":"https:\/\/boreait.com\/hr\/wp-json\/wp\/v2\/media?parent=18112"}],"wp:term":[{"taxonomy":"product_brand","embeddable":true,"href":"https:\/\/boreait.com\/hr\/wp-json\/wp\/v2\/product_brand?post=18112"},{"taxonomy":"product_cat","embeddable":true,"href":"https:\/\/boreait.com\/hr\/wp-json\/wp\/v2\/product_cat?post=18112"},{"taxonomy":"product_tag","embeddable":true,"href":"https:\/\/boreait.com\/hr\/wp-json\/wp\/v2\/product_tag?post=18112"}],"curies":[{"name":"wp","href":"https:\/\/api.w.org\/{rel}","templated":true}]}}