{"id":18076,"date":"2025-07-25T10:43:58","date_gmt":"2025-07-25T10:43:58","guid":{"rendered":"https:\/\/boreait.com\/hr\/?post_type=product&#038;p=18076"},"modified":"2026-01-14T07:06:17","modified_gmt":"2026-01-14T07:06:17","slug":"hp-zbook-15-mobilna-radna-stanica-156-ploca-citaca-pametnih-kartica-s-kabelom-dc04000fxa0","status":"publish","type":"product","link":"https:\/\/boreait.com\/hr\/product\/hp-zbook-15-mobilna-radna-stanica-156-ploca-citaca-pametnih-kartica-s-kabelom-dc04000fxa0\/","title":{"rendered":"HP Zbook 15 mobilna radna stanica 15,6&#8243; plo\u010da \u010dita\u010da pametnih kartica s kabelom DC04000FXA0"},"content":{"rendered":"<p>HP Zbook 15 Mobile Workstation 15.6&#8243; Reader plo\u010da s kabelom DC04000FXA0 je originalni zamjenski dio dizajniran za HP Zbook 15 Mobile Workstation prijenosno ra\u010dunalo. To je kompaktna plo\u010da koja ima SmartCard \u010dita\u010d, \u0161to je tehnologija koja omogu\u0107uje sigurnu autentifikaciju i provjeru podataka.<\/p>\n<p>Plo\u010da \u010dita\u010da pametnih kartica s kabelom DC04000FXA0 dizajnirana je za jednostavnu instalaciju i dolazi s kabelom koji olak\u0161ava povezivanje s mati\u010dnom plo\u010dom prijenosnog ra\u010dunala. Ova plo\u010da izra\u0111ena je od visokokvalitetnih materijala i napravljena je da traje, osiguravaju\u0107i pouzdanu i dosljednu izvedbu.<\/p>\n<p>Plo\u010da \u010dita\u010da pametnih kartica s kabelom DC04000FXA0 bitna je komponenta za siguran pristup podacima i idealna je za korisnike koji trebaju pristup osjetljivim podacima u svom radu. Ova plo\u010da pru\u017ea sigurnu i u\u010dinkovitu metodu za pristup podacima, smanjuju\u0107i rizik od neovla\u0161tenog pristupa i povrede podataka. Svojim preciznim in\u017eenjeringom i konstrukcijom, plo\u010da \u010dita\u010da SmartCard kartica s kabelom DC04000FXA0 korisnicima pru\u017ea pouzdano i u\u010dinkovito rje\u0161enje plo\u010de \u010dita\u010da SmartCard kartica za njihovu mobilnu radnu stanicu HP Zbook 15.<\/p>\n","protected":false},"excerpt":{"rendered":"<p>HP Zbook 15 Mobile Workstation 15.6&#8243; Reader plo\u010da s kabelom DC04000FXA0 zamjenski je dio dizajniran za HP Zbook 15 Mobile Workstation prijenosno ra\u010dunalo. Ova kompaktna plo\u010da ima \u010dita\u010d SmartCard kartica koji omogu\u0107uje sigurnu autentifikaciju i provjeru podataka.<\/p>\n<p>Plo\u010da \u010dita\u010da pametnih kartica s kabelom DC04000FXA0 jednostavna je za instalaciju i dolazi s kabelom koji je povezuje s mati\u010dnom plo\u010dom prijenosnog ra\u010dunala. Izra\u0111en je od visokokvalitetnih materijala kako bi se osigurala pouzdana i dosljedna izvedba, pru\u017eaju\u0107i korisnicima pouzdano i u\u010dinkovito rje\u0161enje plo\u010de \u010dita\u010da SmartCard kartice.<\/p>\n<p>Ova plo\u010da neophodna je za siguran pristup podacima i idealna je za korisnike koji trebaju pristup osjetljivim podacima u svom radu. Sa svojim preciznim in\u017eenjeringom i konstrukcijom, plo\u010da \u010dita\u010da SmartCard kartica s kabelom DC04000FXA0 pru\u017ea sigurnu i u\u010dinkovitu metodu za pristup podacima, smanjuju\u0107i rizik od neovla\u0161tenog pristupa i povrede podataka.<\/p>\n","protected":false},"featured_media":18140,"template":"","meta":[],"product_brand":[],"product_cat":[51],"product_tag":[60],"class_list":{"0":"post-18076","1":"product","2":"type-product","3":"status-publish","4":"has-post-thumbnail","6":"product_cat-laptop-housing","7":"product_tag-hp","9":"first","10":"instock","11":"taxable","12":"shipping-taxable","13":"purchasable","14":"product-type-simple"},"_links":{"self":[{"href":"https:\/\/boreait.com\/hr\/wp-json\/wp\/v2\/product\/18076","targetHints":{"allow":["GET"]}}],"collection":[{"href":"https:\/\/boreait.com\/hr\/wp-json\/wp\/v2\/product"}],"about":[{"href":"https:\/\/boreait.com\/hr\/wp-json\/wp\/v2\/types\/product"}],"wp:featuredmedia":[{"embeddable":true,"href":"https:\/\/boreait.com\/hr\/wp-json\/wp\/v2\/media\/18140"}],"wp:attachment":[{"href":"https:\/\/boreait.com\/hr\/wp-json\/wp\/v2\/media?parent=18076"}],"wp:term":[{"taxonomy":"product_brand","embeddable":true,"href":"https:\/\/boreait.com\/hr\/wp-json\/wp\/v2\/product_brand?post=18076"},{"taxonomy":"product_cat","embeddable":true,"href":"https:\/\/boreait.com\/hr\/wp-json\/wp\/v2\/product_cat?post=18076"},{"taxonomy":"product_tag","embeddable":true,"href":"https:\/\/boreait.com\/hr\/wp-json\/wp\/v2\/product_tag?post=18076"}],"curies":[{"name":"wp","href":"https:\/\/api.w.org\/{rel}","templated":true}]}}