{"id":18072,"date":"2025-07-25T10:43:58","date_gmt":"2025-07-25T10:43:58","guid":{"rendered":"https:\/\/boreait.com\/hr\/?post_type=product&#038;p=18072"},"modified":"2026-01-14T07:05:41","modified_gmt":"2026-01-14T07:05:41","slug":"594094-001-lijevi-i-desni-set-zvucnika-za-hp-elite-book-8440p","status":"publish","type":"product","link":"https:\/\/boreait.com\/hr\/product\/594094-001-lijevi-i-desni-set-zvucnika-za-hp-elite-book-8440p\/","title":{"rendered":"594094-001 Lijevi i desni set zvu\u010dnika za HP Elite Book 8440p"},"content":{"rendered":"<p>594094-001 set lijevog i desnog zvu\u010dnika je originalni zamjenski dio dizajniran posebno za prijenosno ra\u010dunalo HP EliteBook 8440p. Ovaj set uklju\u010duje i lijevi i desni zvu\u010dnik, osiguravaju\u0107i da mo\u017eete u\u017eivati u zvuku visoke kvalitete s oba kanala.<\/p>\n<p>Ovi zvu\u010dnici se lako postavljaju i ne zahtijevaju posebne alate ili stru\u010dnost, \u0161to ih \u010dini idealnim izborom za svakoga tko treba zamijeniti neispravan ili o\u0161te\u0107en set zvu\u010dnika. Sa svojom izdr\u017eljivom konstrukcijom i preciznim in\u017eenjeringom, ovi su zvu\u010dnici napravljeni da pru\u017eaju pouzdane i dosljedne performanse u godinama koje dolaze.<\/p>\n<p>Bez obzira koristite li svoje prijenosno ra\u010dunalo za posao, zabavu ili oboje, 594094-001 set lijevog i desnog zvu\u010dnika bitna je komponenta koja \u0107e vam pomo\u0107i da izvu\u010dete najvi\u0161e iz svog ure\u0111aja. Dakle, ako vam je potreban novi set zvu\u010dnika za va\u0161 HP EliteBook 8440p, nemojte tra\u017eiti dalje od ovog visokokvalitetnog zamjenskog dijela.<\/p>\n","protected":false},"excerpt":{"rendered":"<p>594094-001 Lijevi i desni set zvu\u010dnika je zamjenski dio dizajniran za prijenosno ra\u010dunalo HP EliteBook 8440p. Uklju\u010duje i lijeve i desne zvu\u010dnike i lako se postavlja bez ikakvih posebnih alata. Zvu\u010dnici su napravljeni da pru\u017ee pouzdanu i dosljednu izvedbu, \u0161to ih \u010dini bitnom komponentom za rad i zabavu.<\/p>\n","protected":false},"featured_media":18136,"template":"","meta":[],"product_brand":[],"product_cat":[53],"product_tag":[60],"class_list":{"0":"post-18072","1":"product","2":"type-product","3":"status-publish","4":"has-post-thumbnail","6":"product_cat-laptop-speakers","7":"product_tag-hp","9":"first","10":"instock","11":"taxable","12":"shipping-taxable","13":"purchasable","14":"product-type-simple"},"_links":{"self":[{"href":"https:\/\/boreait.com\/hr\/wp-json\/wp\/v2\/product\/18072","targetHints":{"allow":["GET"]}}],"collection":[{"href":"https:\/\/boreait.com\/hr\/wp-json\/wp\/v2\/product"}],"about":[{"href":"https:\/\/boreait.com\/hr\/wp-json\/wp\/v2\/types\/product"}],"wp:featuredmedia":[{"embeddable":true,"href":"https:\/\/boreait.com\/hr\/wp-json\/wp\/v2\/media\/18136"}],"wp:attachment":[{"href":"https:\/\/boreait.com\/hr\/wp-json\/wp\/v2\/media?parent=18072"}],"wp:term":[{"taxonomy":"product_brand","embeddable":true,"href":"https:\/\/boreait.com\/hr\/wp-json\/wp\/v2\/product_brand?post=18072"},{"taxonomy":"product_cat","embeddable":true,"href":"https:\/\/boreait.com\/hr\/wp-json\/wp\/v2\/product_cat?post=18072"},{"taxonomy":"product_tag","embeddable":true,"href":"https:\/\/boreait.com\/hr\/wp-json\/wp\/v2\/product_tag?post=18072"}],"curies":[{"name":"wp","href":"https:\/\/api.w.org\/{rel}","templated":true}]}}