{"id":18071,"date":"2025-07-25T10:43:58","date_gmt":"2025-07-25T10:43:58","guid":{"rendered":"https:\/\/boreait.com\/hr\/?post_type=product&#038;p=18071"},"modified":"2025-07-25T10:44:22","modified_gmt":"2025-07-25T10:44:22","slug":"04w1412-zvucnik-za-lenovo-thinkpad-x220","status":"publish","type":"product","link":"https:\/\/boreait.com\/hr\/product\/04w1412-zvucnik-za-lenovo-thinkpad-x220\/","title":{"rendered":"04W1412 Zvu\u010dnik za Lenovo ThinkPad X220"},"content":{"rendered":"<p>Zvu\u010dnik 04W1412 originalni je Lenovo proizvod dizajniran kao zamjenski zvu\u010dnik za prijenosno ra\u010dunalo ThinkPad X220. To je klju\u010dna komponenta koja proizvodi audio izlaz visoke kvalitete za razne multimedijske aplikacije, poput glazbe, videa i prezentacija. Zvu\u010dnik je izra\u0111en od materijala vrhunske kvalitete kako bi se osigurala izdr\u017eljivost i dugovje\u010dnost. Zvu\u010dnik 04W1412 bitan je zamjenski dio za svakoga tko ima problema sa audio funkcionalno\u0161\u0107u prijenosnog ra\u010dunala ThinkPad X220, pru\u017eaju\u0107i pouzdano i isplativo rje\u0161enje za vra\u0107anje kvalitete zvuka ure\u0111aja.<\/p>\n","protected":false},"excerpt":{"rendered":"<p>Zvu\u010dnik 04W1412 je originalni Lenovo zamjenski zvu\u010dnik dizajniran za kori\u0161tenje u prijenosnom ra\u010dunalu ThinkPad X220. Zvu\u010dnik proizvodi jasan i visokokvalitetan audio izlaz za razne multimedijske aplikacije, poput glazbe, videa i prezentacija. Proizveden je od visokokvalitetnih materijala koji osiguravaju trajnost i pouzdanost. Zvu\u010dnik 04W1412 bitan je zamjenski dio za one koji imaju problema sa zvukom na prijenosnom ra\u010dunalu ThinkPad X220, pru\u017eaju\u0107i isplativo rje\u0161enje za vra\u0107anje zvu\u010dne funkcionalnosti ure\u0111aja.<\/p>\n","protected":false},"featured_media":18134,"template":"","meta":[],"product_brand":[],"product_cat":[53],"product_tag":[61],"class_list":{"0":"post-18071","1":"product","2":"type-product","3":"status-publish","4":"has-post-thumbnail","6":"product_cat-laptop-speakers","7":"product_tag-lenovo","9":"first","10":"instock","11":"taxable","12":"shipping-taxable","13":"purchasable","14":"product-type-simple"},"_links":{"self":[{"href":"https:\/\/boreait.com\/hr\/wp-json\/wp\/v2\/product\/18071","targetHints":{"allow":["GET"]}}],"collection":[{"href":"https:\/\/boreait.com\/hr\/wp-json\/wp\/v2\/product"}],"about":[{"href":"https:\/\/boreait.com\/hr\/wp-json\/wp\/v2\/types\/product"}],"wp:featuredmedia":[{"embeddable":true,"href":"https:\/\/boreait.com\/hr\/wp-json\/wp\/v2\/media\/18134"}],"wp:attachment":[{"href":"https:\/\/boreait.com\/hr\/wp-json\/wp\/v2\/media?parent=18071"}],"wp:term":[{"taxonomy":"product_brand","embeddable":true,"href":"https:\/\/boreait.com\/hr\/wp-json\/wp\/v2\/product_brand?post=18071"},{"taxonomy":"product_cat","embeddable":true,"href":"https:\/\/boreait.com\/hr\/wp-json\/wp\/v2\/product_cat?post=18071"},{"taxonomy":"product_tag","embeddable":true,"href":"https:\/\/boreait.com\/hr\/wp-json\/wp\/v2\/product_tag?post=18071"}],"curies":[{"name":"wp","href":"https:\/\/api.w.org\/{rel}","templated":true}]}}