{"id":18070,"date":"2025-07-25T10:43:58","date_gmt":"2025-07-25T10:43:58","guid":{"rendered":"https:\/\/boreait.com\/hr\/?post_type=product&#038;p=18070"},"modified":"2025-07-25T10:44:18","modified_gmt":"2025-07-25T10:44:18","slug":"dell-latitude-e5450-14-originalni-set-lijevih-i-desnih-zvucnika-zvucnici-gkvp1","status":"publish","type":"product","link":"https:\/\/boreait.com\/hr\/product\/dell-latitude-e5450-14-originalni-set-lijevih-i-desnih-zvucnika-zvucnici-gkvp1\/","title":{"rendered":"Dell Latitude E5450 14&#8243; originalni set lijevih i desnih zvu\u010dnika Zvu\u010dnici GKVP1"},"content":{"rendered":"<p>Dell Latitude E5450 14&#8243; Genuine Left &#038; Right Speaker Set zvu\u010dnika (broj dijela GKVP1) je set audio zvu\u010dnika dizajniranih za kori\u0161tenje u Dell Latitude E5450 prijenosnim ra\u010dunalima. Ovi zvu\u010dnici proizvode jasan i visokokvalitetan audio izlaz za razne multimedijske aplikacije, kao \u0161to su glazba, video zapisi i prezentacije. Set uklju\u010duje i lijevi i desni zvu\u010dnik kako bi se osigurao uravnote\u017een audio izlaz. Dell Latitude E5450 14&#8243; originalni lijevi &amp; Zvu\u010dnici kompleta desnih zvu\u010dnika (broj dijela GKVP1) originalni su Dell proizvod, proizveden od visokokvalitetnih materijala koji osiguravaju izdr\u017eljivost i pouzdanost. Kada se pravilno instalira, ovaj set zvu\u010dnika mo\u017ee zna\u010dajno pobolj\u0161ati audio iskustvo prijenosnih ra\u010dunala Dell Latitude E5450. To je bitan zamjenski dio za one koji imaju problema sa zvukom na svojim prijenosnim ra\u010dunalima Dell Latitude E5450.<\/p>\n","protected":false},"excerpt":{"rendered":"<p>Dell Latitude E5450 14&#8243; originalni zvu\u010dnici s lijevim i desnim zvu\u010dnicima (broj dijela GKVP1) je set visokokvalitetnih audio zvu\u010dnika dizajniranih za kori\u0161tenje u prijenosnim ra\u010dunalima Dell Latitude E5450. Uklju\u010duje i lijeve i desne zvu\u010dnike, pru\u017eaju\u0107i uravnote\u017een i \u010dist izlaz zvuka za razne multimedijske aplikacije, kao \u0161to su glazba, video zapisi i prezentacije. Kao originalni Dell proizvod, set zvu\u010dnika je proizveden od visokokvalitetnih materijala, koji osiguravaju izdr\u017eljivost i pouzdanost. To je preporu\u010deni zamjenski dio za one koji imaju problema sa zvukom na prijenosnim ra\u010dunalima Dell Latitude E5450.<\/p>\n","protected":false},"featured_media":18111,"template":"","meta":[],"product_brand":[],"product_cat":[53],"product_tag":[52],"class_list":{"0":"post-18070","1":"product","2":"type-product","3":"status-publish","4":"has-post-thumbnail","6":"product_cat-laptop-speakers","7":"product_tag-dell","9":"first","10":"instock","11":"taxable","12":"shipping-taxable","13":"purchasable","14":"product-type-simple"},"_links":{"self":[{"href":"https:\/\/boreait.com\/hr\/wp-json\/wp\/v2\/product\/18070","targetHints":{"allow":["GET"]}}],"collection":[{"href":"https:\/\/boreait.com\/hr\/wp-json\/wp\/v2\/product"}],"about":[{"href":"https:\/\/boreait.com\/hr\/wp-json\/wp\/v2\/types\/product"}],"wp:featuredmedia":[{"embeddable":true,"href":"https:\/\/boreait.com\/hr\/wp-json\/wp\/v2\/media\/18111"}],"wp:attachment":[{"href":"https:\/\/boreait.com\/hr\/wp-json\/wp\/v2\/media?parent=18070"}],"wp:term":[{"taxonomy":"product_brand","embeddable":true,"href":"https:\/\/boreait.com\/hr\/wp-json\/wp\/v2\/product_brand?post=18070"},{"taxonomy":"product_cat","embeddable":true,"href":"https:\/\/boreait.com\/hr\/wp-json\/wp\/v2\/product_cat?post=18070"},{"taxonomy":"product_tag","embeddable":true,"href":"https:\/\/boreait.com\/hr\/wp-json\/wp\/v2\/product_tag?post=18070"}],"curies":[{"name":"wp","href":"https:\/\/api.w.org\/{rel}","templated":true}]}}