{"id":18069,"date":"2025-07-25T10:43:57","date_gmt":"2025-07-25T10:43:57","guid":{"rendered":"https:\/\/boreait.com\/hr\/?post_type=product&#038;p=18069"},"modified":"2025-07-25T10:44:17","modified_gmt":"2025-07-25T10:44:17","slug":"lenovo-thinkpad-14-t460-lijevi-i-desni-set-zvucnika-pk23000jj00","status":"publish","type":"product","link":"https:\/\/boreait.com\/hr\/product\/lenovo-thinkpad-14-t460-lijevi-i-desni-set-zvucnika-pk23000jj00\/","title":{"rendered":"Lenovo Thinkpad 14&#8243; T460 Lijevi i desni set zvu\u010dnika pk23000jj00"},"content":{"rendered":"<p>Set lijevih i desnih zvu\u010dnika Lenovo Thinkpad 14&#8243; T460 (broj dijela pk23000jj00) je set audio zvu\u010dnika dizajniranih za kori\u0161tenje u prijenosnim ra\u010dunalima Lenovo Thinkpad T460. Ovi zvu\u010dnici su dizajnirani za proizvodnju visokokvalitetnog audio izlaza za razne multimedijske aplikacije, kao \u0161to su glazba, video zapisi i prezentacije. Set uklju\u010duje i lijeve i desne zvu\u010dnike kako bi se osigurao uravnote\u017een audio izlaz. Lenovo Thinkpad 14&#8243; T460 lijevo &amp; Desni set zvu\u010dnika (broj dijela pk23000jj00) je originalni proizvod tvrtke Lenovo, proizveden od visokokvalitetnih materijala koji osiguravaju izdr\u017eljivost i pouzdanost. Kada se ispravno instalira, ovaj set zvu\u010dnika mo\u017ee zna\u010dajno pobolj\u0161ati audio iskustvo prijenosnih ra\u010dunala Lenovo Thinkpad T460. To je bitan zamjenski dio za one koji imaju problema sa zvukom na prijenosnim ra\u010dunalima Lenovo Thinkpad T460.<\/p>\n","protected":false},"excerpt":{"rendered":"<p>Set lijevih i desnih zvu\u010dnika Lenovo Thinkpad 14&#8243; T460 (broj dijela pk23000jj00) set je zvu\u010dnika dizajniranih posebno za kori\u0161tenje u prijenosnim ra\u010dunalima Lenovo Thinkpad T460. Ovi zvu\u010dnici proizvode jasan i visokokvalitetan zvuk za razne multimedijske aplikacije, poput glazbe, videa i prezentacija. Set uklju\u010duje i lijeve i desne zvu\u010dnike, osiguravaju\u0107i uravnote\u017eeno audio iskustvo. Lenovo Thinkpad 14&#8243; T460 lijevo &amp; Desni set zvu\u010dnika (broj dijela pk23000jj00) je originalni proizvod tvrtke Lenovo, proizveden od visokokvalitetnih materijala koji osiguravaju izdr\u017eljivost i pouzdanost. Kada se ispravno instalira, ovaj set zvu\u010dnika mo\u017ee zna\u010dajno pobolj\u0161ati audio iskustvo prijenosnih ra\u010dunala Lenovo Thinkpad T460.<\/p>\n","protected":false},"featured_media":18110,"template":"","meta":[],"product_brand":[],"product_cat":[53],"product_tag":[61],"class_list":{"0":"post-18069","1":"product","2":"type-product","3":"status-publish","4":"has-post-thumbnail","6":"product_cat-laptop-speakers","7":"product_tag-lenovo","9":"first","10":"instock","11":"taxable","12":"shipping-taxable","13":"purchasable","14":"product-type-simple"},"_links":{"self":[{"href":"https:\/\/boreait.com\/hr\/wp-json\/wp\/v2\/product\/18069","targetHints":{"allow":["GET"]}}],"collection":[{"href":"https:\/\/boreait.com\/hr\/wp-json\/wp\/v2\/product"}],"about":[{"href":"https:\/\/boreait.com\/hr\/wp-json\/wp\/v2\/types\/product"}],"wp:featuredmedia":[{"embeddable":true,"href":"https:\/\/boreait.com\/hr\/wp-json\/wp\/v2\/media\/18110"}],"wp:attachment":[{"href":"https:\/\/boreait.com\/hr\/wp-json\/wp\/v2\/media?parent=18069"}],"wp:term":[{"taxonomy":"product_brand","embeddable":true,"href":"https:\/\/boreait.com\/hr\/wp-json\/wp\/v2\/product_brand?post=18069"},{"taxonomy":"product_cat","embeddable":true,"href":"https:\/\/boreait.com\/hr\/wp-json\/wp\/v2\/product_cat?post=18069"},{"taxonomy":"product_tag","embeddable":true,"href":"https:\/\/boreait.com\/hr\/wp-json\/wp\/v2\/product_tag?post=18069"}],"curies":[{"name":"wp","href":"https:\/\/api.w.org\/{rel}","templated":true}]}}