{"id":18068,"date":"2025-07-25T10:43:57","date_gmt":"2025-07-25T10:43:57","guid":{"rendered":"https:\/\/boreait.com\/hr\/?post_type=product&#038;p=18068"},"modified":"2026-01-14T07:05:23","modified_gmt":"2026-01-14T07:05:23","slug":"originalni-hp-elitebook-840-g1-g2-cpu-hladnjak-za-cpu-laptop-730963-001","status":"publish","type":"product","link":"https:\/\/boreait.com\/hr\/product\/originalni-hp-elitebook-840-g1-g2-cpu-hladnjak-za-cpu-laptop-730963-001\/","title":{"rendered":"ORIGINALNI HP ELITEBOOK 840 G1 G2 CPU HLADNJAK ZA CPU LAPTOP 730963-001"},"content":{"rendered":"<p>Originalni hladnjak za CPU prijenosno ra\u010dunalo HP EliteBook 840 G1 G2 (broj dijela 730963-001) va\u017ena je komponenta sustava hla\u0111enja u prijenosnim ra\u010dunalima HP EliteBook 840 G1 i G2. Ovaj hladnjak je odgovoran za odvo\u0111enje topline iz sredi\u0161nje procesorske jedinice prijenosnog ra\u010dunala (CPU) kako bi se sprije\u010dilo pregrijavanje, \u0161to mo\u017ee uzrokovati o\u0161te\u0107enje unutarnjih komponenti prijenosnog ra\u010dunala. Odr\u017eavaju\u0107i CPU na optimalnoj temperaturi, originalni HP EliteBook 840 G1 G2 prijenosni hladnjak za hla\u0111enje CPU-a poma\u017ee osigurati pouzdane i u\u010dinkovite performanse prijenosnog ra\u010dunala. Pravilna ugradnja i odr\u017eavanje hladnjaka klju\u010dni su za dugovje\u010dnost i u\u010dinkovitost rashladnog sustava prijenosnog ra\u010dunala. Ukratko, originalni hladnjak za hla\u0111enje procesora HP EliteBook 840 G1 G2 prijenosnog ra\u010dunala vitalna je komponenta za pravilan rad prijenosnih ra\u010dunala HP EliteBook 840 G1 i G2.<\/p>\n","protected":false},"excerpt":{"rendered":"<p>Originalni HP EliteBook 840 G1 G2 prijenosni hladnjak za hla\u0111enje procesora (broj dijela 730963-001) vitalna je komponenta u sustavu hla\u0111enja HP EliteBook 840 G1 i G2 prijenosnih ra\u010dunala. Hladnjak je odgovoran za odvo\u0111enje topline iz sredi\u0161nje procesorske jedinice prijenosnog ra\u010dunala (CPU) kako bi se sprije\u010dilo pregrijavanje, koje mo\u017ee o\u0161tetiti unutarnje komponente. Odr\u017eavaju\u0107i optimalnu temperaturu CPU-a, ovaj hladnjak poma\u017ee u osiguravanju performansi i pouzdanosti prijenosnog ra\u010dunala. Pravilna instalacija i odr\u017eavanje hladnjaka za hla\u0111enje procesora originalnog HP EliteBook 840 G1 G2 prijenosnog ra\u010dunala presudni su za dugovje\u010dnost i u\u010dinkovitost prijenosnog ra\u010dunala. Sve u svemu, ovaj hladnjak je bitna komponenta za besprijekoran rad prijenosnih ra\u010dunala HP EliteBook 840 G1 i G2.<\/p>\n","protected":false},"featured_media":18108,"template":"","meta":[],"product_brand":[],"product_cat":[68],"product_tag":[60],"class_list":{"0":"post-18068","1":"product","2":"type-product","3":"status-publish","4":"has-post-thumbnail","6":"product_cat-cpu-fans-heatsinks","7":"product_tag-hp","9":"first","10":"instock","11":"taxable","12":"shipping-taxable","13":"purchasable","14":"product-type-simple"},"_links":{"self":[{"href":"https:\/\/boreait.com\/hr\/wp-json\/wp\/v2\/product\/18068","targetHints":{"allow":["GET"]}}],"collection":[{"href":"https:\/\/boreait.com\/hr\/wp-json\/wp\/v2\/product"}],"about":[{"href":"https:\/\/boreait.com\/hr\/wp-json\/wp\/v2\/types\/product"}],"wp:featuredmedia":[{"embeddable":true,"href":"https:\/\/boreait.com\/hr\/wp-json\/wp\/v2\/media\/18108"}],"wp:attachment":[{"href":"https:\/\/boreait.com\/hr\/wp-json\/wp\/v2\/media?parent=18068"}],"wp:term":[{"taxonomy":"product_brand","embeddable":true,"href":"https:\/\/boreait.com\/hr\/wp-json\/wp\/v2\/product_brand?post=18068"},{"taxonomy":"product_cat","embeddable":true,"href":"https:\/\/boreait.com\/hr\/wp-json\/wp\/v2\/product_cat?post=18068"},{"taxonomy":"product_tag","embeddable":true,"href":"https:\/\/boreait.com\/hr\/wp-json\/wp\/v2\/product_tag?post=18068"}],"curies":[{"name":"wp","href":"https:\/\/api.w.org\/{rel}","templated":true}]}}