{"id":18067,"date":"2025-07-25T10:43:57","date_gmt":"2025-07-25T10:43:57","guid":{"rendered":"https:\/\/boreait.com\/hr\/?post_type=product&#038;p=18067"},"modified":"2025-07-25T10:44:15","modified_gmt":"2025-07-25T10:44:15","slug":"za-hp-zbook-17-radijator-toplinska-cijev-735374-001-786686-001","status":"publish","type":"product","link":"https:\/\/boreait.com\/hr\/product\/za-hp-zbook-17-radijator-toplinska-cijev-735374-001-786686-001\/","title":{"rendered":"ZA HP ZBOOK 17 radijator toplinska cijev 735374-001 786686-001"},"content":{"rendered":"<p>Za HP ZBOOK 17 radijator Heat Pipe (brojevi dijelova 735374-001 i 786686-001) je komponenta dizajnirana za kori\u0161tenje u HP ZBOOK 17 mobilnoj radnoj stanici. Ova toplinska cijev poma\u017ee u odvo\u0111enju topline iz CPU-a i GPU-a kako bi se sprije\u010dilo pregrijavanje, \u0161to mo\u017ee uzrokovati o\u0161te\u0107enje unutarnjih komponenti. Toplinska cijev je vitalni dio rashladnog sustava, osiguravaju\u0107i dugotrajnost i pouzdanost radne stanice. S ispravnom instalacijom i odr\u017eavanjem, ZA HP ZBOOK 17 radijator Heat Pipe mo\u017ee pomo\u0107i da HP ZBOOK 17 mobilna radna stanica radi na optimalnim razinama performansi dulje vrijeme.<\/p>\n","protected":false},"excerpt":{"rendered":"<p>ZA HP ZBOOK 17 Radijator Heat Pipe (brojevi dijelova 735374-001 i 786686-001) je komponenta dizajnirana za odvo\u0111enje topline iz CPU-a i GPU-a u HP ZBOOK 17 mobilnoj radnoj stanici. Sprje\u010davanjem pregrijavanja, ova toplinska cijev poma\u017ee u odr\u017eavanju optimalne temperature unutarnjih komponenti radne stanice, osiguravaju\u0107i njihovu dugovje\u010dnost i pouzdanost. Kao klju\u010dni dio rashladnog sustava, toplinska cijev hladnjaka ZA HP ZBOOK 17 poma\u017ee da radna stanica radi u\u010dinkovito i djelotvorno. Ako se pravilno instalira i odr\u017eava, mo\u017ee zna\u010dajno pobolj\u0161ati performanse i \u017eivotni vijek HP ZBOOK 17 mobilne radne stanice.<\/p>\n","protected":false},"featured_media":18106,"template":"","meta":[],"product_brand":[],"product_cat":[68],"product_tag":[60],"class_list":{"0":"post-18067","1":"product","2":"type-product","3":"status-publish","4":"has-post-thumbnail","6":"product_cat-cpu-fans-heatsinks","7":"product_tag-hp","9":"first","10":"instock","11":"taxable","12":"shipping-taxable","13":"purchasable","14":"product-type-simple"},"_links":{"self":[{"href":"https:\/\/boreait.com\/hr\/wp-json\/wp\/v2\/product\/18067","targetHints":{"allow":["GET"]}}],"collection":[{"href":"https:\/\/boreait.com\/hr\/wp-json\/wp\/v2\/product"}],"about":[{"href":"https:\/\/boreait.com\/hr\/wp-json\/wp\/v2\/types\/product"}],"wp:featuredmedia":[{"embeddable":true,"href":"https:\/\/boreait.com\/hr\/wp-json\/wp\/v2\/media\/18106"}],"wp:attachment":[{"href":"https:\/\/boreait.com\/hr\/wp-json\/wp\/v2\/media?parent=18067"}],"wp:term":[{"taxonomy":"product_brand","embeddable":true,"href":"https:\/\/boreait.com\/hr\/wp-json\/wp\/v2\/product_brand?post=18067"},{"taxonomy":"product_cat","embeddable":true,"href":"https:\/\/boreait.com\/hr\/wp-json\/wp\/v2\/product_cat?post=18067"},{"taxonomy":"product_tag","embeddable":true,"href":"https:\/\/boreait.com\/hr\/wp-json\/wp\/v2\/product_tag?post=18067"}],"curies":[{"name":"wp","href":"https:\/\/api.w.org\/{rel}","templated":true}]}}