{"id":18066,"date":"2025-07-25T10:43:57","date_gmt":"2025-07-25T10:43:57","guid":{"rendered":"https:\/\/boreait.com\/hr\/?post_type=product&#038;p=18066"},"modified":"2025-07-25T10:44:14","modified_gmt":"2025-07-25T10:44:14","slug":"hladnjak-procesora-dsc-n17pq317-za-hp-zbook-17-g4-922844-001-at1rw0030a0","status":"publish","type":"product","link":"https:\/\/boreait.com\/hr\/product\/hladnjak-procesora-dsc-n17pq317-za-hp-zbook-17-g4-922844-001-at1rw0030a0\/","title":{"rendered":"Hladnjak procesora DSC N17PQ317 za HP Zbook 17 G4 922844-001 AT1RW0030A0"},"content":{"rendered":"<p>CPU rashladni hladnjak DSC N17PQ317 je komponenta dizajnirana za kori\u0161tenje u prijenosnom ra\u010dunalu HP Zbook 17 G4. Njegova primarna funkcija je raspr\u0161ivanje topline koju stvara sredi\u0161nja procesorska jedinica prijenosnog ra\u010dunala (CPU), koja mo\u017ee postati vrlo vru\u0107a tijekom duljih razdoblja kori\u0161tenja. Hladnjak je dizajniran za prijenos topline dalje od CPU-a i distribuciju kroz peraje hladnjaka, gdje se mo\u017ee raspr\u0161iti protokom zraka koji stvara ventilator za hla\u0111enje prijenosnog ra\u010dunala. Ovaj posebni hladnjak proizvodi DSC i ima broj dijela AT1RW0030A0, s HP-ovim brojem dijela 922844-001. To je visokokvalitetna komponenta dizajnirana za u\u010dinkovito hla\u0111enje CPU-a prijenosnog ra\u010dunala HP Zbook 17 G4.<\/p>\n","protected":false},"excerpt":{"rendered":"<p>Rashladni hladnjak CPU-a DSC N17PQ317 zamjenski je dio dizajniran za prijenosno ra\u010dunalo HP Zbook 17 G4. Poma\u017ee raspr\u0161iti toplinu iz CPU-a kako bi se sprije\u010dilo pregrijavanje i odr\u017eala optimalna izvedba. Broj dijela za ovaj rashladni hladnjak je 922844-001, a broj dijela proizvo\u0111a\u010da je AT1RW0030A0.<\/p>\n","protected":false},"featured_media":18104,"template":"","meta":[],"product_brand":[],"product_cat":[68],"product_tag":[60],"class_list":{"0":"post-18066","1":"product","2":"type-product","3":"status-publish","4":"has-post-thumbnail","6":"product_cat-cpu-fans-heatsinks","7":"product_tag-hp","9":"first","10":"instock","11":"taxable","12":"shipping-taxable","13":"purchasable","14":"product-type-simple"},"_links":{"self":[{"href":"https:\/\/boreait.com\/hr\/wp-json\/wp\/v2\/product\/18066","targetHints":{"allow":["GET"]}}],"collection":[{"href":"https:\/\/boreait.com\/hr\/wp-json\/wp\/v2\/product"}],"about":[{"href":"https:\/\/boreait.com\/hr\/wp-json\/wp\/v2\/types\/product"}],"wp:featuredmedia":[{"embeddable":true,"href":"https:\/\/boreait.com\/hr\/wp-json\/wp\/v2\/media\/18104"}],"wp:attachment":[{"href":"https:\/\/boreait.com\/hr\/wp-json\/wp\/v2\/media?parent=18066"}],"wp:term":[{"taxonomy":"product_brand","embeddable":true,"href":"https:\/\/boreait.com\/hr\/wp-json\/wp\/v2\/product_brand?post=18066"},{"taxonomy":"product_cat","embeddable":true,"href":"https:\/\/boreait.com\/hr\/wp-json\/wp\/v2\/product_cat?post=18066"},{"taxonomy":"product_tag","embeddable":true,"href":"https:\/\/boreait.com\/hr\/wp-json\/wp\/v2\/product_tag?post=18066"}],"curies":[{"name":"wp","href":"https:\/\/api.w.org\/{rel}","templated":true}]}}