{"id":18065,"date":"2025-07-25T10:43:57","date_gmt":"2025-07-25T10:43:57","guid":{"rendered":"https:\/\/boreait.com\/hr\/?post_type=product&#038;p=18065"},"modified":"2026-01-14T07:03:28","modified_gmt":"2026-01-14T07:03:28","slug":"samsung-1gb-2rx16-pc2-6400s-666-12-a3-ram-memorija-prijenosnog-racunala__trashed","status":"publish","type":"product","link":"https:\/\/boreait.com\/hr\/product\/samsung-1gb-2rx16-pc2-6400s-666-12-a3-ram-memorija-prijenosnog-racunala__trashed\/","title":{"rendered":"Samsung 1gb 2rx16 Pc2-6400s-666-12-a3 RAM memorija prijenosnog ra\u010dunala"},"content":{"rendered":"<p>Samsung 1GB 2Rx16 PC2-6400S-666-12-A3 je DDR2 SODIMM RAM modul dizajniran za kori\u0161tenje u prijenosnim ra\u010dunalima. Ima kapacitet od 1GB i radi na frekvenciji od 800MHz s latencijom od CL6. Konfiguracija 2Rx16 zna\u010di da ima 16 memorijskih \u010dipova raspore\u0111enih u dva reda sa svake strane modula. Radi na naponu od 1,8 V i kompatibilan je sa sustavima koji podr\u017eavaju DDR2 memoriju. Ovaj modul idealan je za nadogradnju ili zamjenu postoje\u0107e memorije u va\u0161em prijenosnom ra\u010dunalu kako biste pobolj\u0161ali njegovu ukupnu izvedbu.<\/p>\n","protected":false},"excerpt":{"rendered":"<p>Samsung 1GB 2RX16 PC2-6400S-666-12-A3 je memorijski modul za prijenosno ra\u010dunalo koji radi na radnom taktu od 800MHz (PC2-6400) i temelji se na DDR2 tehnologiji. RAM ima 200-pinski SODIMM oblik koji ga \u010dini kompatibilnim s prijenosnim ra\u010dunalima i drugim mobilnim ure\u0111ajima. Modul ima CAS latenciju od 6 i nazivni napon od 1,8 V. Dizajniran je za pru\u017eanje brzih i pouzdanih performansi, \u0161to ga \u010dini prikladnim izborom za nadogradnju starijih prijenosnih ra\u010dunala koja zahtijevaju DDR2 memoriju.<\/p>\n","protected":false},"featured_media":18103,"template":"","meta":[],"product_brand":[],"product_cat":[76,71],"product_tag":[],"class_list":{"0":"post-18065","1":"product","2":"type-product","3":"status-publish","4":"has-post-thumbnail","6":"product_cat-ddr2","7":"product_cat-ram-memory","9":"first","10":"instock","11":"taxable","12":"shipping-taxable","13":"purchasable","14":"product-type-simple"},"_links":{"self":[{"href":"https:\/\/boreait.com\/hr\/wp-json\/wp\/v2\/product\/18065","targetHints":{"allow":["GET"]}}],"collection":[{"href":"https:\/\/boreait.com\/hr\/wp-json\/wp\/v2\/product"}],"about":[{"href":"https:\/\/boreait.com\/hr\/wp-json\/wp\/v2\/types\/product"}],"wp:featuredmedia":[{"embeddable":true,"href":"https:\/\/boreait.com\/hr\/wp-json\/wp\/v2\/media\/18103"}],"wp:attachment":[{"href":"https:\/\/boreait.com\/hr\/wp-json\/wp\/v2\/media?parent=18065"}],"wp:term":[{"taxonomy":"product_brand","embeddable":true,"href":"https:\/\/boreait.com\/hr\/wp-json\/wp\/v2\/product_brand?post=18065"},{"taxonomy":"product_cat","embeddable":true,"href":"https:\/\/boreait.com\/hr\/wp-json\/wp\/v2\/product_cat?post=18065"},{"taxonomy":"product_tag","embeddable":true,"href":"https:\/\/boreait.com\/hr\/wp-json\/wp\/v2\/product_tag?post=18065"}],"curies":[{"name":"wp","href":"https:\/\/api.w.org\/{rel}","templated":true}]}}